{"id":143687,"date":"2025-04-10T02:29:40","date_gmt":"2025-04-10T02:29:40","guid":{"rendered":"https:\/\/www.otiumhome.fi\/?p=143687"},"modified":"2025-06-06T15:42:30","modified_gmt":"2025-06-06T15:42:30","slug":"tyopoyta-laatikolla-harmaa-sonoma-115x50x75-cm-tekninen-puu","status":"publish","type":"product","link":"https:\/\/www.otiumhome.fi\/index.php\/tuote\/tyopoyta-laatikolla-harmaa-sonoma-115x50x75-cm-tekninen-puu\/","title":{"rendered":"Ty\u00f6p\u00f6yt\u00e4 laatikolla harmaa Sonoma 115x50x75 cm tekninen puu"},"content":{"rendered":"<p>Tuo eleganttia tunnelmaa ty\u00f6- tai opiskelupisteeseesi sulavalinjaisella ja modernilla p\u00f6yd\u00e4ll\u00e4!<\/p>\n<\/p>\n<ul>\n<li>Kest\u00e4v\u00e4 materiaali: Tekninen puu on poikkeuksellisen laadukasta ja sile\u00e4pintaista. Se on luja, vakaa ja kosteudelle vastustuskykyinen.<\/li>\n<li>Runsaasti s\u00e4ilytystilaa: Toimistop\u00f6yt\u00e4 sis\u00e4lt\u00e4\u00e4 yhden laatikon ja lokeron, joten se on ihanteellinen kirjojen, lehtien, kansioiden ja muiden tarpeellisten tavaroiden s\u00e4ilytt\u00e4miseen.<\/li>\n<li>K\u00e4yt\u00e4nn\u00f6llinen ovi: Pid\u00e4 tavarasi p\u00f6lytt\u00f6min\u00e4 piilottamalla pikkutavarasi t\u00e4m\u00e4n tietokonep\u00f6yd\u00e4n oven taakse.<\/li>\n<li>Esittelymahdollisuus: Voit asettaa tukevalle opiskelup\u00f6yd\u00e4lle my\u00f6s suosikkikuvasi, koristeesi tai kukkasi luomaan kauneutta ymp\u00e4rist\u00f6\u00f6si.<\/li>\n<\/ul>\n<p>Varoitus:<\/p>\n<ul>\n<li>Kaatumisen est\u00e4miseksi on t\u00e4t\u00e4 tuotetta k\u00e4ytett\u00e4v\u00e4 mukana toimitettavan sein\u00e4kiinnityslaitteen kanssa.<\/li>\n<\/ul>\n<p>Hyv\u00e4 tiet\u00e4\u00e4:<\/p>\n<ul>\n<li>Jotta kokoaminen olisi mahdollisimman helppoa, jokainen tuote toimitetaan ohjekirjan kanssa.<\/li>\n<\/ul>\n<ul>\n<li>V\u00e4ri: harmaa Sonoma<\/li>\n<li>Materiaali: tekninen puu<\/li>\n<li>Mitat: 115 x 50 x 75 cm (L x S x K)<\/li>\n<li>Legal Documents:\n<p><span>Lis\u00e4tietoja huonekalujesi kaatumisen est\u00e4misest\u00e4 voit l\u00f6yt\u00e4\u00e4 <span style=\"text-decoration: underline\"><strong><a title=\"https:\/\/bit.ly\/3bVwkQp\" href=\"https:\/\/bit.ly\/3bVwkQp\" target=\"_blank\">t\u00e4\u00e4lt\u00e4<\/a><\/strong><\/span><\/span><\/p>\n<\/li>\n<\/ul>\n","protected":false},"excerpt":{"rendered":"<ul>\n<li>V\u00e4ri: harmaa Sonoma<\/li>\n<li>Materiaali: tekninen puu<\/li>\n<li>Mitat: 115 x 50 x 75 cm (L x S x K)<\/li>\n<li>Legal Documents:\n<p><span>Lis\u00e4tietoja huonekalujesi kaatumisen est\u00e4misest\u00e4 voit l\u00f6yt\u00e4\u00e4 <span style=\"text-decoration: underline\"><strong><a title=\"https:\/\/bit.ly\/3bVwkQp\" href=\"https:\/\/bit.ly\/3bVwkQp\" target=\"_blank\">t\u00e4\u00e4lt\u00e4<\/a><\/strong><\/span><\/span><\/p>\n<\/li>\n<\/ul>\n","protected":false},"featured_media":100000143687,"comment_status":"closed","ping_status":"closed","template":"","meta":[],"product_brand":[],"product_cat":[84,8551],"product_tag":[],"class_list":{"0":"post-143687","1":"product","2":"type-product","3":"status-publish","4":"has-post-thumbnail","6":"product_cat-huonekalut","7":"product_cat-kirjoituspoydat","9":"first","10":"instock","11":"taxable","12":"shipping-taxable","13":"purchasable","14":"product-type-simple"},"_links":{"self":[{"href":"https:\/\/www.otiumhome.fi\/index.php\/wp-json\/wp\/v2\/product\/143687","targetHints":{"allow":["GET"]}}],"collection":[{"href":"https:\/\/www.otiumhome.fi\/index.php\/wp-json\/wp\/v2\/product"}],"about":[{"href":"https:\/\/www.otiumhome.fi\/index.php\/wp-json\/wp\/v2\/types\/product"}],"replies":[{"embeddable":true,"href":"https:\/\/www.otiumhome.fi\/index.php\/wp-json\/wp\/v2\/comments?post=143687"}],"wp:featuredmedia":[{"embeddable":true,"href":"https:\/\/www.otiumhome.fi\/index.php\/wp-json\/"}],"wp:attachment":[{"href":"https:\/\/www.otiumhome.fi\/index.php\/wp-json\/wp\/v2\/media?parent=143687"}],"wp:term":[{"taxonomy":"product_brand","embeddable":true,"href":"https:\/\/www.otiumhome.fi\/index.php\/wp-json\/wp\/v2\/product_brand?post=143687"},{"taxonomy":"product_cat","embeddable":true,"href":"https:\/\/www.otiumhome.fi\/index.php\/wp-json\/wp\/v2\/product_cat?post=143687"},{"taxonomy":"product_tag","embeddable":true,"href":"https:\/\/www.otiumhome.fi\/index.php\/wp-json\/wp\/v2\/product_tag?post=143687"}],"curies":[{"name":"wp","href":"https:\/\/api.w.org\/{rel}","templated":true}]}}