{"id":143523,"date":"2025-04-05T04:19:31","date_gmt":"2025-04-05T04:19:31","guid":{"rendered":"https:\/\/www.otiumhome.fi\/?p=143523"},"modified":"2025-09-30T00:45:45","modified_gmt":"2025-09-30T00:45:45","slug":"apteekkarikaappi-valkoinen-30x41x1745-cm-tekopuu","status":"publish","type":"product","link":"https:\/\/www.otiumhome.fi\/index.php\/tuote\/apteekkarikaappi-valkoinen-30x41x1745-cm-tekopuu\/","title":{"rendered":"Apteekkarikaappi valkoinen 30x41x174,5 cm tekopuu"},"content":{"rendered":"<p>T\u00e4m\u00e4 klassinen apteekkikaappi on tarkoitettu koristeelliseksi ja k\u00e4yt\u00e4nn\u00f6lliseksi lis\u00e4ksi kotiisi ja toimistoosi.<\/p>\n<\/p>\n<ul>\n<li>Vakaa ja kest\u00e4v\u00e4 materiaali: Puu on kest\u00e4v\u00e4 ja vakaa materiaali, jonka sile\u00e4 pinta on kosteutta, v\u00e4\u00e4ntymist\u00e4 ja halkeilua kest\u00e4v\u00e4, joten se on luotettava valinta monenlaisiin projekteihin.<\/li>\n<li>Runsaasti s\u00e4ilytystilaa: Apteekkikaappi tarjoaa runsaasti s\u00e4ilytystilaa p\u00e4ivitt\u00e4isten v\u00e4ltt\u00e4m\u00e4tt\u00f6myyksien j\u00e4rjest\u00e4miseen ja suojaamaan tavaroitasi p\u00f6lylt\u00e4 ja lialta.<\/li>\n<li>Helppok\u00e4ytt\u00f6inen: Apteekkikaapissa on laadukkaat metallikiskot ja tyylikk\u00e4\u00e4t kahvat, joten sit\u00e4 voidaan siirt\u00e4\u00e4 sujuvasti, jotta s\u00e4ilytettyihin tavaroihin p\u00e4\u00e4see helposti k\u00e4siksi.<\/li>\n<li>Laaja k\u00e4ytt\u00f6alue: T\u00e4t\u00e4 apteekkikaappia voidaan k\u00e4ytt\u00e4\u00e4 apteekkikaappina, s\u00e4ilytyskaappina tai laatikostokaappina keitti\u00f6ss\u00e4, olohuoneessa tai toimistossa tarpeidesi mukaan.<\/li>\n<\/ul>\n<p>Varoitus:<\/p>\n<ul>\n<li>Jotta tuote ei kaatuisi, se on k\u00e4ytett\u00e4v\u00e4 mukana toimitetun sein\u00e4kiinnikkeen kanssa.<\/li>\n<\/ul>\n<p>Hyv\u00e4 tiet\u00e4\u00e4:<\/p>\n<ul>\n<li>Sein\u00e4n sis\u00e4puolelle tarkoitetut ruuvit ja tulpat eiv\u00e4t sis\u00e4lly toimitukseen. Etsi ja k\u00e4yt\u00e4 seiniin sopivia ruuveja ja tulppia. Jos olet ep\u00e4varma, kysy ammattilaisen neuvoa. Lue ja noudata ohjeita huolellisesti.<\/li>\n<\/ul>\n<ul>\n<li>V\u00e4ri: Valkoinen<\/li>\n<li>Materiaali: Puu<\/li>\n<li>Kokonaismitat: 30 x 41 x 174,5 cm (L x S x K)<\/li>\n<li>Laatikon mitat: 21,5 x 33,5 x 9 cm (L x S x K)<\/li>\n<li>Laatikoiden lukum\u00e4\u00e4r\u00e4: 4<\/li>\n<li>Yl\u00e4hyllyn kantavuus: 35 kg<\/li>\n<li>Laatikon kantavuus: 5 kg<\/li>\n<li>Kokonaiskantokyky: 60 kg<\/li>\n<li>Kokoaminen vaaditaan: Kyll\u00e4<\/li>\n<li>Legal Documents:\n<p><span>Lis\u00e4tietoja huonekalujesi kaatumisen est\u00e4misest\u00e4 voit l\u00f6yt\u00e4\u00e4 <span style=\"text-decoration: underline\"><strong><a title=\"https:\/\/bit.ly\/3bVwkQp\" href=\"https:\/\/bit.ly\/3bVwkQp\" target=\"_blank\">t\u00e4\u00e4lt\u00e4<\/a><\/strong><\/span><\/span><\/p>\n<\/li>\n<\/ul>\n","protected":false},"excerpt":{"rendered":"<ul>\n<li>V\u00e4ri: Valkoinen<\/li>\n<li>Materiaali: Puu<\/li>\n<li>Kokonaismitat: 30 x 41 x 174,5 cm (L x S x K)<\/li>\n<li>Laatikon mitat: 21,5 x 33,5 x 9 cm (L x S x K)<\/li>\n<li>Laatikoiden lukum\u00e4\u00e4r\u00e4: 4<\/li>\n<li>Yl\u00e4hyllyn kantavuus: 35 kg<\/li>\n<li>Laatikon kantavuus: 5 kg<\/li>\n<li>Kokonaiskantokyky: 60 kg<\/li>\n<li>Kokoaminen vaaditaan: Kyll\u00e4<\/li>\n<li>Legal Documents:\n<p><span>Lis\u00e4tietoja huonekalujesi kaatumisen est\u00e4misest\u00e4 voit l\u00f6yt\u00e4\u00e4 <span style=\"text-decoration: underline\"><strong><a title=\"https:\/\/bit.ly\/3bVwkQp\" href=\"https:\/\/bit.ly\/3bVwkQp\" target=\"_blank\">t\u00e4\u00e4lt\u00e4<\/a><\/strong><\/span><\/span><\/p>\n<\/li>\n<\/ul>\n","protected":false},"featured_media":100000143523,"comment_status":"closed","ping_status":"closed","template":"","meta":[],"product_brand":[],"product_cat":[84,8635],"product_tag":[],"class_list":{"0":"post-143523","1":"product","2":"type-product","3":"status-publish","4":"has-post-thumbnail","6":"product_cat-huonekalut","7":"product_cat-sailytys-lukkokaapit","9":"first","10":"instock","11":"taxable","12":"shipping-taxable","13":"purchasable","14":"product-type-simple"},"_links":{"self":[{"href":"https:\/\/www.otiumhome.fi\/index.php\/wp-json\/wp\/v2\/product\/143523","targetHints":{"allow":["GET"]}}],"collection":[{"href":"https:\/\/www.otiumhome.fi\/index.php\/wp-json\/wp\/v2\/product"}],"about":[{"href":"https:\/\/www.otiumhome.fi\/index.php\/wp-json\/wp\/v2\/types\/product"}],"replies":[{"embeddable":true,"href":"https:\/\/www.otiumhome.fi\/index.php\/wp-json\/wp\/v2\/comments?post=143523"}],"wp:featuredmedia":[{"embeddable":true,"href":"https:\/\/www.otiumhome.fi\/index.php\/wp-json\/"}],"wp:attachment":[{"href":"https:\/\/www.otiumhome.fi\/index.php\/wp-json\/wp\/v2\/media?parent=143523"}],"wp:term":[{"taxonomy":"product_brand","embeddable":true,"href":"https:\/\/www.otiumhome.fi\/index.php\/wp-json\/wp\/v2\/product_brand?post=143523"},{"taxonomy":"product_cat","embeddable":true,"href":"https:\/\/www.otiumhome.fi\/index.php\/wp-json\/wp\/v2\/product_cat?post=143523"},{"taxonomy":"product_tag","embeddable":true,"href":"https:\/\/www.otiumhome.fi\/index.php\/wp-json\/wp\/v2\/product_tag?post=143523"}],"curies":[{"name":"wp","href":"https:\/\/api.w.org\/{rel}","templated":true}]}}