{"id":143361,"date":"2025-04-05T01:23:20","date_gmt":"2025-04-05T01:23:20","guid":{"rendered":"https:\/\/www.otiumhome.fi\/?p=143361"},"modified":"2025-06-06T15:33:58","modified_gmt":"2025-06-06T15:33:58","slug":"kaappi-pyorilla-artesaani-tammi-72x33x425-cm-tekninen-puu","status":"publish","type":"product","link":"https:\/\/www.otiumhome.fi\/index.php\/tuote\/kaappi-pyorilla-artesaani-tammi-72x33x425-cm-tekninen-puu\/","title":{"rendered":"Kaappi py\u00f6rill\u00e4 artesaani tammi 72x33x42,5 cm tekninen puu"},"content":{"rendered":"<p>T\u00e4m\u00e4 py\u00f6rill\u00e4 varustettu kaappi on helppo siirt\u00e4\u00e4 ja se tarjoaa runsaasti tilaa juomille, aikakauslehdille ja koriste-esineille.<\/p>\n<ul>\n<li>Vakaa ja kest\u00e4v\u00e4 materiaali: Tekninen puu on kest\u00e4v\u00e4 ja vakaa materiaali, jonka sile\u00e4 pinta kest\u00e4\u00e4 kosteutta, v\u00e4\u00e4ntymist\u00e4 ja halkeilua, joten se on luotettava valinta erilaisiin projekteihin.<\/li>\n<li>Runsaasti s\u00e4ilytystilaa: Avoin kaappi tarjoaa runsaasti s\u00e4ilytystilaa kokoontaittuville laatikoille ja pit\u00e4\u00e4 olennaiset tavarat hyvin j\u00e4rjestyksess\u00e4 ja k\u00e4den ulottuvilla.<\/li>\n<li>Helppo siirt\u00e4\u00e4: T\u00e4m\u00e4 nelj\u00e4ll\u00e4 k\u00e4\u00e4ntyv\u00e4ll\u00e4 py\u00f6r\u00e4ll\u00e4 varustettu kaappi on helppo siirt\u00e4\u00e4 haluttuun paikkaan. Kaksi py\u00f6r\u00e4\u00e4 voidaan lukita, jotka pit\u00e4v\u00e4t kaapin paikallaan ja lis\u00e4\u00e4v\u00e4t vakautta.<\/li>\n<li>Helppo huoltaa: Sile\u00e4n pinnan ansiosta kaappi on helppo puhdistaa liinalla ja se tarvitsee vain v\u00e4h\u00e4ist\u00e4 hoitoa.<\/li>\n<li>Laaja k\u00e4ytt\u00f6: T\u00e4t\u00e4 ajatonta kaappia voidaan k\u00e4ytt\u00e4\u00e4 toimistossa, olohuoneessa, keitti\u00f6ss\u00e4 tai makuuhuoneessa tarpeidesi mukaan.<\/li>\n<\/ul>\n<ul>\n<li>V\u00e4ri: Artesaani tammi<\/li>\n<li>Materiaali: Tekninen puu<\/li>\n<li>Kokonaismitat: 72 x 33 x 42,5 cm (L x S x K)<\/li>\n<li>Sis\u00e4mitat: 69 x 33 x 33,5 cm (L x S x K)<\/li>\n<li>Kantavuus (per kerros): 10 kg<\/li>\n<li>Maksimikantavuus: 50 kg<\/li>\n<li>Py\u00f6rien lukum\u00e4\u00e4r\u00e4 (360\u00b0 k\u00e4\u00e4ntyv\u00e4t): 4 (kahdessa jarrut)<\/li>\n<li>Asennustarvikkeet sis\u00e4ltyv\u00e4t toimitukseen<\/li>\n<li>Asennus vaaditaan: Kyll\u00e4<\/li>\n<\/ul>\n","protected":false},"excerpt":{"rendered":"<ul>\n<li>V\u00e4ri: Artesaani tammi<\/li>\n<li>Materiaali: Tekninen puu<\/li>\n<li>Kokonaismitat: 72 x 33 x 42,5 cm (L x S x K)<\/li>\n<li>Sis\u00e4mitat: 69 x 33 x 33,5 cm (L x S x K)<\/li>\n<li>Kantavuus (per kerros): 10 kg<\/li>\n<li>Maksimikantavuus: 50 kg<\/li>\n<li>Py\u00f6rien lukum\u00e4\u00e4r\u00e4 (360\u00b0 k\u00e4\u00e4ntyv\u00e4t): 4 (kahdessa jarrut)<\/li>\n<li>Asennustarvikkeet sis\u00e4ltyv\u00e4t toimitukseen<\/li>\n<li>Asennus vaaditaan: Kyll\u00e4<\/li>\n<\/ul>\n","protected":false},"featured_media":100000143361,"comment_status":"closed","ping_status":"closed","template":"","meta":[],"product_brand":[],"product_cat":[8534,84,8533],"product_tag":[],"class_list":{"0":"post-143361","1":"product","2":"type-product","3":"status-publish","4":"has-post-thumbnail","6":"product_cat-apupoydat","7":"product_cat-huonekalut","8":"product_cat-sivupoydat","10":"first","11":"instock","12":"taxable","13":"shipping-taxable","14":"purchasable","15":"product-type-simple"},"_links":{"self":[{"href":"https:\/\/www.otiumhome.fi\/index.php\/wp-json\/wp\/v2\/product\/143361","targetHints":{"allow":["GET"]}}],"collection":[{"href":"https:\/\/www.otiumhome.fi\/index.php\/wp-json\/wp\/v2\/product"}],"about":[{"href":"https:\/\/www.otiumhome.fi\/index.php\/wp-json\/wp\/v2\/types\/product"}],"replies":[{"embeddable":true,"href":"https:\/\/www.otiumhome.fi\/index.php\/wp-json\/wp\/v2\/comments?post=143361"}],"wp:featuredmedia":[{"embeddable":true,"href":"https:\/\/www.otiumhome.fi\/index.php\/wp-json\/"}],"wp:attachment":[{"href":"https:\/\/www.otiumhome.fi\/index.php\/wp-json\/wp\/v2\/media?parent=143361"}],"wp:term":[{"taxonomy":"product_brand","embeddable":true,"href":"https:\/\/www.otiumhome.fi\/index.php\/wp-json\/wp\/v2\/product_brand?post=143361"},{"taxonomy":"product_cat","embeddable":true,"href":"https:\/\/www.otiumhome.fi\/index.php\/wp-json\/wp\/v2\/product_cat?post=143361"},{"taxonomy":"product_tag","embeddable":true,"href":"https:\/\/www.otiumhome.fi\/index.php\/wp-json\/wp\/v2\/product_tag?post=143361"}],"curies":[{"name":"wp","href":"https:\/\/api.w.org\/{rel}","templated":true}]}}