{"id":143360,"date":"2025-04-05T01:17:39","date_gmt":"2025-04-05T01:17:39","guid":{"rendered":"https:\/\/www.otiumhome.fi\/?p=143360"},"modified":"2025-06-06T15:33:30","modified_gmt":"2025-06-06T15:33:30","slug":"konsolipoyta-sonoma-tammi-75x345x75-cm-tekninen-puu","status":"publish","type":"product","link":"https:\/\/www.otiumhome.fi\/index.php\/tuote\/konsolipoyta-sonoma-tammi-75x345x75-cm-tekninen-puu\/","title":{"rendered":"Konsolip\u00f6yt\u00e4 Sonoma-tammi 75&#215;34,5&#215;75 cm tekninen puu"},"content":{"rendered":"<p>Lis\u00e4\u00e4 ripaus eleganssia eteiseesi, olohuoneeseesi tai k\u00e4yt\u00e4v\u00e4\u00e4si t\u00e4ll\u00e4 tyylikk\u00e4\u00e4ll\u00e4 konsolip\u00f6yd\u00e4ll\u00e4.  <\/p>\n<\/p>\n<ul>\n<li>Kest\u00e4v\u00e4 materiaali: Eteisen p\u00f6yt\u00e4 on p\u00e4\u00e4osin valmistettu teknisest\u00e4 puusta, joka on poikkeuksellisen laadukasta ja sile\u00e4pintaista. Se on my\u00f6s luja, vakaa ja kosteudelle vastustuskykyinen.<\/li>\n<li>Tukeva runko: Metallirunko takaa tukevuuden ja vakauden.<\/li>\n<li>Runsaasti s\u00e4ilytystilaa: Laatikoilla ja hyllyill\u00e4 varustettu sohvap\u00f6yt\u00e4 tarjoaa runsaasti s\u00e4ilytystilaa t\u00e4rkeiden p\u00e4ivitt\u00e4istavaroiden s\u00e4ilytt\u00e4miseen ja k\u00e4ttesi ulottuvilla pit\u00e4miseen.<\/li>\n<li>Tukeva p\u00f6yt\u00e4levy: Eteisp\u00f6yd\u00e4n tukeva p\u00f6yt\u00e4levy on t\u00e4ydellinen ruukkukasvien, valokuvakehysten ja muiden koriste-esineiden sijoittamiseen.<\/li>\n<\/ul>\n<p>Varoitus:<\/p>\n<ul>\n<li>Kaatumisen est\u00e4miseksi on t\u00e4t\u00e4 tuotetta k\u00e4ytett\u00e4v\u00e4 mukana toimitettavan sein\u00e4kiinnityslaitteen kanssa.<\/li>\n<\/ul>\n<ul>\n<li>V\u00e4ri: Sonoma-tammi<\/li>\n<li>Materiaali: Tekninen puu, metalli<\/li>\n<li>Mitat: 75 x 34,5 x 75 cm (P x L x K)<\/li>\n<li>Asennus vaaditaan: Kyll\u00e4<\/li>\n<li>Legal Documents:\n<p><span>Lis\u00e4tietoja huonekalujesi kaatumisen est\u00e4misest\u00e4 voit l\u00f6yt\u00e4\u00e4 <span style=\"text-decoration: underline\"><strong><a title=\"https:\/\/bit.ly\/3bVwkQp\" href=\"https:\/\/bit.ly\/3bVwkQp\" target=\"_blank\">t\u00e4\u00e4lt\u00e4<\/a><\/strong><\/span><\/span><\/p>\n<\/li>\n<\/ul>\n","protected":false},"excerpt":{"rendered":"<ul>\n<li>V\u00e4ri: Sonoma-tammi<\/li>\n<li>Materiaali: Tekninen puu, metalli<\/li>\n<li>Mitat: 75 x 34,5 x 75 cm (P x L x K)<\/li>\n<li>Asennus vaaditaan: Kyll\u00e4<\/li>\n<li>Legal Documents:\n<p><span>Lis\u00e4tietoja huonekalujesi kaatumisen est\u00e4misest\u00e4 voit l\u00f6yt\u00e4\u00e4 <span style=\"text-decoration: underline\"><strong><a title=\"https:\/\/bit.ly\/3bVwkQp\" href=\"https:\/\/bit.ly\/3bVwkQp\" target=\"_blank\">t\u00e4\u00e4lt\u00e4<\/a><\/strong><\/span><\/span><\/p>\n<\/li>\n<\/ul>\n","protected":false},"featured_media":100000143360,"comment_status":"closed","ping_status":"closed","template":"","meta":[],"product_brand":[],"product_cat":[8534,84,8533],"product_tag":[],"class_list":{"0":"post-143360","1":"product","2":"type-product","3":"status-publish","4":"has-post-thumbnail","6":"product_cat-apupoydat","7":"product_cat-huonekalut","8":"product_cat-sivupoydat","10":"first","11":"instock","12":"taxable","13":"shipping-taxable","14":"purchasable","15":"product-type-simple"},"_links":{"self":[{"href":"https:\/\/www.otiumhome.fi\/index.php\/wp-json\/wp\/v2\/product\/143360","targetHints":{"allow":["GET"]}}],"collection":[{"href":"https:\/\/www.otiumhome.fi\/index.php\/wp-json\/wp\/v2\/product"}],"about":[{"href":"https:\/\/www.otiumhome.fi\/index.php\/wp-json\/wp\/v2\/types\/product"}],"replies":[{"embeddable":true,"href":"https:\/\/www.otiumhome.fi\/index.php\/wp-json\/wp\/v2\/comments?post=143360"}],"wp:featuredmedia":[{"embeddable":true,"href":"https:\/\/www.otiumhome.fi\/index.php\/wp-json\/"}],"wp:attachment":[{"href":"https:\/\/www.otiumhome.fi\/index.php\/wp-json\/wp\/v2\/media?parent=143360"}],"wp:term":[{"taxonomy":"product_brand","embeddable":true,"href":"https:\/\/www.otiumhome.fi\/index.php\/wp-json\/wp\/v2\/product_brand?post=143360"},{"taxonomy":"product_cat","embeddable":true,"href":"https:\/\/www.otiumhome.fi\/index.php\/wp-json\/wp\/v2\/product_cat?post=143360"},{"taxonomy":"product_tag","embeddable":true,"href":"https:\/\/www.otiumhome.fi\/index.php\/wp-json\/wp\/v2\/product_tag?post=143360"}],"curies":[{"name":"wp","href":"https:\/\/api.w.org\/{rel}","templated":true}]}}