{"id":143359,"date":"2025-04-05T01:17:32","date_gmt":"2025-04-05T01:17:32","guid":{"rendered":"https:\/\/www.otiumhome.fi\/?p=143359"},"modified":"2025-06-06T15:33:39","modified_gmt":"2025-06-06T15:33:39","slug":"sivupoyta-harmaa-40x37x405-cm-polyrottinki-ja-karkaistu-lasi","status":"publish","type":"product","link":"https:\/\/www.otiumhome.fi\/index.php\/tuote\/sivupoyta-harmaa-40x37x405-cm-polyrottinki-ja-karkaistu-lasi\/","title":{"rendered":"Sivup\u00f6yt\u00e4 harmaa 40x37x40,5 cm polyrottinki ja karkaistu lasi"},"content":{"rendered":"<p>Etsitk\u00f6 p\u00f6yt\u00e4\u00e4, jossa voit pit\u00e4\u00e4 t\u00e4rke\u00e4t tavarasi? T\u00e4m\u00e4 sivup\u00f6yt\u00e4 on t\u00e4ydellinen valinta, sill\u00e4 se on sek\u00e4 k\u00e4yt\u00e4nn\u00f6llinen ett\u00e4 kaunis!<\/p>\n<\/p>\n<ul>\n<li>Kest\u00e4v\u00e4 materiaali: PE-rottinki, joka tunnetaan my\u00f6s nimell\u00e4 polyrottinki, on s\u00e4\u00e4nkest\u00e4v\u00e4 ja helppo puhdistaa. Se pysyy pitk\u00e4\u00e4n kauniina ulkotiloissa. Se on muita materiaaleja ergonomisempi ja se tarjoaa erinomaisen laadun, mukavuuden ja esteettisen tyylin.<\/li>\n<li>Ter\u00e4sjalat: T\u00e4m\u00e4n sohvap\u00f6yd\u00e4n ter\u00e4sjalat takaavat tukevuuden ja vakauden.<\/li>\n<li>Laajat k\u00e4ytt\u00f6tarkoitukset: Voit yhdist\u00e4\u00e4 t\u00e4m\u00e4n erillisp\u00f6yd\u00e4n puutarhakalusteisiisi eri asetelmissa.<\/li>\n<\/ul>\n<p>Hyv\u00e4 tiet\u00e4\u00e4:<\/p>\n<ul>\n<li>Jotta kokoaminen olisi mahdollisimman helppoa, jokainen tuote toimitetaan ohjekirjan kanssa.<\/li>\n<\/ul>\n<p>Huomioi:<\/p>\n<ul>\n<li> Jotta ulkokalusteesi pysyisiv\u00e4t kauniina, suosittelemme peitt\u00e4m\u00e4\u00e4n ne vedenpit\u00e4v\u00e4ll\u00e4 suojalla.<\/li>\n<\/ul>\n<ul>\n<li>V\u00e4ri: Harmaa<\/li>\n<li>Materiaali: PE-rottinki, jauhemaalattu ter\u00e4s, karkaistu lasi<\/li>\n<li>Mitat: 40 x 37 x 40,5 cm (P x L x K)<\/li>\n<li>Lasin paksuus: 5 mm<\/li>\n<li>Sopii sek\u00e4 sis\u00e4- ett\u00e4 ulkok\u00e4ytt\u00f6\u00f6n<\/li>\n<\/ul>\n","protected":false},"excerpt":{"rendered":"<ul>\n<li>V\u00e4ri: Harmaa<\/li>\n<li>Materiaali: PE-rottinki, jauhemaalattu ter\u00e4s, karkaistu lasi<\/li>\n<li>Mitat: 40 x 37 x 40,5 cm (P x L x K)<\/li>\n<li>Lasin paksuus: 5 mm<\/li>\n<li>Sopii sek\u00e4 sis\u00e4- ett\u00e4 ulkok\u00e4ytt\u00f6\u00f6n<\/li>\n<\/ul>\n","protected":false},"featured_media":100000143359,"comment_status":"closed","ping_status":"closed","template":"","meta":[],"product_brand":[],"product_cat":[8534,84,8533],"product_tag":[],"class_list":{"0":"post-143359","1":"product","2":"type-product","3":"status-publish","4":"has-post-thumbnail","6":"product_cat-apupoydat","7":"product_cat-huonekalut","8":"product_cat-sivupoydat","10":"first","11":"instock","12":"taxable","13":"shipping-taxable","14":"purchasable","15":"product-type-simple"},"_links":{"self":[{"href":"https:\/\/www.otiumhome.fi\/index.php\/wp-json\/wp\/v2\/product\/143359","targetHints":{"allow":["GET"]}}],"collection":[{"href":"https:\/\/www.otiumhome.fi\/index.php\/wp-json\/wp\/v2\/product"}],"about":[{"href":"https:\/\/www.otiumhome.fi\/index.php\/wp-json\/wp\/v2\/types\/product"}],"replies":[{"embeddable":true,"href":"https:\/\/www.otiumhome.fi\/index.php\/wp-json\/wp\/v2\/comments?post=143359"}],"wp:featuredmedia":[{"embeddable":true,"href":"https:\/\/www.otiumhome.fi\/index.php\/wp-json\/"}],"wp:attachment":[{"href":"https:\/\/www.otiumhome.fi\/index.php\/wp-json\/wp\/v2\/media?parent=143359"}],"wp:term":[{"taxonomy":"product_brand","embeddable":true,"href":"https:\/\/www.otiumhome.fi\/index.php\/wp-json\/wp\/v2\/product_brand?post=143359"},{"taxonomy":"product_cat","embeddable":true,"href":"https:\/\/www.otiumhome.fi\/index.php\/wp-json\/wp\/v2\/product_cat?post=143359"},{"taxonomy":"product_tag","embeddable":true,"href":"https:\/\/www.otiumhome.fi\/index.php\/wp-json\/wp\/v2\/product_tag?post=143359"}],"curies":[{"name":"wp","href":"https:\/\/api.w.org\/{rel}","templated":true}]}}