{"id":143162,"date":"2025-03-31T01:17:07","date_gmt":"2025-03-31T01:17:07","guid":{"rendered":"https:\/\/www.otiumhome.fi\/?p=143162"},"modified":"2025-06-06T15:40:56","modified_gmt":"2025-06-06T15:40:56","slug":"kirjahylly-artesaani-tammi-36x30x171-cm-tekninen-puu","status":"publish","type":"product","link":"https:\/\/www.otiumhome.fi\/index.php\/tuote\/kirjahylly-artesaani-tammi-36x30x171-cm-tekninen-puu\/","title":{"rendered":"Kirjahylly artesaani tammi 36x30x171 cm tekninen puu"},"content":{"rendered":"<p>Moderni, tyylik\u00e4s ja minimalistinen suunnittelu tekee t\u00e4st\u00e4 kirjahyllyst\u00e4 sopivan useimpiin tiloihin. Se voidaan sis\u00e4llytt\u00e4\u00e4 t\u00e4ydellisesti kotisi nykyiseen sisustukseen ja lis\u00e4\u00e4m\u00e4\u00e4n hieman modernia tunnelmaa kotisi sisustukseen.<\/p>\n<\/p>\n<ul>\n<li>Kest\u00e4v\u00e4 materiaali: Tekninen puu on poikkeuksellisen laadukasta ja sile\u00e4pintaista. Se on luja, vakaa ja kosteudelle vastustuskykyinen.<\/li>\n<li>Runsaasti s\u00e4ilytystilaa: Nelj\u00e4n avoimen osaston ja kahden laatikon suunnittelulla varustettu kirjahylly tarjoaa runsaasti s\u00e4ilytystilaa lehdille, kirjoille, DVD-levyille, multimedialaitteille ja koriste-esineille niiden j\u00e4rjestyksess\u00e4 ja k\u00e4den ulottuvilla pit\u00e4miseen.<\/li>\n<li>Helposti puhdistettava pinta: Kirjahylly on helppo puhdistaa kostealla liinalla.<\/li>\n<\/ul>\n<p>Hyv\u00e4 tiet\u00e4\u00e4:<\/p>\n<ul>\n<li>Sein\u00e4\u00e4n kiinnitett\u00e4v\u00e4t ruuvit ja tulpat eiv\u00e4t sis\u00e4lly toimitukseen. Suosittelemme etsim\u00e4\u00e4n ja k\u00e4ytt\u00e4m\u00e4\u00e4n sein\u00e4\u00e4si sopivia ruuveja ja tulppia. Jos olet ep\u00e4varma, kysy ammattilaisen neuvoa. Lue ja noudata ohjeiden jokaista vaihetta.<\/li>\n<\/ul>\n<p>Varoitus:<\/p>\n<ul>\n<li>Kaatumisen est\u00e4miseksi t\u00e4t\u00e4 tuotetta on k\u00e4ytett\u00e4v\u00e4 mukana toimitetun sein\u00e4kiinnityslaitteen kanssa.<\/li>\n<\/ul>\n<ul>\n<li>V\u00e4ri: artisaanitammi<\/li>\n<li>Materiaali: Tekninen puu<\/li>\n<li>Mitat: 36 x 30 x 171 cm (L x S x K)<\/li>\n<li>Sis\u00e4lt\u00e4\u00e4 4 avointa osastoa ja 2 laatikkoa<\/li>\n<li>Asennus vaaditaan: Kyll\u00e4<\/li>\n<\/ul>\n","protected":false},"excerpt":{"rendered":"<ul>\n<li>V\u00e4ri: artisaanitammi<\/li>\n<li>Materiaali: Tekninen puu<\/li>\n<li>Mitat: 36 x 30 x 171 cm (L x S x K)<\/li>\n<li>Sis\u00e4lt\u00e4\u00e4 4 avointa osastoa ja 2 laatikkoa<\/li>\n<li>Asennus vaaditaan: Kyll\u00e4<\/li>\n<\/ul>\n","protected":false},"featured_media":100000143162,"comment_status":"closed","ping_status":"closed","template":"","meta":[],"product_brand":[],"product_cat":[84,8547],"product_tag":[],"class_list":{"0":"post-143162","1":"product","2":"type-product","3":"status-publish","4":"has-post-thumbnail","6":"product_cat-huonekalut","7":"product_cat-kirjahyllyt","9":"first","10":"instock","11":"taxable","12":"shipping-taxable","13":"purchasable","14":"product-type-simple"},"_links":{"self":[{"href":"https:\/\/www.otiumhome.fi\/index.php\/wp-json\/wp\/v2\/product\/143162","targetHints":{"allow":["GET"]}}],"collection":[{"href":"https:\/\/www.otiumhome.fi\/index.php\/wp-json\/wp\/v2\/product"}],"about":[{"href":"https:\/\/www.otiumhome.fi\/index.php\/wp-json\/wp\/v2\/types\/product"}],"replies":[{"embeddable":true,"href":"https:\/\/www.otiumhome.fi\/index.php\/wp-json\/wp\/v2\/comments?post=143162"}],"wp:featuredmedia":[{"embeddable":true,"href":"https:\/\/www.otiumhome.fi\/index.php\/wp-json\/"}],"wp:attachment":[{"href":"https:\/\/www.otiumhome.fi\/index.php\/wp-json\/wp\/v2\/media?parent=143162"}],"wp:term":[{"taxonomy":"product_brand","embeddable":true,"href":"https:\/\/www.otiumhome.fi\/index.php\/wp-json\/wp\/v2\/product_brand?post=143162"},{"taxonomy":"product_cat","embeddable":true,"href":"https:\/\/www.otiumhome.fi\/index.php\/wp-json\/wp\/v2\/product_cat?post=143162"},{"taxonomy":"product_tag","embeddable":true,"href":"https:\/\/www.otiumhome.fi\/index.php\/wp-json\/wp\/v2\/product_tag?post=143162"}],"curies":[{"name":"wp","href":"https:\/\/api.w.org\/{rel}","templated":true}]}}