{"id":142500,"date":"2025-03-26T13:19:27","date_gmt":"2025-03-26T13:19:27","guid":{"rendered":"https:\/\/www.otiumhome.fi\/?p=142500"},"modified":"2025-06-06T17:03:57","modified_gmt":"2025-06-06T17:03:57","slug":"sangynrunko-taysi-manty-200x200-cm","status":"publish","type":"product","link":"https:\/\/www.otiumhome.fi\/index.php\/tuote\/sangynrunko-taysi-manty-200x200-cm\/","title":{"rendered":"S\u00e4ngynrunko t\u00e4ysi m\u00e4nty 200&#215;200 cm"},"content":{"rendered":"<p>Mik\u00e4 olisi mukavampaa kuin nauttia hyvist\u00e4 y\u00f6unista kiireisen p\u00e4iv\u00e4n p\u00e4\u00e4tteeksi? T\u00e4m\u00e4 perinteinen puinen s\u00e4ngynrunko on t\u00e4ydellinen valinta vuoteeksesi, jossa haluat ensimm\u00e4iseksi rentoutua siin\u00e4 pitk\u00e4n p\u00e4iv\u00e4n j\u00e4lkeen.<\/p>\n<\/p>\n<ul>\n<li>Ensiluokkainen t\u00e4ysi puu: T\u00e4ysi m\u00e4nty on kaunis luonnollinen materiaali. M\u00e4nnyll\u00e4 on suorat puunsyyt, sen oksanpaikat antavat materiaalille sen ominaisen, rustiikkisen ilmeen.<\/li>\n<li>S\u00e4leet lis\u00e4tuen takaamiseksi: S\u00e4leet tarjoavat s\u00e4ngyllesi lis\u00e4tukea. Se pident\u00e4\u00e4 patjasi k\u00e4ytt\u00f6ik\u00e4\u00e4 ottamalla vastaan suurimman osan s\u00e4ngyn painosta ja rasituksesta.<\/li>\n<li>K\u00e4yt\u00e4nn\u00f6llinen p\u00e4\u00e4tylevy: P\u00e4\u00e4tylevy tarjoaa lis\u00e4tukea, mik\u00e4 lis\u00e4\u00e4 mukavuuden tasoa. Lis\u00e4ksi se voi pit\u00e4\u00e4 tyynyt paikoillaan paremman unen takaamiseksi.<\/li>\n<\/ul>\n<p>Hyv\u00e4 tiet\u00e4\u00e4: <\/p>\n<ul>\n<li>Patja ei sis\u00e4lly toimitukseen. Patja ei mukana. Voit etsi\u00e4 myym\u00e4l\u00e4st\u00e4mme sopivia patjoja.<\/li>\n<li>Jotkut s\u00e4ngynp\u00e4\u00e4dyn osat on pakattu s\u00e4ngynrungon laatikoihin tilarajoitusten vuoksi.<\/li>\n<li>T\u00e4m\u00e4 s\u00e4ngynrunko sopii patjalle, jonka mitat ovat 200 x 200 cm.<\/li>\n<\/ul>\n<ul>\n<li>Materiaali: t\u00e4ysi m\u00e4nty (k\u00e4sittelem\u00e4t\u00f6n)<\/li>\n<li>Kokonaismitat: 205,5 x 205,5 x 110 cm (P x L x K)<\/li>\n<li>Sopiva patjan koko: 200 x 200 cm (L x P) (patja ei mukana)<\/li>\n<li>Asennus vaaditaan: kyll\u00e4<\/li>\n<\/ul>\n","protected":false},"excerpt":{"rendered":"<ul>\n<li>Materiaali: t\u00e4ysi m\u00e4nty (k\u00e4sittelem\u00e4t\u00f6n)<\/li>\n<li>Kokonaismitat: 205,5 x 205,5 x 110 cm (P x L x K)<\/li>\n<li>Sopiva patjan koko: 200 x 200 cm (L x P) (patja ei mukana)<\/li>\n<li>Asennus vaaditaan: kyll\u00e4<\/li>\n<\/ul>\n","protected":false},"featured_media":100000142500,"comment_status":"closed","ping_status":"closed","template":"","meta":[],"product_brand":[],"product_cat":[84,8638],"product_tag":[],"class_list":{"0":"post-142500","1":"product","2":"type-product","3":"status-publish","4":"has-post-thumbnail","6":"product_cat-huonekalut","7":"product_cat-sangyt-sangynrungot","9":"first","10":"instock","11":"taxable","12":"shipping-taxable","13":"purchasable","14":"product-type-simple"},"_links":{"self":[{"href":"https:\/\/www.otiumhome.fi\/index.php\/wp-json\/wp\/v2\/product\/142500","targetHints":{"allow":["GET"]}}],"collection":[{"href":"https:\/\/www.otiumhome.fi\/index.php\/wp-json\/wp\/v2\/product"}],"about":[{"href":"https:\/\/www.otiumhome.fi\/index.php\/wp-json\/wp\/v2\/types\/product"}],"replies":[{"embeddable":true,"href":"https:\/\/www.otiumhome.fi\/index.php\/wp-json\/wp\/v2\/comments?post=142500"}],"wp:featuredmedia":[{"embeddable":true,"href":"https:\/\/www.otiumhome.fi\/index.php\/wp-json\/"}],"wp:attachment":[{"href":"https:\/\/www.otiumhome.fi\/index.php\/wp-json\/wp\/v2\/media?parent=142500"}],"wp:term":[{"taxonomy":"product_brand","embeddable":true,"href":"https:\/\/www.otiumhome.fi\/index.php\/wp-json\/wp\/v2\/product_brand?post=142500"},{"taxonomy":"product_cat","embeddable":true,"href":"https:\/\/www.otiumhome.fi\/index.php\/wp-json\/wp\/v2\/product_cat?post=142500"},{"taxonomy":"product_tag","embeddable":true,"href":"https:\/\/www.otiumhome.fi\/index.php\/wp-json\/wp\/v2\/product_tag?post=142500"}],"curies":[{"name":"wp","href":"https:\/\/api.w.org\/{rel}","templated":true}]}}