{"id":142270,"date":"2025-03-21T08:13:28","date_gmt":"2025-03-21T08:13:28","guid":{"rendered":"https:\/\/www.otiumhome.fi\/?p=142270"},"modified":"2025-06-06T17:26:48","modified_gmt":"2025-06-06T17:26:48","slug":"sangynrunko-laatikoilla-valkoinen-160x200-cm-taysi-manty","status":"publish","type":"product","link":"https:\/\/www.otiumhome.fi\/index.php\/tuote\/sangynrunko-laatikoilla-valkoinen-160x200-cm-taysi-manty\/","title":{"rendered":"S\u00e4ngynrunko laatikoilla valkoinen 160&#215;200 cm t\u00e4ysi m\u00e4nty"},"content":{"rendered":"<p>Saat paremmat rauhalliset y\u00f6unet t\u00e4m\u00e4n s\u00e4ngynrungon ansiosta! Se on tervetullut lis\u00e4 mihin tahansa makuuhuoneeseen.<\/p>\n<\/p>\n<ul>\n<li>Vakaa ja pitk\u00e4kestoinen runko: T\u00e4ysi m\u00e4nty tunnetaan lujuudestaan ja kest\u00e4vyydest\u00e4\u00e4n. Sen suorat puunsyyt ja erottuvat oksanpaikat lis\u00e4\u00e4v\u00e4t sen rustiikkista charmia.<\/li>\n<li>S\u00e4lepohja optimaaliseen tukeen: S\u00e4ngyn runko on varustettu s\u00e4lepohjalla, joka tukee patjaasi ja on hengitt\u00e4v\u00e4.<\/li>\n<li>Hy\u00f6dynn\u00e4 kaikki k\u00e4ytett\u00e4viss\u00e4 oleva tila: T\u00e4m\u00e4 s\u00e4ngynrunko sis\u00e4lt\u00e4\u00e4 kaksi vuodelaatikkoa s\u00e4ngyn alla, jotka tarjoavat s\u00e4ilytystilaa vuodevaatteille, eri vuodenaikoina k\u00e4ytett\u00e4ville vaatteille ja leluille.<\/li>\n<li>Vaivaton liikkuvuus: T\u00e4ss\u00e4 s\u00e4ngyn alla olevassa s\u00e4ilytyslaatikossa on nelj\u00e4 py\u00f6r\u00e4\u00e4, jotka tarjoavat sujuvan ja vaivattoman liukuvuuden sis\u00e4\u00e4n ja ulos s\u00e4ngyn alta.<\/li>\n<\/ul>\n<p>Hyv\u00e4 tiet\u00e4\u00e4:<\/p>\n<ul>\n<li>Patja ei sis\u00e4lly t\u00e4h\u00e4n s\u00e4nkyyn. Tarjoamme monipuolisen valikoiman patjoja, jotka l\u00f6yd\u00e4t tarkistamalla myym\u00e4l\u00e4mme valikoiman.<\/li>\n<\/ul>\n<ul>\n<li>V\u00e4ri: Valkoinen<\/li>\n<li>Materiaali: T\u00e4ysi m\u00e4nty<\/li>\n<li>Asennus vaaditaan: Kyll\u00e4<\/li>\n<li><strong>S\u00e4nky:<\/strong><\/li>\n<li>Mitat: 205,5 x 165,5 x 74 cm (P x L x K)<\/li>\n<li>Sopiva patjan koko: 160 x 200 cm (L x P) (patja ei sis\u00e4lly tilaukseen)<\/li>\n<li>Maksimikantavuus (patjan kanssa): 180 kg<\/li>\n<li>S\u00e4lepohjalla<\/li>\n<li><strong>Laatikko:<\/strong><\/li>\n<li>Ulkomitat: 95 x 55 x 17 cm (L x S x K)<\/li>\n<li>Sis\u00e4mitat: 86,5 x 52,5 x 10 cm (L x S x K)<\/li>\n<li>Maksimikantavuus (kukin): 20 kg<\/li>\n<li>Nelj\u00e4 py\u00f6r\u00e4\u00e4<\/li>\n<li><strong>Toimitus sis\u00e4lt\u00e4\u00e4:<\/strong><\/li>\n<li>1 x S\u00e4ngynrunko s\u00e4lepohjalla<\/li>\n<li>2 x vetolaatikko<\/li>\n<\/ul>\n","protected":false},"excerpt":{"rendered":"<ul>\n<li>V\u00e4ri: Valkoinen<\/li>\n<li>Materiaali: T\u00e4ysi m\u00e4nty<\/li>\n<li>Asennus vaaditaan: Kyll\u00e4<\/li>\n<li><strong>S\u00e4nky:<\/strong><\/li>\n<li>Mitat: 205,5 x 165,5 x 74 cm (P x L x K)<\/li>\n<li>Sopiva patjan koko: 160 x 200 cm (L x P) (patja ei sis\u00e4lly tilaukseen)<\/li>\n<li>Maksimikantavuus (patjan kanssa): 180 kg<\/li>\n<li>S\u00e4lepohjalla<\/li>\n<li><strong>Laatikko:<\/strong><\/li>\n<li>Ulkomitat: 95 x 55 x 17 cm (L x S x K)<\/li>\n<li>Sis\u00e4mitat: 86,5 x 52,5 x 10 cm (L x S x K)<\/li>\n<li>Maksimikantavuus (kukin): 20 kg<\/li>\n<li>Nelj\u00e4 py\u00f6r\u00e4\u00e4<\/li>\n<li><strong>Toimitus sis\u00e4lt\u00e4\u00e4:<\/strong><\/li>\n<li>1 x S\u00e4ngynrunko s\u00e4lepohjalla<\/li>\n<li>2 x vetolaatikko<\/li>\n<\/ul>\n","protected":false},"featured_media":100000142270,"comment_status":"closed","ping_status":"closed","template":"","meta":[],"product_brand":[],"product_cat":[84,8638],"product_tag":[],"class_list":{"0":"post-142270","1":"product","2":"type-product","3":"status-publish","4":"has-post-thumbnail","6":"product_cat-huonekalut","7":"product_cat-sangyt-sangynrungot","9":"first","10":"instock","11":"taxable","12":"shipping-taxable","13":"purchasable","14":"product-type-simple"},"_links":{"self":[{"href":"https:\/\/www.otiumhome.fi\/index.php\/wp-json\/wp\/v2\/product\/142270","targetHints":{"allow":["GET"]}}],"collection":[{"href":"https:\/\/www.otiumhome.fi\/index.php\/wp-json\/wp\/v2\/product"}],"about":[{"href":"https:\/\/www.otiumhome.fi\/index.php\/wp-json\/wp\/v2\/types\/product"}],"replies":[{"embeddable":true,"href":"https:\/\/www.otiumhome.fi\/index.php\/wp-json\/wp\/v2\/comments?post=142270"}],"wp:featuredmedia":[{"embeddable":true,"href":"https:\/\/www.otiumhome.fi\/index.php\/wp-json\/"}],"wp:attachment":[{"href":"https:\/\/www.otiumhome.fi\/index.php\/wp-json\/wp\/v2\/media?parent=142270"}],"wp:term":[{"taxonomy":"product_brand","embeddable":true,"href":"https:\/\/www.otiumhome.fi\/index.php\/wp-json\/wp\/v2\/product_brand?post=142270"},{"taxonomy":"product_cat","embeddable":true,"href":"https:\/\/www.otiumhome.fi\/index.php\/wp-json\/wp\/v2\/product_cat?post=142270"},{"taxonomy":"product_tag","embeddable":true,"href":"https:\/\/www.otiumhome.fi\/index.php\/wp-json\/wp\/v2\/product_tag?post=142270"}],"curies":[{"name":"wp","href":"https:\/\/api.w.org\/{rel}","templated":true}]}}