{"id":141926,"date":"2025-03-21T01:12:04","date_gmt":"2025-03-21T01:12:04","guid":{"rendered":"https:\/\/www.otiumhome.fi\/?p=141926"},"modified":"2025-06-06T16:04:36","modified_gmt":"2025-06-06T16:04:36","slug":"lehtiteline-40x32x131-cm-musta-a4","status":"publish","type":"product","link":"https:\/\/www.otiumhome.fi\/index.php\/tuote\/lehtiteline-40x32x131-cm-musta-a4\/","title":{"rendered":"Lehtiteline 40x32x131 cm musta A4"},"content":{"rendered":"<p>Lehtitelineemme on kauniisti muotoiltu esittelyteline lehdille, kuvastoille tai kirjoille.<\/p>\n<\/p>\n<p>Kolme suurta hylly\u00e4 tarjoavat riitt\u00e4v\u00e4sti tilaa asettaa esille A4-kokoisia esitteit\u00e4, kirjoja tai lehti\u00e4. Voit tulostaa tai liimata yrityksen logon ylimp\u00e4\u00e4n levyyn. Sit\u00e4 on helppo siirt\u00e4\u00e4 rullapy\u00f6rien ansiosta. Se sopii modernin muotoilunsa ansiosta melkein mihin tahansa sisustustyyliin. Voit asettaa esittelytelineen toimistoon odotustilaan, olohuoneeseen tai makuuhuoneeseen.<\/p>\n<\/p>\n<p>Helppo koota.<\/p>\n<ul>\n<li>V\u00e4ri: musta<\/li>\n<li>Materiaali: ter\u00e4srunko + MDF-levy<\/li>\n<li>Mitat: 40 x 32 x 131 cm (P x L x K)<\/li>\n<li>3 hylly\u00e4, joille voit asettaa vierekk\u00e4in esille A4-kokoisia lehti\u00e4 tai esitteit\u00e4<\/li>\n<li>4 rullapy\u00f6r\u00e4\u00e4, joista kahdessa on jarrut<\/li>\n<li>Yl\u00e4levy voidaan maalata<\/li>\n<li>Helppo siirt\u00e4\u00e4<\/li>\n<li>Helppo koota<\/li>\n<\/ul>\n","protected":false},"excerpt":{"rendered":"<ul>\n<li>V\u00e4ri: musta<\/li>\n<li>Materiaali: ter\u00e4srunko + MDF-levy<\/li>\n<li>Mitat: 40 x 32 x 131 cm (P x L x K)<\/li>\n<li>3 hylly\u00e4, joille voit asettaa vierekk\u00e4in esille A4-kokoisia lehti\u00e4 tai esitteit\u00e4<\/li>\n<li>4 rullapy\u00f6r\u00e4\u00e4, joista kahdessa on jarrut<\/li>\n<li>Yl\u00e4levy voidaan maalata<\/li>\n<li>Helppo siirt\u00e4\u00e4<\/li>\n<li>Helppo koota<\/li>\n<\/ul>\n","protected":false},"featured_media":100000141926,"comment_status":"closed","ping_status":"closed","template":"","meta":[],"product_brand":[],"product_cat":[84,8650],"product_tag":[],"class_list":{"0":"post-141926","1":"product","2":"type-product","3":"status-publish","4":"has-post-thumbnail","6":"product_cat-huonekalut","7":"product_cat-lehtitelineet","9":"first","10":"instock","11":"taxable","12":"shipping-taxable","13":"purchasable","14":"product-type-simple"},"_links":{"self":[{"href":"https:\/\/www.otiumhome.fi\/index.php\/wp-json\/wp\/v2\/product\/141926","targetHints":{"allow":["GET"]}}],"collection":[{"href":"https:\/\/www.otiumhome.fi\/index.php\/wp-json\/wp\/v2\/product"}],"about":[{"href":"https:\/\/www.otiumhome.fi\/index.php\/wp-json\/wp\/v2\/types\/product"}],"replies":[{"embeddable":true,"href":"https:\/\/www.otiumhome.fi\/index.php\/wp-json\/wp\/v2\/comments?post=141926"}],"wp:featuredmedia":[{"embeddable":true,"href":"https:\/\/www.otiumhome.fi\/index.php\/wp-json\/"}],"wp:attachment":[{"href":"https:\/\/www.otiumhome.fi\/index.php\/wp-json\/wp\/v2\/media?parent=141926"}],"wp:term":[{"taxonomy":"product_brand","embeddable":true,"href":"https:\/\/www.otiumhome.fi\/index.php\/wp-json\/wp\/v2\/product_brand?post=141926"},{"taxonomy":"product_cat","embeddable":true,"href":"https:\/\/www.otiumhome.fi\/index.php\/wp-json\/wp\/v2\/product_cat?post=141926"},{"taxonomy":"product_tag","embeddable":true,"href":"https:\/\/www.otiumhome.fi\/index.php\/wp-json\/wp\/v2\/product_tag?post=141926"}],"curies":[{"name":"wp","href":"https:\/\/api.w.org\/{rel}","templated":true}]}}