{"id":141884,"date":"2025-03-20T23:54:39","date_gmt":"2025-03-20T23:54:39","guid":{"rendered":"https:\/\/www.otiumhome.fi\/?p=141884"},"modified":"2025-06-06T15:36:37","modified_gmt":"2025-06-06T15:36:37","slug":"baaripoyta-60x55x110-cm-kierratetty-tayspuu","status":"publish","type":"product","link":"https:\/\/www.otiumhome.fi\/index.php\/tuote\/baaripoyta-60x55x110-cm-kierratetty-tayspuu\/","title":{"rendered":"Baarip\u00f6yt\u00e4 60x55x110 cm kierr\u00e4tetty t\u00e4yspuu"},"content":{"rendered":"<p>Siemaile lasillinen lempiviini\u00e4si tai nauti mukavasta ateriasta perheesi tai yst\u00e4viesi kanssa t\u00e4m\u00e4n baarip\u00f6yd\u00e4n \u00e4\u00e4rell\u00e4!<\/p>\n<\/p>\n<ul>\n<li>T\u00e4ysi kierr\u00e4tyspuu: Kierr\u00e4tetty t\u00e4yspuu koostuu uudelleen k\u00e4ytetyst\u00e4 puusta, kuten tiikki-, mango-, m\u00e4nty- ja py\u00f6kkipuusta. N\u00e4m\u00e4 materiaalit on ker\u00e4tty vanhoista rakennuksista, tehtaista, vajoista ja veneist\u00e4. Koska jokainen kappale on k\u00e4sintehty, v\u00e4rit vaihtelevat kappaleesta toiseen.<\/li>\n<li>Vakaa ja tukeva runko: Metallirunko varmistaa pubip\u00f6yd\u00e4n tukevuuden ja vakauden.<\/li>\n<li>Tukeva p\u00f6yt\u00e4levy: Baarip\u00f6yd\u00e4n tukeva puinen p\u00f6yt\u00e4levy on t\u00e4ydellinen juomien, ruoan ja koriste-esineiden sijoittamiseen.<\/li>\n<\/ul>\n<p>Hyv\u00e4 tiet\u00e4\u00e4:<\/p>\n<ul>\n<li>Jokainen kappale on ainutlaatuisen eroavilla v\u00e4reill\u00e4 ja puunsyill\u00e4. Toimitus on sattumanvarainen, t\u00e4m\u00e4 takaa tuotteesi erityisyyden ja ainutlaatuisuuden.<\/li>\n<\/ul>\n<p>Varoitus:<\/p>\n<ul>\n<li>Kaatumisen est\u00e4miseksi t\u00e4t\u00e4 tuotetta on k\u00e4ytett\u00e4v\u00e4 mukana toimitetun sein\u00e4kiinnityslaitteen kanssa.<\/li>\n<\/ul>\n<ul>\n<li>Materiaali: kierr\u00e4tetty t\u00e4yspuu eri v\u00e4rej\u00e4 sis\u00e4lt\u00e4v\u00e4ll\u00e4 viimeistelyll\u00e4, metalli<\/li>\n<li>Mitat: 60 x 55 x 110 cm (P x L x K)<\/li>\n<li>Asennus vaaditaan: Kyll\u00e4<\/li>\n<\/ul>\n","protected":false},"excerpt":{"rendered":"<ul>\n<li>Materiaali: kierr\u00e4tetty t\u00e4yspuu eri v\u00e4rej\u00e4 sis\u00e4lt\u00e4v\u00e4ll\u00e4 viimeistelyll\u00e4, metalli<\/li>\n<li>Mitat: 60 x 55 x 110 cm (P x L x K)<\/li>\n<li>Asennus vaaditaan: Kyll\u00e4<\/li>\n<\/ul>\n","protected":false},"featured_media":100000141884,"comment_status":"closed","ping_status":"closed","template":"","meta":[],"product_brand":[],"product_cat":[84,8543],"product_tag":[],"class_list":{"0":"post-141884","1":"product","2":"type-product","3":"status-publish","4":"has-post-thumbnail","6":"product_cat-huonekalut","7":"product_cat-keittion-ruokapoydat","9":"first","10":"outofstock","11":"taxable","12":"shipping-taxable","13":"purchasable","14":"product-type-simple"},"_links":{"self":[{"href":"https:\/\/www.otiumhome.fi\/index.php\/wp-json\/wp\/v2\/product\/141884","targetHints":{"allow":["GET"]}}],"collection":[{"href":"https:\/\/www.otiumhome.fi\/index.php\/wp-json\/wp\/v2\/product"}],"about":[{"href":"https:\/\/www.otiumhome.fi\/index.php\/wp-json\/wp\/v2\/types\/product"}],"replies":[{"embeddable":true,"href":"https:\/\/www.otiumhome.fi\/index.php\/wp-json\/wp\/v2\/comments?post=141884"}],"wp:featuredmedia":[{"embeddable":true,"href":"https:\/\/www.otiumhome.fi\/index.php\/wp-json\/"}],"wp:attachment":[{"href":"https:\/\/www.otiumhome.fi\/index.php\/wp-json\/wp\/v2\/media?parent=141884"}],"wp:term":[{"taxonomy":"product_brand","embeddable":true,"href":"https:\/\/www.otiumhome.fi\/index.php\/wp-json\/wp\/v2\/product_brand?post=141884"},{"taxonomy":"product_cat","embeddable":true,"href":"https:\/\/www.otiumhome.fi\/index.php\/wp-json\/wp\/v2\/product_cat?post=141884"},{"taxonomy":"product_tag","embeddable":true,"href":"https:\/\/www.otiumhome.fi\/index.php\/wp-json\/wp\/v2\/product_tag?post=141884"}],"curies":[{"name":"wp","href":"https:\/\/api.w.org\/{rel}","templated":true}]}}