{"id":141686,"date":"2025-03-16T23:55:36","date_gmt":"2025-03-16T23:55:36","guid":{"rendered":"https:\/\/www.otiumhome.fi\/?p=141686"},"modified":"2025-06-06T15:37:53","modified_gmt":"2025-06-06T15:37:53","slug":"6-kerroksinen-hylly-lapinakyva-30x30x160-cm-karkaistu-lasi","status":"publish","type":"product","link":"https:\/\/www.otiumhome.fi\/index.php\/tuote\/6-kerroksinen-hylly-lapinakyva-30x30x160-cm-karkaistu-lasi\/","title":{"rendered":"6-kerroksinen hylly l\u00e4pin\u00e4kyv\u00e4 30x30x160 cm karkaistu lasi"},"content":{"rendered":"<p>Lis\u00e4\u00e4 heti ripaus tyyli\u00e4 asuintilaasi nykyaikaisella ja k\u00e4yt\u00e4nn\u00f6llisell\u00e4 lasihyllyll\u00e4!<\/p>\n<\/p>\n<p>Esillepanohyllyss\u00e4 on kuusi kerrosta ja runsaasti s\u00e4ilytystilaa. Voit k\u00e4ytt\u00e4\u00e4 monitoimihylly\u00e4 olohuoneessa tai toimistossa ker\u00e4ilyesineiden, valokuvakehysten tai ruukkukasvien esille panemiseen tai kylpyhuoneessa tarvikkeiden j\u00e4rjestyksess\u00e4 pit\u00e4miseen. Hylly on valmistettu paksusta karkaistusta lasista ja ruostumattomasta ter\u00e4ksest\u00e4, joten se on eritt\u00e4in tukeva ja turvallinen. Lis\u00e4ksi sile\u00e4 pinta on helppo puhdistaa kostealla liinalla.<\/p>\n<ul>\n<li>V\u00e4ri: l\u00e4pin\u00e4kyv\u00e4<\/li>\n<li>Materiaali: karkaistu lasi, ruostumaton ter\u00e4s<\/li>\n<li>Mitat: 30 x 30 x 160 cm (P x L x K)<\/li>\n<li>Lasin paksuus: 5 mm<\/li>\n<li>6 hylly\u00e4<\/li>\n<li>Asennus vaaditaan: kyll\u00e4<\/li>\n<li><strong>VAROITUS:<\/strong> Kaatumisen est\u00e4miseksi t\u00e4t\u00e4 tuotetta on k\u00e4ytett\u00e4v\u00e4 mukana toimitetun sein\u00e4kiinnityslaitteen kanssa<\/li>\n<li>Legal Documents:\n<p><span>Lis\u00e4tietoja huonekalujesi kaatumisen est\u00e4misest\u00e4 voit l\u00f6yt\u00e4\u00e4 <span style=\"text-decoration: underline\"><strong><a title=\"https:\/\/bit.ly\/3bVwkQp\" href=\"https:\/\/bit.ly\/3bVwkQp\" target=\"_blank\">t\u00e4\u00e4lt\u00e4<\/a><\/strong><\/span><\/span><\/p>\n<\/li>\n<\/ul>\n","protected":false},"excerpt":{"rendered":"<ul>\n<li>V\u00e4ri: l\u00e4pin\u00e4kyv\u00e4<\/li>\n<li>Materiaali: karkaistu lasi, ruostumaton ter\u00e4s<\/li>\n<li>Mitat: 30 x 30 x 160 cm (P x L x K)<\/li>\n<li>Lasin paksuus: 5 mm<\/li>\n<li>6 hylly\u00e4<\/li>\n<li>Asennus vaaditaan: kyll\u00e4<\/li>\n<li><strong>VAROITUS:<\/strong> Kaatumisen est\u00e4miseksi t\u00e4t\u00e4 tuotetta on k\u00e4ytett\u00e4v\u00e4 mukana toimitetun sein\u00e4kiinnityslaitteen kanssa<\/li>\n<li>Legal Documents:\n<p><span>Lis\u00e4tietoja huonekalujesi kaatumisen est\u00e4misest\u00e4 voit l\u00f6yt\u00e4\u00e4 <span style=\"text-decoration: underline\"><strong><a title=\"https:\/\/bit.ly\/3bVwkQp\" href=\"https:\/\/bit.ly\/3bVwkQp\" target=\"_blank\">t\u00e4\u00e4lt\u00e4<\/a><\/strong><\/span><\/span><\/p>\n<\/li>\n<\/ul>\n","protected":false},"featured_media":100000141686,"comment_status":"closed","ping_status":"closed","template":"","meta":[],"product_brand":[],"product_cat":[84,8547],"product_tag":[],"class_list":{"0":"post-141686","1":"product","2":"type-product","3":"status-publish","4":"has-post-thumbnail","6":"product_cat-huonekalut","7":"product_cat-kirjahyllyt","9":"first","10":"instock","11":"taxable","12":"shipping-taxable","13":"purchasable","14":"product-type-simple"},"_links":{"self":[{"href":"https:\/\/www.otiumhome.fi\/index.php\/wp-json\/wp\/v2\/product\/141686","targetHints":{"allow":["GET"]}}],"collection":[{"href":"https:\/\/www.otiumhome.fi\/index.php\/wp-json\/wp\/v2\/product"}],"about":[{"href":"https:\/\/www.otiumhome.fi\/index.php\/wp-json\/wp\/v2\/types\/product"}],"replies":[{"embeddable":true,"href":"https:\/\/www.otiumhome.fi\/index.php\/wp-json\/wp\/v2\/comments?post=141686"}],"wp:featuredmedia":[{"embeddable":true,"href":"https:\/\/www.otiumhome.fi\/index.php\/wp-json\/"}],"wp:attachment":[{"href":"https:\/\/www.otiumhome.fi\/index.php\/wp-json\/wp\/v2\/media?parent=141686"}],"wp:term":[{"taxonomy":"product_brand","embeddable":true,"href":"https:\/\/www.otiumhome.fi\/index.php\/wp-json\/wp\/v2\/product_brand?post=141686"},{"taxonomy":"product_cat","embeddable":true,"href":"https:\/\/www.otiumhome.fi\/index.php\/wp-json\/wp\/v2\/product_cat?post=141686"},{"taxonomy":"product_tag","embeddable":true,"href":"https:\/\/www.otiumhome.fi\/index.php\/wp-json\/wp\/v2\/product_tag?post=141686"}],"curies":[{"name":"wp","href":"https:\/\/api.w.org\/{rel}","templated":true}]}}