{"id":141682,"date":"2025-03-16T23:50:33","date_gmt":"2025-03-16T23:50:33","guid":{"rendered":"https:\/\/www.otiumhome.fi\/?p=141682"},"modified":"2025-06-06T15:36:43","modified_gmt":"2025-06-06T15:36:43","slug":"ruokapoyta-160x80x76-cm-kierratetty-tayspuu","status":"publish","type":"product","link":"https:\/\/www.otiumhome.fi\/index.php\/tuote\/ruokapoyta-160x80x76-cm-kierratetty-tayspuu\/","title":{"rendered":"Ruokap\u00f6yt\u00e4 160x80x76 cm kierr\u00e4tetty t\u00e4yspuu"},"content":{"rendered":"<p>Teollistyylinen puinen ruokap\u00f6yt\u00e4 on t\u00e4ydellinen lis\u00e4 keitti\u00f6\u00f6n tai ruokailuhuoneeseen.<\/p>\n<\/p>\n<p>T\u00e4m\u00e4 ruokap\u00f6yt\u00e4 on valmistettu kierr\u00e4tetyst\u00e4 t\u00e4yspuusta, joka on ker\u00e4tty vanhojen purkamiseen p\u00e4\u00e4tyneiden talojen pylv\u00e4ist\u00e4, lattioista ja tukipalkeista. Se voi siten koostua monista eri puulajeista, kuten tiikist\u00e4, kovapuista, mangopuusta, jne. T\u00e4m\u00e4 tarkoittaa sit\u00e4, ett\u00e4 kierr\u00e4tyspuussa on erilaisten puulajien ominaisuuksia. Kierr\u00e4tetty puu on jo vanhentunutta, kulunutta ja kuivunutta, joten se ei kutistu eik\u00e4 taivu. Vahvat jauhemaalatut ter\u00e4sjalat lis\u00e4\u00e4v\u00e4t p\u00f6yd\u00e4n vakautta.<\/p>\n<\/p>\n<p>T\u00e4rke\u00e4 huomio: V\u00e4rit ja puunsyyt vaihtelevat kappaleittain, mik\u00e4 tekee jokaisesta huonekalusta ainutlaatuisen. Toimitus on sattumanvarainen.<\/p>\n<ul>\n<li>Materiaali: luonnollisesti viimeistelty kierr\u00e4tetty t\u00e4yspuu, ter\u00e4s mustalla jauhemaalilla<\/li>\n<li>Mitat: 160 x 80 x 76 cm (P x L x K)<\/li>\n<li>Asennus vaaditaan: kyll\u00e4<\/li>\n<\/ul>\n","protected":false},"excerpt":{"rendered":"<ul>\n<li>Materiaali: luonnollisesti viimeistelty kierr\u00e4tetty t\u00e4yspuu, ter\u00e4s mustalla jauhemaalilla<\/li>\n<li>Mitat: 160 x 80 x 76 cm (P x L x K)<\/li>\n<li>Asennus vaaditaan: kyll\u00e4<\/li>\n<\/ul>\n","protected":false},"featured_media":100000141682,"comment_status":"closed","ping_status":"closed","template":"","meta":[],"product_brand":[],"product_cat":[84,8543],"product_tag":[],"class_list":{"0":"post-141682","1":"product","2":"type-product","3":"status-publish","4":"has-post-thumbnail","6":"product_cat-huonekalut","7":"product_cat-keittion-ruokapoydat","9":"first","10":"outofstock","11":"taxable","12":"shipping-taxable","13":"purchasable","14":"product-type-simple"},"_links":{"self":[{"href":"https:\/\/www.otiumhome.fi\/index.php\/wp-json\/wp\/v2\/product\/141682","targetHints":{"allow":["GET"]}}],"collection":[{"href":"https:\/\/www.otiumhome.fi\/index.php\/wp-json\/wp\/v2\/product"}],"about":[{"href":"https:\/\/www.otiumhome.fi\/index.php\/wp-json\/wp\/v2\/types\/product"}],"replies":[{"embeddable":true,"href":"https:\/\/www.otiumhome.fi\/index.php\/wp-json\/wp\/v2\/comments?post=141682"}],"wp:featuredmedia":[{"embeddable":true,"href":"https:\/\/www.otiumhome.fi\/index.php\/wp-json\/"}],"wp:attachment":[{"href":"https:\/\/www.otiumhome.fi\/index.php\/wp-json\/wp\/v2\/media?parent=141682"}],"wp:term":[{"taxonomy":"product_brand","embeddable":true,"href":"https:\/\/www.otiumhome.fi\/index.php\/wp-json\/wp\/v2\/product_brand?post=141682"},{"taxonomy":"product_cat","embeddable":true,"href":"https:\/\/www.otiumhome.fi\/index.php\/wp-json\/wp\/v2\/product_cat?post=141682"},{"taxonomy":"product_tag","embeddable":true,"href":"https:\/\/www.otiumhome.fi\/index.php\/wp-json\/wp\/v2\/product_tag?post=141682"}],"curies":[{"name":"wp","href":"https:\/\/api.w.org\/{rel}","templated":true}]}}