{"id":141677,"date":"2025-03-16T23:50:28","date_gmt":"2025-03-16T23:50:28","guid":{"rendered":"https:\/\/www.otiumhome.fi\/?p=141677"},"modified":"2025-06-21T19:34:27","modified_gmt":"2025-06-21T19:34:27","slug":"ruokapoyta-taysi-kierratetty-puu-160x80x76-cm","status":"publish","type":"product","link":"https:\/\/www.otiumhome.fi\/index.php\/tuote\/ruokapoyta-taysi-kierratetty-puu-160x80x76-cm\/","title":{"rendered":"Ruokap\u00f6yt\u00e4 t\u00e4ysi kierr\u00e4tetty puu 160x80x76 cm"},"content":{"rendered":"<p>T\u00e4m\u00e4 antiikkityylinen, kierr\u00e4tyspuinen ruokap\u00f6yt\u00e4 on ainutlaatuinen lis\u00e4 huoneeseesi. Sen t\u00e4yspuinen rakenne tekee siit\u00e4 vakaan ja lujatekoisen.<\/p>\n<\/p>\n<p>T\u00e4ydest\u00e4 trooppisesta uusiok\u00e4ytetyst\u00e4 puusta valmistettu p\u00f6yt\u00e4 on tukeva, kest\u00e4v\u00e4 ja kaunis. Siin\u00e4 on eri puiden ominaisuuksia, kuten mangopuu, kovapuu, tiikki jne. T\u00e4m\u00e4n huonekalun jokainen osa on ainutlaatuinen ja hieman erilainen muista. Kulumisen j\u00e4ljet ja n\u00e4kyv\u00e4t puun syyt antavat jokaiselle tuotteelle oman historian ja ainutlaatuisen ulkon\u00e4\u00f6n. Jokainen askel suoritettu huolella, olkoon se kiillotus tai lakkaus. Puup\u00f6yt\u00e4 on helppo koota<\/p>\n<\/p>\n<p>T\u00e4rke\u00e4 huomio: V\u00e4rit vaihtelevat kappaleittain tehden jokaisesta p\u00f6yd\u00e4st\u00e4mme ainutlaatuisen. Toimitus on satunnainen, joten tuotteesi on ainutlaatuinen ja persoonallinen.<\/p>\n<ul>\n<li>Materiaali: kierr\u00e4tetty t\u00e4yspuu<\/li>\n<li>Mitat: 160 x 80 x 76 cm (P x L x K)<\/li>\n<li>Viimeistely: hiottu, maalattu ja lakattu<\/li>\n<li>KD-rakenteella<\/li>\n<li>Asennus vaaditaan: kyll\u00e4<\/li>\n<\/ul>\n","protected":false},"excerpt":{"rendered":"<ul>\n<li>Materiaali: kierr\u00e4tetty t\u00e4yspuu<\/li>\n<li>Mitat: 160 x 80 x 76 cm (P x L x K)<\/li>\n<li>Viimeistely: hiottu, maalattu ja lakattu<\/li>\n<li>KD-rakenteella<\/li>\n<li>Asennus vaaditaan: kyll\u00e4<\/li>\n<\/ul>\n","protected":false},"featured_media":100000141677,"comment_status":"closed","ping_status":"closed","template":"","meta":[],"product_brand":[],"product_cat":[84,8543],"product_tag":[],"class_list":{"0":"post-141677","1":"product","2":"type-product","3":"status-publish","4":"has-post-thumbnail","6":"product_cat-huonekalut","7":"product_cat-keittion-ruokapoydat","9":"first","10":"outofstock","11":"taxable","12":"shipping-taxable","13":"purchasable","14":"product-type-simple"},"_links":{"self":[{"href":"https:\/\/www.otiumhome.fi\/index.php\/wp-json\/wp\/v2\/product\/141677","targetHints":{"allow":["GET"]}}],"collection":[{"href":"https:\/\/www.otiumhome.fi\/index.php\/wp-json\/wp\/v2\/product"}],"about":[{"href":"https:\/\/www.otiumhome.fi\/index.php\/wp-json\/wp\/v2\/types\/product"}],"replies":[{"embeddable":true,"href":"https:\/\/www.otiumhome.fi\/index.php\/wp-json\/wp\/v2\/comments?post=141677"}],"wp:featuredmedia":[{"embeddable":true,"href":"https:\/\/www.otiumhome.fi\/index.php\/wp-json\/"}],"wp:attachment":[{"href":"https:\/\/www.otiumhome.fi\/index.php\/wp-json\/wp\/v2\/media?parent=141677"}],"wp:term":[{"taxonomy":"product_brand","embeddable":true,"href":"https:\/\/www.otiumhome.fi\/index.php\/wp-json\/wp\/v2\/product_brand?post=141677"},{"taxonomy":"product_cat","embeddable":true,"href":"https:\/\/www.otiumhome.fi\/index.php\/wp-json\/wp\/v2\/product_cat?post=141677"},{"taxonomy":"product_tag","embeddable":true,"href":"https:\/\/www.otiumhome.fi\/index.php\/wp-json\/wp\/v2\/product_tag?post=141677"}],"curies":[{"name":"wp","href":"https:\/\/api.w.org\/{rel}","templated":true}]}}