{"id":141674,"date":"2025-03-16T23:50:21","date_gmt":"2025-03-16T23:50:21","guid":{"rendered":"https:\/\/www.otiumhome.fi\/?p=141674"},"modified":"2025-06-06T15:36:53","modified_gmt":"2025-06-06T15:36:53","slug":"baaripoyta-kierratetty-puu-120x60x106-cm","status":"publish","type":"product","link":"https:\/\/www.otiumhome.fi\/index.php\/tuote\/baaripoyta-kierratetty-puu-120x60x106-cm\/","title":{"rendered":"Baarip\u00f6yt\u00e4 kierr\u00e4tetty puu 120x60x106 cm"},"content":{"rendered":"<p>T\u00e4m\u00e4 puusta valmistettu baarip\u00f6yt\u00e4 huokuu teollista tyyli\u00e4 ja siit\u00e4 tulee varmasti omalaatuinen lis\u00e4 keitti\u00f6\u00f6si, ruokailutilaasi tai baareihin, kahviloihin jne.<\/p>\n<\/p>\n<p>Baarip\u00f6yd\u00e4n vakaa ja kest\u00e4v\u00e4 p\u00f6yt\u00e4taso on valmistettu kierr\u00e4tetyst\u00e4 puusta. Kierr\u00e4tetty puu on per\u00e4isin purettujen vanhojen rakennusten pylv\u00e4ist\u00e4, lattioista ja tukipalkeista. Kierr\u00e4tetty puu voi koostua erilaisista puulajeista kuten m\u00e4nnyst\u00e4, tiikist\u00e4, py\u00f6kist\u00e4, tammesta sek\u00e4 setri-, mango- ja akaasiapuusta jne., joten se pit\u00e4\u00e4 sis\u00e4ll\u00e4\u00e4n kaikkien n\u00e4iden puiden ominaisuuksia. Kierr\u00e4tetty puu on vanhempaa, kulunutta ja kuivunutta, joten se ei kutistu tai taivu. Puun v\u00e4rien kontrastit antavat p\u00f6yd\u00e4lle ainutlaatuisen ilmeen ja kauniit pintakuviot tekev\u00e4t jokaisesta huonekalusta ainutlaatuisen ja hieman erilaisen kuin muut. Ter\u00e4sjalat tekev\u00e4t p\u00f6yd\u00e4st\u00e4 entist\u00e4 vakaamman ja tukevamman sek\u00e4 korostavat sen teollista tyyli\u00e4.<\/p>\n<\/p>\n<p>Tuote on helppo koota. T\u00e4rke\u00e4 huomio: v\u00e4rit ja pintakuviot saattavat vaihdella kappaleesta toiseen, mik\u00e4 tekee jokaisesta kappaleesta ainutlaatuisen ja hieman erilaisen kuin muut; toimitus on satunnainen.<\/p>\n<ul>\n<li>Materiaali: t\u00e4ysi kierr\u00e4tyspuu + jauhemaalattu ter\u00e4s<\/li>\n<li>Mitat: 120 x 60 x 106 cm (P x L x K)<\/li>\n<li>Hiottu, maalattu ja lakattu<\/li>\n<li>Helppo koota<\/li>\n<\/ul>\n","protected":false},"excerpt":{"rendered":"<ul>\n<li>Materiaali: t\u00e4ysi kierr\u00e4tyspuu + jauhemaalattu ter\u00e4s<\/li>\n<li>Mitat: 120 x 60 x 106 cm (P x L x K)<\/li>\n<li>Hiottu, maalattu ja lakattu<\/li>\n<li>Helppo koota<\/li>\n<\/ul>\n","protected":false},"featured_media":100000141674,"comment_status":"closed","ping_status":"closed","template":"","meta":[],"product_brand":[],"product_cat":[84,8543],"product_tag":[],"class_list":{"0":"post-141674","1":"product","2":"type-product","3":"status-publish","4":"has-post-thumbnail","6":"product_cat-huonekalut","7":"product_cat-keittion-ruokapoydat","9":"first","10":"outofstock","11":"taxable","12":"shipping-taxable","13":"purchasable","14":"product-type-simple"},"_links":{"self":[{"href":"https:\/\/www.otiumhome.fi\/index.php\/wp-json\/wp\/v2\/product\/141674","targetHints":{"allow":["GET"]}}],"collection":[{"href":"https:\/\/www.otiumhome.fi\/index.php\/wp-json\/wp\/v2\/product"}],"about":[{"href":"https:\/\/www.otiumhome.fi\/index.php\/wp-json\/wp\/v2\/types\/product"}],"replies":[{"embeddable":true,"href":"https:\/\/www.otiumhome.fi\/index.php\/wp-json\/wp\/v2\/comments?post=141674"}],"wp:featuredmedia":[{"embeddable":true,"href":"https:\/\/www.otiumhome.fi\/index.php\/wp-json\/"}],"wp:attachment":[{"href":"https:\/\/www.otiumhome.fi\/index.php\/wp-json\/wp\/v2\/media?parent=141674"}],"wp:term":[{"taxonomy":"product_brand","embeddable":true,"href":"https:\/\/www.otiumhome.fi\/index.php\/wp-json\/wp\/v2\/product_brand?post=141674"},{"taxonomy":"product_cat","embeddable":true,"href":"https:\/\/www.otiumhome.fi\/index.php\/wp-json\/wp\/v2\/product_cat?post=141674"},{"taxonomy":"product_tag","embeddable":true,"href":"https:\/\/www.otiumhome.fi\/index.php\/wp-json\/wp\/v2\/product_tag?post=141674"}],"curies":[{"name":"wp","href":"https:\/\/api.w.org\/{rel}","templated":true}]}}