{"id":141673,"date":"2025-03-16T22:46:50","date_gmt":"2025-03-16T22:46:50","guid":{"rendered":"https:\/\/www.otiumhome.fi\/?p=141673"},"modified":"2025-06-06T15:36:26","modified_gmt":"2025-06-06T15:36:26","slug":"kaantyvat-ruokatuolit-2-kpl-tummanharmaa-sametti","status":"publish","type":"product","link":"https:\/\/www.otiumhome.fi\/index.php\/tuote\/kaantyvat-ruokatuolit-2-kpl-tummanharmaa-sametti\/","title":{"rendered":"K\u00e4\u00e4ntyv\u00e4t ruokatuolit 2 kpl tummanharmaa sametti"},"content":{"rendered":"<p>N\u00e4m\u00e4 trendikk\u00e4\u00e4t k\u00e4\u00e4ntyv\u00e4t ruokatuolit edustavat modernia muotoilua, joka tekee niist\u00e4 asuintiloihisi t\u00e4ydelliset.<\/p>\n<\/p>\n<p>N\u00e4m\u00e4 k\u00e4\u00e4ntyv\u00e4t tuolit on verhoiltu pehme\u00e4ntuntuisella sametilla, joka luo ihanteellista istumamukavuutta. Mustaksi jauhemaalattu ter\u00e4srunko tuo mukanaan korkealaatuista tukevuutta. Kaasunostoj\u00e4rjestelm\u00e4n ansiosta n\u00e4iden ruokatuolien korkeutta voidaan s\u00e4\u00e4t\u00e4\u00e4, tehden niist\u00e4 t\u00e4ydellisen lis\u00e4n ruokailutiloihisi. Ne my\u00f6s k\u00e4\u00e4ntyv\u00e4t 360 astetta mahtavan joustavuuden vuoksi.<\/p>\n<ul>\n<li>V\u00e4ri: tummanharmaa<\/li>\n<li>Materiaali: Sametti (100 % polyesteri), ter\u00e4s<\/li>\n<li>Mitat: 46 x 44 x (62,5 &#8211; 77,5) cm (L x S x K)<\/li>\n<li>Istuimen leveys: 38,5 cm<\/li>\n<li>Selk\u00e4nojan korkeus: 30,5 cm<\/li>\n<li>Pohjan halkaisija: 38,5 cm<\/li>\n<li>360 asteen kierto<\/li>\n<li>Kaasujousimekanismi<\/li>\n<li>Korkeus s\u00e4\u00e4dett\u00e4viss\u00e4: kyll\u00e4<\/li>\n<li>Asennus vaaditaan: Kyll\u00e4<\/li>\n<li><strong>Toimitus sis\u00e4lt\u00e4\u00e4:<\/strong><\/li>\n<li>2 x K\u00e4\u00e4ntyv\u00e4 ruokatuoli<\/li>\n<\/ul>\n","protected":false},"excerpt":{"rendered":"<ul>\n<li>V\u00e4ri: tummanharmaa<\/li>\n<li>Materiaali: Sametti (100 % polyesteri), ter\u00e4s<\/li>\n<li>Mitat: 46 x 44 x (62,5 &#8211; 77,5) cm (L x S x K)<\/li>\n<li>Istuimen leveys: 38,5 cm<\/li>\n<li>Selk\u00e4nojan korkeus: 30,5 cm<\/li>\n<li>Pohjan halkaisija: 38,5 cm<\/li>\n<li>360 asteen kierto<\/li>\n<li>Kaasujousimekanismi<\/li>\n<li>Korkeus s\u00e4\u00e4dett\u00e4viss\u00e4: kyll\u00e4<\/li>\n<li>Asennus vaaditaan: Kyll\u00e4<\/li>\n<li><strong>Toimitus sis\u00e4lt\u00e4\u00e4:<\/strong><\/li>\n<li>2 x K\u00e4\u00e4ntyv\u00e4 ruokatuoli<\/li>\n<\/ul>\n","protected":false},"featured_media":100000141673,"comment_status":"closed","ping_status":"closed","template":"","meta":[],"product_brand":[],"product_cat":[84,8542],"product_tag":[],"class_list":{"0":"post-141673","1":"product","2":"type-product","3":"status-publish","4":"has-post-thumbnail","6":"product_cat-huonekalut","7":"product_cat-keittion-ruokapoydan-tuolit","9":"first","10":"instock","11":"taxable","12":"shipping-taxable","13":"purchasable","14":"product-type-simple"},"_links":{"self":[{"href":"https:\/\/www.otiumhome.fi\/index.php\/wp-json\/wp\/v2\/product\/141673","targetHints":{"allow":["GET"]}}],"collection":[{"href":"https:\/\/www.otiumhome.fi\/index.php\/wp-json\/wp\/v2\/product"}],"about":[{"href":"https:\/\/www.otiumhome.fi\/index.php\/wp-json\/wp\/v2\/types\/product"}],"replies":[{"embeddable":true,"href":"https:\/\/www.otiumhome.fi\/index.php\/wp-json\/wp\/v2\/comments?post=141673"}],"wp:featuredmedia":[{"embeddable":true,"href":"https:\/\/www.otiumhome.fi\/index.php\/wp-json\/"}],"wp:attachment":[{"href":"https:\/\/www.otiumhome.fi\/index.php\/wp-json\/wp\/v2\/media?parent=141673"}],"wp:term":[{"taxonomy":"product_brand","embeddable":true,"href":"https:\/\/www.otiumhome.fi\/index.php\/wp-json\/wp\/v2\/product_brand?post=141673"},{"taxonomy":"product_cat","embeddable":true,"href":"https:\/\/www.otiumhome.fi\/index.php\/wp-json\/wp\/v2\/product_cat?post=141673"},{"taxonomy":"product_tag","embeddable":true,"href":"https:\/\/www.otiumhome.fi\/index.php\/wp-json\/wp\/v2\/product_tag?post=141673"}],"curies":[{"name":"wp","href":"https:\/\/api.w.org\/{rel}","templated":true}]}}