{"id":141521,"date":"2025-03-12T22:06:40","date_gmt":"2025-03-12T22:06:40","guid":{"rendered":"https:\/\/www.otiumhome.fi\/?p=141521"},"modified":"2025-06-06T16:38:32","modified_gmt":"2025-06-06T16:38:32","slug":"sailytyslaatikko-vanhaa-puuta-30x50x28-cm-tekninen-puu","status":"publish","type":"product","link":"https:\/\/www.otiumhome.fi\/index.php\/tuote\/sailytyslaatikko-vanhaa-puuta-30x50x28-cm-tekninen-puu\/","title":{"rendered":"S\u00e4ilytyslaatikko vanhaa puuta 30x50x28 cm tekninen puu"},"content":{"rendered":"<p>T\u00e4m\u00e4 s\u00e4ilytyslaatikko on ihanteellinen s\u00e4ilytysratkaisu ja on loistava koristeellinen lis\u00e4 asuintilaasi.<\/p>\n<\/p>\n<ul>\n<li>Kest\u00e4v\u00e4 materiaali: Tekninen puu on poikkeuksellisen laadukasta ja sile\u00e4pintaista. Se on luja, vakaa ja kosteudelle vastustuskykyinen.<\/li>\n<li>Runsaasti s\u00e4ilytystilaa: Ty\u00f6kalulaatikossa on runsaasti s\u00e4ilytystilaa mattojen, tyynyjen ja muiden p\u00e4ivitt\u00e4istavaroiden hyv\u00e4ss\u00e4 j\u00e4rjestyksess\u00e4 pit\u00e4miseen.<\/li>\n<li>K\u00e4yt\u00e4nn\u00f6llinen kansi: S\u00e4ilytyslaatikossa on kansi, joka ei vain est\u00e4 esineit\u00e4 p\u00f6lyttym\u00e4st\u00e4, se lis\u00e4\u00e4 my\u00f6s turvallisuutta.<\/li>\n<li>Monipuolinen k\u00e4ytt\u00f6: S\u00e4ilytysarkkua voidaan tarvittaessa k\u00e4ytt\u00e4\u00e4 my\u00f6s p\u00f6yt\u00e4n\u00e4. Lelulaatikon yl\u00e4osa sopii t\u00e4ydellisesti kuppien, kirjojen ja joidenkin koriste-esineiden sijoittamiseen.<\/li>\n<\/ul>\n<p>Hyv\u00e4 tiet\u00e4\u00e4:<\/p>\n<ul>\n<li>Jotta kokoaminen olisi mahdollisimman helppoa, jokainen tuote toimitetaan ohjekirjan kanssa.<\/li>\n<\/ul>\n<ul>\n<li>V\u00e4ri: Vanha puu<\/li>\n<li>Materiaali: Tekninen puu<\/li>\n<li>Mitat: 30 x 50 x 28 cm (L x S x K)<\/li>\n<\/ul>\n","protected":false},"excerpt":{"rendered":"<ul>\n<li>V\u00e4ri: Vanha puu<\/li>\n<li>Materiaali: Tekninen puu<\/li>\n<li>Mitat: 30 x 50 x 28 cm (L x S x K)<\/li>\n<\/ul>\n","protected":false},"featured_media":100000141521,"comment_status":"closed","ping_status":"closed","template":"","meta":[],"product_brand":[],"product_cat":[84,8564],"product_tag":[],"class_list":{"0":"post-141521","1":"product","2":"type-product","3":"status-publish","4":"has-post-thumbnail","6":"product_cat-huonekalut","7":"product_cat-sailytysarkut","9":"first","10":"instock","11":"taxable","12":"shipping-taxable","13":"purchasable","14":"product-type-simple"},"_links":{"self":[{"href":"https:\/\/www.otiumhome.fi\/index.php\/wp-json\/wp\/v2\/product\/141521","targetHints":{"allow":["GET"]}}],"collection":[{"href":"https:\/\/www.otiumhome.fi\/index.php\/wp-json\/wp\/v2\/product"}],"about":[{"href":"https:\/\/www.otiumhome.fi\/index.php\/wp-json\/wp\/v2\/types\/product"}],"replies":[{"embeddable":true,"href":"https:\/\/www.otiumhome.fi\/index.php\/wp-json\/wp\/v2\/comments?post=141521"}],"wp:featuredmedia":[{"embeddable":true,"href":"https:\/\/www.otiumhome.fi\/index.php\/wp-json\/"}],"wp:attachment":[{"href":"https:\/\/www.otiumhome.fi\/index.php\/wp-json\/wp\/v2\/media?parent=141521"}],"wp:term":[{"taxonomy":"product_brand","embeddable":true,"href":"https:\/\/www.otiumhome.fi\/index.php\/wp-json\/wp\/v2\/product_brand?post=141521"},{"taxonomy":"product_cat","embeddable":true,"href":"https:\/\/www.otiumhome.fi\/index.php\/wp-json\/wp\/v2\/product_cat?post=141521"},{"taxonomy":"product_tag","embeddable":true,"href":"https:\/\/www.otiumhome.fi\/index.php\/wp-json\/wp\/v2\/product_tag?post=141521"}],"curies":[{"name":"wp","href":"https:\/\/api.w.org\/{rel}","templated":true}]}}