{"id":141461,"date":"2025-03-11T22:24:07","date_gmt":"2025-03-11T22:24:07","guid":{"rendered":"https:\/\/www.otiumhome.fi\/?p=141461"},"modified":"2025-06-06T15:41:10","modified_gmt":"2025-06-06T15:41:10","slug":"kulmatyopoyta-kasityolainen-tammi-120x140x75-cm-tekninen-puu","status":"publish","type":"product","link":"https:\/\/www.otiumhome.fi\/index.php\/tuote\/kulmatyopoyta-kasityolainen-tammi-120x140x75-cm-tekninen-puu\/","title":{"rendered":"Kulmaty\u00f6p\u00f6yt\u00e4 k\u00e4sity\u00f6l\u00e4inen tammi 120x140x75 cm tekninen puu"},"content":{"rendered":"<p>T\u00e4m\u00e4 moderni L-muotoinen kulmap\u00f6yt\u00e4, jossa on liukuva n\u00e4pp\u00e4imist\u00f6alusta ja kaksi avointa hylly\u00e4, on todella k\u00e4yt\u00e4nn\u00f6llinen. Siit\u00e4 tulee varmasti toimiva lis\u00e4 toimistoosi tai ty\u00f6huoneeseesi!<\/p>\n<\/p>\n<ul>\n<li>Kest\u00e4v\u00e4 materiaali: Tekninen puu on poikkeuksellisen laadukasta ja sile\u00e4pintaista. Se on luja, vakaa ja kosteudelle vastustuskykyinen.<\/li>\n<li>Reilusti s\u00e4ilytystilaa: Suuri ty\u00f6taso tarjoaa runsaasti tilaa tietokoneen, l\u00e4pp\u00e4rin, valokuvakehysten, koriste-esineiden, ruukkukasvien ja vastaavien sijoittamiseen. Siin\u00e4 on kaksi avohylly\u00e4, joille voit laittaa kirjoja, kansioita ja asiakirjoja.<\/li>\n<li>Laajasti k\u00e4ytett\u00e4v\u00e4: T\u00e4m\u00e4 tietokonep\u00f6yt\u00e4 on t\u00e4ydellinen mihin tahansa ahtaaseen toimistoon, opiskelija-asuntoon, tai tilarajoitettuun taloon.<\/li>\n<\/ul>\n<p>Varoitus:<\/p>\n<ul>\n<li>Kaatumisen est\u00e4miseksi t\u00e4t\u00e4 tuotetta on k\u00e4ytett\u00e4v\u00e4 mukana toimitetun sein\u00e4kiinnityslaitteen kanssa.<\/li>\n<\/ul>\n<ul>\n<li>V\u00e4ri: artisaanitammi<\/li>\n<li>Materiaali: Tekninen puu<\/li>\n<li>Mitat: 120 x 140 x 75 cm (P x L x K)<\/li>\n<li>Asennus vaaditaan: Kyll\u00e4<\/li>\n<\/ul>\n","protected":false},"excerpt":{"rendered":"<ul>\n<li>V\u00e4ri: artisaanitammi<\/li>\n<li>Materiaali: Tekninen puu<\/li>\n<li>Mitat: 120 x 140 x 75 cm (P x L x K)<\/li>\n<li>Asennus vaaditaan: Kyll\u00e4<\/li>\n<\/ul>\n","protected":false},"featured_media":100000141461,"comment_status":"closed","ping_status":"closed","template":"","meta":[],"product_brand":[],"product_cat":[84,8551],"product_tag":[],"class_list":{"0":"post-141461","1":"product","2":"type-product","3":"status-publish","4":"has-post-thumbnail","6":"product_cat-huonekalut","7":"product_cat-kirjoituspoydat","9":"first","10":"instock","11":"taxable","12":"shipping-taxable","13":"purchasable","14":"product-type-simple"},"_links":{"self":[{"href":"https:\/\/www.otiumhome.fi\/index.php\/wp-json\/wp\/v2\/product\/141461","targetHints":{"allow":["GET"]}}],"collection":[{"href":"https:\/\/www.otiumhome.fi\/index.php\/wp-json\/wp\/v2\/product"}],"about":[{"href":"https:\/\/www.otiumhome.fi\/index.php\/wp-json\/wp\/v2\/types\/product"}],"replies":[{"embeddable":true,"href":"https:\/\/www.otiumhome.fi\/index.php\/wp-json\/wp\/v2\/comments?post=141461"}],"wp:featuredmedia":[{"embeddable":true,"href":"https:\/\/www.otiumhome.fi\/index.php\/wp-json\/"}],"wp:attachment":[{"href":"https:\/\/www.otiumhome.fi\/index.php\/wp-json\/wp\/v2\/media?parent=141461"}],"wp:term":[{"taxonomy":"product_brand","embeddable":true,"href":"https:\/\/www.otiumhome.fi\/index.php\/wp-json\/wp\/v2\/product_brand?post=141461"},{"taxonomy":"product_cat","embeddable":true,"href":"https:\/\/www.otiumhome.fi\/index.php\/wp-json\/wp\/v2\/product_cat?post=141461"},{"taxonomy":"product_tag","embeddable":true,"href":"https:\/\/www.otiumhome.fi\/index.php\/wp-json\/wp\/v2\/product_tag?post=141461"}],"curies":[{"name":"wp","href":"https:\/\/api.w.org\/{rel}","templated":true}]}}