{"id":141446,"date":"2025-03-11T12:11:31","date_gmt":"2025-03-11T12:11:31","guid":{"rendered":"https:\/\/www.otiumhome.fi\/?p=141446"},"modified":"2025-06-06T15:37:31","modified_gmt":"2025-06-06T15:37:31","slug":"baariryhma-3-osaa-kierratetty-tiikkipuu","status":"publish","type":"product","link":"https:\/\/www.otiumhome.fi\/index.php\/tuote\/baariryhma-3-osaa-kierratetty-tiikkipuu\/","title":{"rendered":"Baariryhm\u00e4 3 osaa kierr\u00e4tetty tiikkipuu"},"content":{"rendered":"<p>T\u00e4m\u00e4 baariryhm\u00e4 tulee olemaan upea lis\u00e4 keitti\u00f6\u00f6si tai ruokailutilaasi.<\/p>\n<\/p>\n<p>P\u00f6yt\u00e4 ja tuolit on valmistettu kierr\u00e4tetyst\u00e4 tiikkipuusta, joka on kiinte\u00e4, vakaa, kest\u00e4v\u00e4 ja kaunis materiaali. Ter\u00e4srungot tekev\u00e4t sarjasta tukevan ja korostava sen teollista tyyli\u00e4. P\u00f6yt\u00e4levy on helppo puhdistaa kostealla liinalla. Tuolien jalkatuet tekev\u00e4t istuimista entist\u00e4 mukavammat. Valmistusprosessin jokainen vaihe on toteutettu huolellisesti, olipa se sitten kiillotus tai lakkaus. Baariryhm\u00e4 on helppo koota. Toimituksessa on mukana 1 p\u00f6yt\u00e4 ja 2 baarituolia.<\/p>\n<\/p>\n<p>T\u00e4rke\u00e4 huomio: V\u00e4rit ja pintakuviot saattavat vaihdella kappaleesta toiseen, mik\u00e4 tekee jokaisesta kappaleesta ainutlaatuisen ja hieman erilaisen muista; toimitus on satunnainen.<\/p>\n<ul>\n<li>Materiaali: kierr\u00e4tetty tiikki + jauhemaalattu ter\u00e4s<\/li>\n<li>P\u00f6yd\u00e4n mitat: 60 x 60 x 107 cm (P x L x K)<\/li>\n<li>Tuolin mitat: 41 x 51 x 102 cm (L x S x K)<\/li>\n<li>Istuimen leveys: 37 cm<\/li>\n<li>Istuimen syvyys: 32 cm<\/li>\n<li>Istuimen korkeus maasta: 76 cm<\/li>\n<li>Hiottu ja lakattu<\/li>\n<li>Helppo koota<\/li>\n<li>Toimitus sis\u00e4lt\u00e4\u00e4 1 p\u00f6yd\u00e4n ja 2 baarituolia.<\/li>\n<\/ul>\n","protected":false},"excerpt":{"rendered":"<ul>\n<li>Materiaali: kierr\u00e4tetty tiikki + jauhemaalattu ter\u00e4s<\/li>\n<li>P\u00f6yd\u00e4n mitat: 60 x 60 x 107 cm (P x L x K)<\/li>\n<li>Tuolin mitat: 41 x 51 x 102 cm (L x S x K)<\/li>\n<li>Istuimen leveys: 37 cm<\/li>\n<li>Istuimen syvyys: 32 cm<\/li>\n<li>Istuimen korkeus maasta: 76 cm<\/li>\n<li>Hiottu ja lakattu<\/li>\n<li>Helppo koota<\/li>\n<li>Toimitus sis\u00e4lt\u00e4\u00e4 1 p\u00f6yd\u00e4n ja 2 baarituolia.<\/li>\n<\/ul>\n","protected":false},"featured_media":100000141446,"comment_status":"closed","ping_status":"closed","template":"","meta":[],"product_brand":[],"product_cat":[84,8545],"product_tag":[],"class_list":{"0":"post-141446","1":"product","2":"type-product","3":"status-publish","4":"has-post-thumbnail","6":"product_cat-huonekalut","7":"product_cat-keittion-ruokasalin-kalusteet","9":"first","10":"instock","11":"taxable","12":"shipping-taxable","13":"purchasable","14":"product-type-simple"},"_links":{"self":[{"href":"https:\/\/www.otiumhome.fi\/index.php\/wp-json\/wp\/v2\/product\/141446","targetHints":{"allow":["GET"]}}],"collection":[{"href":"https:\/\/www.otiumhome.fi\/index.php\/wp-json\/wp\/v2\/product"}],"about":[{"href":"https:\/\/www.otiumhome.fi\/index.php\/wp-json\/wp\/v2\/types\/product"}],"replies":[{"embeddable":true,"href":"https:\/\/www.otiumhome.fi\/index.php\/wp-json\/wp\/v2\/comments?post=141446"}],"wp:featuredmedia":[{"embeddable":true,"href":"https:\/\/www.otiumhome.fi\/index.php\/wp-json\/"}],"wp:attachment":[{"href":"https:\/\/www.otiumhome.fi\/index.php\/wp-json\/wp\/v2\/media?parent=141446"}],"wp:term":[{"taxonomy":"product_brand","embeddable":true,"href":"https:\/\/www.otiumhome.fi\/index.php\/wp-json\/wp\/v2\/product_brand?post=141446"},{"taxonomy":"product_cat","embeddable":true,"href":"https:\/\/www.otiumhome.fi\/index.php\/wp-json\/wp\/v2\/product_cat?post=141446"},{"taxonomy":"product_tag","embeddable":true,"href":"https:\/\/www.otiumhome.fi\/index.php\/wp-json\/wp\/v2\/product_tag?post=141446"}],"curies":[{"name":"wp","href":"https:\/\/api.w.org\/{rel}","templated":true}]}}