{"id":141429,"date":"2025-03-11T01:46:31","date_gmt":"2025-03-11T01:46:31","guid":{"rendered":"https:\/\/www.otiumhome.fi\/?p=141429"},"modified":"2025-06-06T15:33:55","modified_gmt":"2025-06-06T15:33:55","slug":"sivupoyta-pyorilla-sonoma-tammi-50x30x55-cm-tekninen-puu","status":"publish","type":"product","link":"https:\/\/www.otiumhome.fi\/index.php\/tuote\/sivupoyta-pyorilla-sonoma-tammi-50x30x55-cm-tekninen-puu\/","title":{"rendered":"Sivup\u00f6yt\u00e4 py\u00f6rill\u00e4 Sonoma-tammi 50x30x55 cm tekninen puu"},"content":{"rendered":"<p>T\u00e4st\u00e4 trendikk\u00e4\u00e4st\u00e4 ja k\u00e4yt\u00e4nn\u00f6llisest\u00e4 sivup\u00f6yd\u00e4st\u00e4 tulee huoneesi keskipiste.<\/p>\n<\/p>\n<ul>\n<li> Kest\u00e4v\u00e4 materiaali: Tekninen puu on poikkeuksellisen laadukasta ja sile\u00e4pintaista. Se on luja, vakaa ja kosteudelle vastustuskykyinen. <\/li>\n<li>Runsaasti s\u00e4ilytystilaa: P\u00f6yt\u00e4 tarjoaa runsaasti s\u00e4ilytystilaa t\u00e4rkeiden tavaroiden s\u00e4ilytt\u00e4miseen ja k\u00e4ttesi ulottuvilla pit\u00e4miseen. <\/li>\n<li> Tukeva p\u00f6yt\u00e4levy: P\u00e4\u00e4typ\u00f6yd\u00e4n tukeva p\u00f6yt\u00e4levy on t\u00e4ydellinen juomien, ruoan ja koriste-esineiden sijoittamiseen.<\/li>\n<li>Helppo siirt\u00e4\u00e4: Voit siirt\u00e4\u00e4 nelj\u00e4ll\u00e4 py\u00f6r\u00e4ll\u00e4 varustettua sohvap\u00f6yt\u00e4\u00e4 helposti sohvan, s\u00e4ngyn, tai muun haluamasi paikan l\u00e4helle. <\/li>\n<\/ul>\n<ul>\n<li>V\u00e4ri: Sonoma-tammi<\/li>\n<li>Materiaali: Tekninen puu<\/li>\n<li>Mitat: 50 x 30 x 55 cm (P x L x K)<\/li>\n<li>Nelj\u00e4 py\u00f6r\u00e4\u00e4, joista kahdessa on jarrut<\/li>\n<li>Asennus vaaditaan: Kyll\u00e4<\/li>\n<\/ul>\n","protected":false},"excerpt":{"rendered":"<ul>\n<li>V\u00e4ri: Sonoma-tammi<\/li>\n<li>Materiaali: Tekninen puu<\/li>\n<li>Mitat: 50 x 30 x 55 cm (P x L x K)<\/li>\n<li>Nelj\u00e4 py\u00f6r\u00e4\u00e4, joista kahdessa on jarrut<\/li>\n<li>Asennus vaaditaan: Kyll\u00e4<\/li>\n<\/ul>\n","protected":false},"featured_media":100000141429,"comment_status":"closed","ping_status":"closed","template":"","meta":[],"product_brand":[],"product_cat":[8534,84,8533],"product_tag":[],"class_list":{"0":"post-141429","1":"product","2":"type-product","3":"status-publish","4":"has-post-thumbnail","6":"product_cat-apupoydat","7":"product_cat-huonekalut","8":"product_cat-sivupoydat","10":"first","11":"instock","12":"taxable","13":"shipping-taxable","14":"purchasable","15":"product-type-simple"},"_links":{"self":[{"href":"https:\/\/www.otiumhome.fi\/index.php\/wp-json\/wp\/v2\/product\/141429","targetHints":{"allow":["GET"]}}],"collection":[{"href":"https:\/\/www.otiumhome.fi\/index.php\/wp-json\/wp\/v2\/product"}],"about":[{"href":"https:\/\/www.otiumhome.fi\/index.php\/wp-json\/wp\/v2\/types\/product"}],"replies":[{"embeddable":true,"href":"https:\/\/www.otiumhome.fi\/index.php\/wp-json\/wp\/v2\/comments?post=141429"}],"wp:featuredmedia":[{"embeddable":true,"href":"https:\/\/www.otiumhome.fi\/index.php\/wp-json\/"}],"wp:attachment":[{"href":"https:\/\/www.otiumhome.fi\/index.php\/wp-json\/wp\/v2\/media?parent=141429"}],"wp:term":[{"taxonomy":"product_brand","embeddable":true,"href":"https:\/\/www.otiumhome.fi\/index.php\/wp-json\/wp\/v2\/product_brand?post=141429"},{"taxonomy":"product_cat","embeddable":true,"href":"https:\/\/www.otiumhome.fi\/index.php\/wp-json\/wp\/v2\/product_cat?post=141429"},{"taxonomy":"product_tag","embeddable":true,"href":"https:\/\/www.otiumhome.fi\/index.php\/wp-json\/wp\/v2\/product_tag?post=141429"}],"curies":[{"name":"wp","href":"https:\/\/api.w.org\/{rel}","templated":true}]}}