{"id":141051,"date":"2025-02-21T06:51:31","date_gmt":"2025-02-21T06:51:31","guid":{"rendered":"https:\/\/www.otiumhome.fi\/?p=141051"},"modified":"2025-06-06T18:05:42","modified_gmt":"2025-06-06T18:05:42","slug":"sangynrunko-ilman-patjaa-ruskea-tammi-100x200-cm-tekninen-puu","status":"publish","type":"product","link":"https:\/\/www.otiumhome.fi\/index.php\/tuote\/sangynrunko-ilman-patjaa-ruskea-tammi-100x200-cm-tekninen-puu\/","title":{"rendered":"S\u00e4ngynrunko ilman patjaa ruskea tammi 100&#215;200 cm tekninen puu"},"content":{"rendered":"<p>Saat paremmat rauhalliset y\u00f6unet t\u00e4m\u00e4n s\u00e4ngynrungon ansiosta! Se on tervetullut lis\u00e4 mihin tahansa makuuhuoneeseen.<\/p>\n<\/p>\n<ul>\n<li>Vakaa ja pitk\u00e4ik\u00e4inen runko: Ter\u00e4s on luja, vakaa ja kest\u00e4v\u00e4 materiaali, joka tekee siit\u00e4 ihanteellisen valinnan monenlaisiin tarkoituksiin aina huonekalujen valmistuksesta rakentamiseen.<\/li>\n<li>Toimivat s\u00e4ngynp\u00e4\u00e4dyt: S\u00e4ngynrungon s\u00e4ngynp\u00e4\u00e4ty ja jalkop\u00e4\u00e4ty pit\u00e4v\u00e4t patjan paikoillaan. Lis\u00e4ksi s\u00e4ngynp\u00e4\u00e4ty tarjoaa sinulle erinomaisen selk\u00e4tuen s\u00e4ngyll\u00e4 istuen lukiessasi tai televisiota katsellessasi.<\/li>\n<li>Ylim\u00e4\u00e4r\u00e4ist\u00e4 s\u00e4ilytystilaa: S\u00e4ngyn pohjan alla on lis\u00e4tilaa, joka pit\u00e4\u00e4 s\u00e4ilytyslaatikot poissa n\u00e4kyvist\u00e4.<\/li>\n<li>S\u00e4lepohja optimaalista tukea varten: Metallinen s\u00e4ngyn runko on varustettu s\u00e4lepohjalla, joka tukee ja hengitt\u00e4\u00e4 patjaasi.<\/li>\n<\/ul>\n<p>Hyv\u00e4 tiet\u00e4\u00e4:<\/p>\n<ul>\n<li>Patja ei sis\u00e4lly t\u00e4h\u00e4n s\u00e4nkyyn. Tarjoamme monipuolisen valikoiman patjoja, jotka l\u00f6yd\u00e4t tarkistamalla myym\u00e4l\u00e4mme valikoiman.<\/li>\n<\/ul>\n<ul>\n<li>V\u00e4ri: Ruskea tammi<\/li>\n<li>Materiaali: Tekninen puu ja ter\u00e4s<\/li>\n<li>Kokonaismitat: 207 x 105,5 x 91,5 cm (P x L x K)<\/li>\n<li>Vapaa korkeus s\u00e4ngyn alla: 27 cm<\/li>\n<li>Sopiva patjan koko: 100 x 200 cm (L x P) (patja ei mukana)<\/li>\n<li>S\u00e4ngyll\u00e4 ja jalkalaudalla<\/li>\n<li>Asennus vaaditaan: Kyll\u00e4<\/li>\n<\/ul>\n","protected":false},"excerpt":{"rendered":"<ul>\n<li>V\u00e4ri: Ruskea tammi<\/li>\n<li>Materiaali: Tekninen puu ja ter\u00e4s<\/li>\n<li>Kokonaismitat: 207 x 105,5 x 91,5 cm (P x L x K)<\/li>\n<li>Vapaa korkeus s\u00e4ngyn alla: 27 cm<\/li>\n<li>Sopiva patjan koko: 100 x 200 cm (L x P) (patja ei mukana)<\/li>\n<li>S\u00e4ngyll\u00e4 ja jalkalaudalla<\/li>\n<li>Asennus vaaditaan: Kyll\u00e4<\/li>\n<\/ul>\n","protected":false},"featured_media":100000141051,"comment_status":"closed","ping_status":"closed","template":"","meta":[],"product_brand":[],"product_cat":[84,8638],"product_tag":[],"class_list":{"0":"post-141051","1":"product","2":"type-product","3":"status-publish","4":"has-post-thumbnail","6":"product_cat-huonekalut","7":"product_cat-sangyt-sangynrungot","9":"first","10":"instock","11":"taxable","12":"shipping-taxable","13":"purchasable","14":"product-type-simple"},"_links":{"self":[{"href":"https:\/\/www.otiumhome.fi\/index.php\/wp-json\/wp\/v2\/product\/141051","targetHints":{"allow":["GET"]}}],"collection":[{"href":"https:\/\/www.otiumhome.fi\/index.php\/wp-json\/wp\/v2\/product"}],"about":[{"href":"https:\/\/www.otiumhome.fi\/index.php\/wp-json\/wp\/v2\/types\/product"}],"replies":[{"embeddable":true,"href":"https:\/\/www.otiumhome.fi\/index.php\/wp-json\/wp\/v2\/comments?post=141051"}],"wp:featuredmedia":[{"embeddable":true,"href":"https:\/\/www.otiumhome.fi\/index.php\/wp-json\/"}],"wp:attachment":[{"href":"https:\/\/www.otiumhome.fi\/index.php\/wp-json\/wp\/v2\/media?parent=141051"}],"wp:term":[{"taxonomy":"product_brand","embeddable":true,"href":"https:\/\/www.otiumhome.fi\/index.php\/wp-json\/wp\/v2\/product_brand?post=141051"},{"taxonomy":"product_cat","embeddable":true,"href":"https:\/\/www.otiumhome.fi\/index.php\/wp-json\/wp\/v2\/product_cat?post=141051"},{"taxonomy":"product_tag","embeddable":true,"href":"https:\/\/www.otiumhome.fi\/index.php\/wp-json\/wp\/v2\/product_tag?post=141051"}],"curies":[{"name":"wp","href":"https:\/\/api.w.org\/{rel}","templated":true}]}}