{"id":141030,"date":"2025-02-20T05:25:41","date_gmt":"2025-02-20T05:25:41","guid":{"rendered":"https:\/\/www.otiumhome.fi\/?p=141030"},"modified":"2025-06-06T16:38:36","modified_gmt":"2025-06-06T16:38:36","slug":"arkku-90x40x40-cm-taysi-mangopuu","status":"publish","type":"product","link":"https:\/\/www.otiumhome.fi\/index.php\/tuote\/arkku-90x40x40-cm-taysi-mangopuu\/","title":{"rendered":"Arkku 90x40x40 cm t\u00e4ysi mangopuu"},"content":{"rendered":"<p>Jos haluat lis\u00e4t\u00e4 yksinkertaista maalaistunnelmaa sisustukseesi, t\u00e4ydest\u00e4 mangopuusta valmistettu arkku on sopiva ratkaisu!<\/p>\n<\/p>\n<p>Arkku on valmistettu t\u00e4ydest\u00e4 mangopuusta, trooppisesta lehtipuusta, jolla on kyky\u00e4 kantaa painoa. Se kest\u00e4\u00e4 my\u00f6s ajan patinaa, tehden siit\u00e4 vakaan ja kest\u00e4v\u00e4n. Siin\u00e4 on edess\u00e4 salpa ja sivuilla kaksi kahvaa nostamisen helpottamiseksi. S\u00e4ilytyslaatikossa on vankka pintalevy, joten sit\u00e4 voidaan k\u00e4ytt\u00e4\u00e4 my\u00f6s eteisen penkkin\u00e4. K\u00e4sity\u00f6taito ja kauniit puun kuviot tekev\u00e4t jokaisesta eteisen penkist\u00e4 hieman toisista poikkeavan.<\/p>\n<\/p>\n<p>T\u00e4rke\u00e4 huomio: V\u00e4rit ja puunsyyt voivat vaihdella kappaleittain, mik\u00e4 tekee jokaisesta puisesta arkusta ainutlaatuisen. Toimitus on sattumanvarainen.<\/p>\n<ul>\n<li>Materiaali: luonnollisesti viimeistelty mangopuu<\/li>\n<li>Mitat: 90 x 40 x 40 cm (L x S x K)<\/li>\n<li>Kokoonpano vaaditaan: Ei<\/li>\n<\/ul>\n","protected":false},"excerpt":{"rendered":"<ul>\n<li>Materiaali: luonnollisesti viimeistelty mangopuu<\/li>\n<li>Mitat: 90 x 40 x 40 cm (L x S x K)<\/li>\n<li>Kokoonpano vaaditaan: Ei<\/li>\n<\/ul>\n","protected":false},"featured_media":100000141030,"comment_status":"closed","ping_status":"closed","template":"","meta":[],"product_brand":[],"product_cat":[84,8564],"product_tag":[],"class_list":{"0":"post-141030","1":"product","2":"type-product","3":"status-publish","4":"has-post-thumbnail","6":"product_cat-huonekalut","7":"product_cat-sailytysarkut","9":"first","10":"instock","11":"taxable","12":"shipping-taxable","13":"purchasable","14":"product-type-simple"},"_links":{"self":[{"href":"https:\/\/www.otiumhome.fi\/index.php\/wp-json\/wp\/v2\/product\/141030","targetHints":{"allow":["GET"]}}],"collection":[{"href":"https:\/\/www.otiumhome.fi\/index.php\/wp-json\/wp\/v2\/product"}],"about":[{"href":"https:\/\/www.otiumhome.fi\/index.php\/wp-json\/wp\/v2\/types\/product"}],"replies":[{"embeddable":true,"href":"https:\/\/www.otiumhome.fi\/index.php\/wp-json\/wp\/v2\/comments?post=141030"}],"wp:featuredmedia":[{"embeddable":true,"href":"https:\/\/www.otiumhome.fi\/index.php\/wp-json\/"}],"wp:attachment":[{"href":"https:\/\/www.otiumhome.fi\/index.php\/wp-json\/wp\/v2\/media?parent=141030"}],"wp:term":[{"taxonomy":"product_brand","embeddable":true,"href":"https:\/\/www.otiumhome.fi\/index.php\/wp-json\/wp\/v2\/product_brand?post=141030"},{"taxonomy":"product_cat","embeddable":true,"href":"https:\/\/www.otiumhome.fi\/index.php\/wp-json\/wp\/v2\/product_cat?post=141030"},{"taxonomy":"product_tag","embeddable":true,"href":"https:\/\/www.otiumhome.fi\/index.php\/wp-json\/wp\/v2\/product_tag?post=141030"}],"curies":[{"name":"wp","href":"https:\/\/api.w.org\/{rel}","templated":true}]}}