{"id":141029,"date":"2025-02-20T03:03:11","date_gmt":"2025-02-20T03:03:11","guid":{"rendered":"https:\/\/www.otiumhome.fi\/?p=141029"},"modified":"2025-06-06T16:31:39","modified_gmt":"2025-06-06T16:31:39","slug":"seinakuutiohyllyt-2-kpl-vanha-puu-40x40x495-cm-tekninen-puu","status":"publish","type":"product","link":"https:\/\/www.otiumhome.fi\/index.php\/tuote\/seinakuutiohyllyt-2-kpl-vanha-puu-40x40x495-cm-tekninen-puu\/","title":{"rendered":"Sein\u00e4kuutiohyllyt 2 kpl vanha puu 40x40x49,5 cm tekninen puu"},"content":{"rendered":"<p>K\u00e4yt\u00e4nn\u00f6llisesti muotoillut sein\u00e4kulmahyllyt on suunniteltu keskipisteeksi olo-, makuuhuoneeseen, jne.<\/p>\n<\/p>\n<ul>\n<li>Vakaa ja kest\u00e4v\u00e4 materiaali: Tekninen puu on kest\u00e4v\u00e4 ja vakaa materiaali, jonka sile\u00e4 pinta kest\u00e4\u00e4 kosteutta, v\u00e4\u00e4ntymist\u00e4 ja halkeilua, joten se on luotettava valinta erilaisiin projekteihin.<\/li>\n<li>Tilaa s\u00e4\u00e4st\u00e4v\u00e4 muotoilu: Kulmahylly voidaan kiinnitt\u00e4\u00e4 sein\u00e4lle s\u00e4ilytystilaa lis\u00e4\u00e4m\u00e4\u00e4n. T\u00e4ll\u00e4 tavoin voit maksimoida lattiatilasi ja pit\u00e4\u00e4 alueen siistin\u00e4.<\/li>\n<li>Monik\u00e4ytt\u00f6inen sein\u00e4hylly: Sein\u00e4lle kiinnitett\u00e4v\u00e4 hylly on tarkoitettu sek\u00e4 kodin sisustamiseen ett\u00e4 s\u00e4ilytykseen. Sen avulla voit asettaa esille kokoelmat, kirjat, kehystetyt valokuvat tai CD-levyt eri huoneisiin, kuten olohuoneeseen, toimistoon tai ty\u00f6huoneeseen.<\/li>\n<li>Helppo huoltaa: Sein\u00e4hylly on helppo puhdistaa kostealla liinalla ja tarvitsee vain v\u00e4h\u00e4ist\u00e4 huoltoa.<\/li>\n<\/ul>\n<p>Hyv\u00e4 tiet\u00e4\u00e4:<\/p>\n<ul>\n<li>Sein\u00e4\u00e4n kiinnitett\u00e4v\u00e4t ruuvit ja tulpat eiv\u00e4t sis\u00e4lly toimitukseen. Suosittelemme etsim\u00e4\u00e4n ja k\u00e4ytt\u00e4m\u00e4\u00e4n sein\u00e4\u00e4si sopivia ruuveja ja tulppia. Jos olet ep\u00e4varma, kysy ammattilaisen neuvoa. Lue ja noudata ohjeiden jokaista vaihetta.<\/li>\n<\/ul>\n<ul>\n<li>V\u00e4ri: Vanha puu<\/li>\n<li>Materiaali: Tekninen puu<\/li>\n<li>Mitat (kukin): 40 x 40 x 49,5 cm (L x S x K)<\/li>\n<li>Asennus vaaditaan: Kyll\u00e4<\/li>\n<li><strong>Toimitus sis\u00e4lt\u00e4\u00e4:<\/strong><\/li>\n<li>2 x sein\u00e4kulmahylly<\/li>\n<\/ul>\n","protected":false},"excerpt":{"rendered":"<ul>\n<li>V\u00e4ri: Vanha puu<\/li>\n<li>Materiaali: Tekninen puu<\/li>\n<li>Mitat (kukin): 40 x 40 x 49,5 cm (L x S x K)<\/li>\n<li>Asennus vaaditaan: Kyll\u00e4<\/li>\n<li><strong>Toimitus sis\u00e4lt\u00e4\u00e4:<\/strong><\/li>\n<li>2 x sein\u00e4kulmahylly<\/li>\n<\/ul>\n","protected":false},"featured_media":100000141029,"comment_status":"closed","ping_status":"closed","template":"","meta":[],"product_brand":[],"product_cat":[84,8634],"product_tag":[],"class_list":{"0":"post-141029","1":"product","2":"type-product","3":"status-publish","4":"has-post-thumbnail","6":"product_cat-huonekalut","7":"product_cat-seinahyllyt","9":"first","10":"instock","11":"taxable","12":"shipping-taxable","13":"purchasable","14":"product-type-simple"},"_links":{"self":[{"href":"https:\/\/www.otiumhome.fi\/index.php\/wp-json\/wp\/v2\/product\/141029","targetHints":{"allow":["GET"]}}],"collection":[{"href":"https:\/\/www.otiumhome.fi\/index.php\/wp-json\/wp\/v2\/product"}],"about":[{"href":"https:\/\/www.otiumhome.fi\/index.php\/wp-json\/wp\/v2\/types\/product"}],"replies":[{"embeddable":true,"href":"https:\/\/www.otiumhome.fi\/index.php\/wp-json\/wp\/v2\/comments?post=141029"}],"wp:featuredmedia":[{"embeddable":true,"href":"https:\/\/www.otiumhome.fi\/index.php\/wp-json\/"}],"wp:attachment":[{"href":"https:\/\/www.otiumhome.fi\/index.php\/wp-json\/wp\/v2\/media?parent=141029"}],"wp:term":[{"taxonomy":"product_brand","embeddable":true,"href":"https:\/\/www.otiumhome.fi\/index.php\/wp-json\/wp\/v2\/product_brand?post=141029"},{"taxonomy":"product_cat","embeddable":true,"href":"https:\/\/www.otiumhome.fi\/index.php\/wp-json\/wp\/v2\/product_cat?post=141029"},{"taxonomy":"product_tag","embeddable":true,"href":"https:\/\/www.otiumhome.fi\/index.php\/wp-json\/wp\/v2\/product_tag?post=141029"}],"curies":[{"name":"wp","href":"https:\/\/api.w.org\/{rel}","templated":true}]}}