{"id":140978,"date":"2025-02-19T14:45:31","date_gmt":"2025-02-19T14:45:31","guid":{"rendered":"https:\/\/www.otiumhome.fi\/?p=140978"},"modified":"2025-06-27T03:14:48","modified_gmt":"2025-06-27T03:14:48","slug":"kylpyhuonepeili-led-korkeakiilto-harmaa-60x85x37-cm-akryyli","status":"publish","type":"product","link":"https:\/\/www.otiumhome.fi\/index.php\/tuote\/kylpyhuonepeili-led-korkeakiilto-harmaa-60x85x37-cm-akryyli\/","title":{"rendered":"Kylpyhuonepeili LED korkeakiilto harmaa 60&#215;8,5&#215;37 cm akryyli"},"content":{"rendered":"<p>Lis\u00e4\u00e4 hieman kaunista estetiikkaa kylpyhuoneeseesi t\u00e4ll\u00e4 LED-peilill\u00e4. Se tuo modernia tyyli\u00e4 mihin tahansa huoneeseen!<\/p>\n<\/p>\n<p>Kest\u00e4v\u00e4 ja vakaa sein\u00e4peili on valmistettu teknisest\u00e4 puusta ja akryylist\u00e4. T\u00e4ss\u00e4 peiliss\u00e4 on RGB-valo, joten LED-valojen v\u00e4ri\u00e4 voidaan vaihdella. Peili on helppo puhdistaa kostealla liinalla.<\/p>\n<\/p>\n<p>Tyylikk\u00e4\u00e4n ja k\u00e4yt\u00e4nn\u00f6llisen peilin tarkoitus on tehd\u00e4 huoneesi sisustuksesta autenttinen ja ainutlaatuinen!<\/p>\n<\/p>\n<p>Peili voidaan ripustaa vaaka- tai pystysuoraan<\/p>\n<\/p>\n<p>Huomioi:<\/p>\n<p>Peili on valmistettu kevyest\u00e4 ja laadukkaasta akryylimateriaalista, joka on turvallisempaa ja kest\u00e4v\u00e4mp\u00e4\u00e4 kuin lasi. Sinun pit\u00e4\u00e4 poistaa suojakalvo ennen peilin k\u00e4ytt\u00f6\u00e4.<\/p>\n<p>Tuotteessa on USB-liitin, mutta sertifioitu 5 V USB virtal\u00e4hde ei sis\u00e4lly toimitukseen.<\/p>\n<ul>\n<li>V\u00e4ri: korkeakiiltoinen harmaa<\/li>\n<li>Materiaali: Tekninen puu, akryyli<\/li>\n<li>Mitat: 60 x 8,5 x 37 cm (L x S x K)<\/li>\n<li>RGB-valolla<\/li>\n<li>Asennus vaaditaan: kyll\u00e4<\/li>\n<li><strong>Huomio: <\/strong>Sein\u00e4\u00e4n kiinnitett\u00e4v\u00e4t ruuvit ja tulpat eiv\u00e4t sis\u00e4lly toimitukseen. Etsi ja k\u00e4yt\u00e4 sein\u00e4\u00e4si sopivia ruuveja ja tulppia. Jos olet ep\u00e4varma, kysy ammattilaisen neuvoa. Lue ja seuraa asennusohjeiden jokaista vaihetta huolella.<\/li>\n<\/ul>\n<p> \u00c4l\u00e4 k\u00e4yt\u00e4 t\u00e4t\u00e4 tuotetta, jos jokin komponentti on rikki, revennyt tai kateissa. T\u00e4m\u00e4n tuotteen voimanl\u00e4hde on DC 5V, mutta sertifioitua 5V USB-virtal\u00e4hdett\u00e4 ei tule mukana. Korkeampi j\u00e4nnite voi aiheuttaa ylil\u00e4mpenemisen ja t\u00e4m\u00e4 voi vahingoittaa laitetta ja lis\u00e4t\u00e4 ylikuumenemisen ja tulipalon riski\u00e4.<\/p>\n","protected":false},"excerpt":{"rendered":"<ul>\n<li>V\u00e4ri: korkeakiiltoinen harmaa<\/li>\n<li>Materiaali: Tekninen puu, akryyli<\/li>\n<li>Mitat: 60 x 8,5 x 37 cm (L x S x K)<\/li>\n<li>RGB-valolla<\/li>\n<li>Asennus vaaditaan: kyll\u00e4<\/li>\n<li><strong>Huomio: <\/strong>Sein\u00e4\u00e4n kiinnitett\u00e4v\u00e4t ruuvit ja tulpat eiv\u00e4t sis\u00e4lly toimitukseen. Etsi ja k\u00e4yt\u00e4 sein\u00e4\u00e4si sopivia ruuveja ja tulppia. Jos olet ep\u00e4varma, kysy ammattilaisen neuvoa. Lue ja seuraa asennusohjeiden jokaista vaihetta huolella.<\/li>\n<\/ul>\n","protected":false},"featured_media":100000140978,"comment_status":"closed","ping_status":"closed","template":"","meta":[],"product_brand":[],"product_cat":[84,8561,8562],"product_tag":[],"class_list":{"0":"post-140978","1":"product","2":"type-product","3":"status-publish","4":"has-post-thumbnail","6":"product_cat-huonekalut","7":"product_cat-kampauspoydat","8":"product_cat-kylpyhuoneen-kampauspoydat","10":"first","11":"outofstock","12":"taxable","13":"shipping-taxable","14":"purchasable","15":"product-type-simple"},"_links":{"self":[{"href":"https:\/\/www.otiumhome.fi\/index.php\/wp-json\/wp\/v2\/product\/140978","targetHints":{"allow":["GET"]}}],"collection":[{"href":"https:\/\/www.otiumhome.fi\/index.php\/wp-json\/wp\/v2\/product"}],"about":[{"href":"https:\/\/www.otiumhome.fi\/index.php\/wp-json\/wp\/v2\/types\/product"}],"replies":[{"embeddable":true,"href":"https:\/\/www.otiumhome.fi\/index.php\/wp-json\/wp\/v2\/comments?post=140978"}],"wp:featuredmedia":[{"embeddable":true,"href":"https:\/\/www.otiumhome.fi\/index.php\/wp-json\/"}],"wp:attachment":[{"href":"https:\/\/www.otiumhome.fi\/index.php\/wp-json\/wp\/v2\/media?parent=140978"}],"wp:term":[{"taxonomy":"product_brand","embeddable":true,"href":"https:\/\/www.otiumhome.fi\/index.php\/wp-json\/wp\/v2\/product_brand?post=140978"},{"taxonomy":"product_cat","embeddable":true,"href":"https:\/\/www.otiumhome.fi\/index.php\/wp-json\/wp\/v2\/product_cat?post=140978"},{"taxonomy":"product_tag","embeddable":true,"href":"https:\/\/www.otiumhome.fi\/index.php\/wp-json\/wp\/v2\/product_tag?post=140978"}],"curies":[{"name":"wp","href":"https:\/\/api.w.org\/{rel}","templated":true}]}}