{"id":140976,"date":"2025-02-19T07:27:23","date_gmt":"2025-02-19T07:27:23","guid":{"rendered":"https:\/\/www.otiumhome.fi\/?p=140976"},"modified":"2025-06-06T15:42:14","modified_gmt":"2025-06-06T15:42:14","slug":"kirjoituspoyta-kahdella-kaapilla-kuusipuu-ja-teras-120x50x76-cm","status":"publish","type":"product","link":"https:\/\/www.otiumhome.fi\/index.php\/tuote\/kirjoituspoyta-kahdella-kaapilla-kuusipuu-ja-teras-120x50x76-cm\/","title":{"rendered":"Kirjoitusp\u00f6yt\u00e4 kahdella kaapilla kuusipuu ja ter\u00e4s 120x50x76 cm"},"content":{"rendered":"<p>T\u00e4m\u00e4 kirjoitusp\u00f6yt\u00e4 kahdella jalallisella kaapilla tulee olemaan ajaton lis\u00e4 toimistosi tai ty\u00f6huoneesi sisustukseen.<\/p>\n<\/p>\n<p>Kirjoitusp\u00f6yt\u00e4 koostuu tukevasta ter\u00e4srungosta ja kuusipuisesta p\u00f6yt\u00e4levyst\u00e4, se on eritt\u00e4in lujatekoinen ja kest\u00e4v\u00e4. P\u00f6yd\u00e4ss\u00e4 on 2 suurta kaappia, joissa on tarpeeksi tilaa asiakirjoille, papereille, dokumenteille ja muille toimistotarvikkeille, jotka haluat pit\u00e4\u00e4 k\u00e4den ulottuvilla ja siististi j\u00e4rjestyksess\u00e4. Ter\u00e4srunkomuotoilu korostaa p\u00f6yd\u00e4n teollista ilmett\u00e4. Se on eritt\u00e4in helppo koota.<\/p>\n<ul>\n<li>Musta ja luonnollinen puun v\u00e4ri<\/li>\n<li>Materiaali: kiinte\u00e4 kuusipuinen p\u00f6yt\u00e4levy + ter\u00e4srunko<\/li>\n<li>Mitat: 120 x 50 x 76 cm (P x L x K)<\/li>\n<li>Sis\u00e4lt\u00e4\u00e4 2 suurta kaappia<\/li>\n<li>Hiottu, maalattu ja lakattu<\/li>\n<li>Helppo koota<\/li>\n<li>Varoitus! Kaatumisen est\u00e4miseksi on t\u00e4t\u00e4 tuotetta k\u00e4ytett\u00e4v\u00e4 mukana toimitettavan sein\u00e4kiinnityslaitteen kanssa.<\/li>\n<li>Legal Documents:\n<p><span>Lis\u00e4tietoja huonekalujesi kaatumisen est\u00e4misest\u00e4 voit l\u00f6yt\u00e4\u00e4 <span style=\"text-decoration: underline\"><strong><a title=\"https:\/\/bit.ly\/3bVwkQp\" href=\"https:\/\/bit.ly\/3bVwkQp\" target=\"_blank\">t\u00e4\u00e4lt\u00e4<\/a><\/strong><\/span><\/span><\/p>\n<\/li>\n<\/ul>\n","protected":false},"excerpt":{"rendered":"<ul>\n<li>Musta ja luonnollinen puun v\u00e4ri<\/li>\n<li>Materiaali: kiinte\u00e4 kuusipuinen p\u00f6yt\u00e4levy + ter\u00e4srunko<\/li>\n<li>Mitat: 120 x 50 x 76 cm (P x L x K)<\/li>\n<li>Sis\u00e4lt\u00e4\u00e4 2 suurta kaappia<\/li>\n<li>Hiottu, maalattu ja lakattu<\/li>\n<li>Helppo koota<\/li>\n<li>Varoitus! Kaatumisen est\u00e4miseksi on t\u00e4t\u00e4 tuotetta k\u00e4ytett\u00e4v\u00e4 mukana toimitettavan sein\u00e4kiinnityslaitteen kanssa.<\/li>\n<li>Legal Documents:\n<p><span>Lis\u00e4tietoja huonekalujesi kaatumisen est\u00e4misest\u00e4 voit l\u00f6yt\u00e4\u00e4 <span style=\"text-decoration: underline\"><strong><a title=\"https:\/\/bit.ly\/3bVwkQp\" href=\"https:\/\/bit.ly\/3bVwkQp\" target=\"_blank\">t\u00e4\u00e4lt\u00e4<\/a><\/strong><\/span><\/span><\/p>\n<\/li>\n<\/ul>\n","protected":false},"featured_media":100000140976,"comment_status":"closed","ping_status":"closed","template":"","meta":[],"product_brand":[],"product_cat":[84,8551],"product_tag":[],"class_list":{"0":"post-140976","1":"product","2":"type-product","3":"status-publish","4":"has-post-thumbnail","6":"product_cat-huonekalut","7":"product_cat-kirjoituspoydat","9":"first","10":"outofstock","11":"taxable","12":"shipping-taxable","13":"purchasable","14":"product-type-simple"},"_links":{"self":[{"href":"https:\/\/www.otiumhome.fi\/index.php\/wp-json\/wp\/v2\/product\/140976","targetHints":{"allow":["GET"]}}],"collection":[{"href":"https:\/\/www.otiumhome.fi\/index.php\/wp-json\/wp\/v2\/product"}],"about":[{"href":"https:\/\/www.otiumhome.fi\/index.php\/wp-json\/wp\/v2\/types\/product"}],"replies":[{"embeddable":true,"href":"https:\/\/www.otiumhome.fi\/index.php\/wp-json\/wp\/v2\/comments?post=140976"}],"wp:featuredmedia":[{"embeddable":true,"href":"https:\/\/www.otiumhome.fi\/index.php\/wp-json\/"}],"wp:attachment":[{"href":"https:\/\/www.otiumhome.fi\/index.php\/wp-json\/wp\/v2\/media?parent=140976"}],"wp:term":[{"taxonomy":"product_brand","embeddable":true,"href":"https:\/\/www.otiumhome.fi\/index.php\/wp-json\/wp\/v2\/product_brand?post=140976"},{"taxonomy":"product_cat","embeddable":true,"href":"https:\/\/www.otiumhome.fi\/index.php\/wp-json\/wp\/v2\/product_cat?post=140976"},{"taxonomy":"product_tag","embeddable":true,"href":"https:\/\/www.otiumhome.fi\/index.php\/wp-json\/wp\/v2\/product_tag?post=140976"}],"curies":[{"name":"wp","href":"https:\/\/api.w.org\/{rel}","templated":true}]}}