{"id":140878,"date":"2025-02-09T06:09:06","date_gmt":"2025-02-09T06:09:06","guid":{"rendered":"https:\/\/www.otiumhome.fi\/?p=140878"},"modified":"2025-06-06T19:31:27","modified_gmt":"2025-06-06T19:31:27","slug":"tyopoyta-laatikoilla-105x55x70-cm-taysi-mangopuu-ja-rauta","status":"publish","type":"product","link":"https:\/\/www.otiumhome.fi\/index.php\/tuote\/tyopoyta-laatikoilla-105x55x70-cm-taysi-mangopuu-ja-rauta\/","title":{"rendered":"Ty\u00f6p\u00f6yt\u00e4 laatikoilla 105x55x70 cm t\u00e4ysi mangopuu ja rauta"},"content":{"rendered":"<p>Tuo eleganttia tunnelmaa ty\u00f6- tai opiskelupisteeseesi t\u00e4ll\u00e4 puisella ty\u00f6p\u00f6yd\u00e4ll\u00e4!<\/p>\n<\/p>\n<ul>\n<li> Kest\u00e4v\u00e4 materiaali: T\u00e4ysi mangopuu on luja trooppinen lehtipuu, josta valmistetaan tukevia kalusteita. Kauniit puunsyyt tekev\u00e4t jokaisesta kalusteesta hieman erilaisen kuin seuraavasta. <\/li>\n<li>Rautajalat: Ty\u00f6p\u00f6yd\u00e4n rautajalat takaavat tukevuuden ja vakauden. <\/li>\n<li>Lis\u00e4\u00e4 s\u00e4ilytystilaa: T\u00e4ss\u00e4 toimistop\u00f6yd\u00e4ss\u00e4 on kaksi laatikkoa, jotka tarjoavat runsaasti s\u00e4ilytystilaa opiskelutarvikkeiden pit\u00e4miseen k\u00e4den ulottuvilla. <\/li>\n<\/ul>\n<p>Hyv\u00e4 tiet\u00e4\u00e4:<\/p>\n<ul>\n<li>Jokainen kappale on ainutlaatuisen eroavilla v\u00e4reill\u00e4 ja puunsyill\u00e4. Toimitus on sattumanvarainen, t\u00e4m\u00e4 takaa tuotteesi erityisyyden ja ainutlaatuisuuden.<\/li>\n<\/ul>\n<ul>\n<li>Materiaali: T\u00e4ysi mangopuu luonnollisella viimeistelyll\u00e4, musta jauhemaalattu rauta <\/li>\n<li>Mitat: 105 x 55 x 70 cm (P x L x K) <\/li>\n<li>Asennus vaaditaan: Kyll\u00e4<\/li>\n<\/ul>\n","protected":false},"excerpt":{"rendered":"<ul>\n<li>Materiaali: T\u00e4ysi mangopuu luonnollisella viimeistelyll\u00e4, musta jauhemaalattu rauta <\/li>\n<li>Mitat: 105 x 55 x 70 cm (P x L x K) <\/li>\n<li>Asennus vaaditaan: Kyll\u00e4<\/li>\n<\/ul>\n","protected":false},"featured_media":100000140878,"comment_status":"closed","ping_status":"closed","template":"","meta":[],"product_brand":[],"product_cat":[84,8643],"product_tag":[],"class_list":{"0":"post-140878","1":"product","2":"type-product","3":"status-publish","4":"has-post-thumbnail","6":"product_cat-huonekalut","7":"product_cat-tyotuolit","9":"first","10":"instock","11":"taxable","12":"shipping-taxable","13":"purchasable","14":"product-type-simple"},"_links":{"self":[{"href":"https:\/\/www.otiumhome.fi\/index.php\/wp-json\/wp\/v2\/product\/140878","targetHints":{"allow":["GET"]}}],"collection":[{"href":"https:\/\/www.otiumhome.fi\/index.php\/wp-json\/wp\/v2\/product"}],"about":[{"href":"https:\/\/www.otiumhome.fi\/index.php\/wp-json\/wp\/v2\/types\/product"}],"replies":[{"embeddable":true,"href":"https:\/\/www.otiumhome.fi\/index.php\/wp-json\/wp\/v2\/comments?post=140878"}],"wp:featuredmedia":[{"embeddable":true,"href":"https:\/\/www.otiumhome.fi\/index.php\/wp-json\/"}],"wp:attachment":[{"href":"https:\/\/www.otiumhome.fi\/index.php\/wp-json\/wp\/v2\/media?parent=140878"}],"wp:term":[{"taxonomy":"product_brand","embeddable":true,"href":"https:\/\/www.otiumhome.fi\/index.php\/wp-json\/wp\/v2\/product_brand?post=140878"},{"taxonomy":"product_cat","embeddable":true,"href":"https:\/\/www.otiumhome.fi\/index.php\/wp-json\/wp\/v2\/product_cat?post=140878"},{"taxonomy":"product_tag","embeddable":true,"href":"https:\/\/www.otiumhome.fi\/index.php\/wp-json\/wp\/v2\/product_tag?post=140878"}],"curies":[{"name":"wp","href":"https:\/\/api.w.org\/{rel}","templated":true}]}}