{"id":140214,"date":"2025-02-08T19:40:26","date_gmt":"2025-02-08T19:40:26","guid":{"rendered":"https:\/\/www.otiumhome.fi\/?p=140214"},"modified":"2025-06-06T15:42:29","modified_gmt":"2025-06-06T15:42:29","slug":"tyopoyta-musta-tammi-101x50x765-cm-tekninen-puu","status":"publish","type":"product","link":"https:\/\/www.otiumhome.fi\/index.php\/tuote\/tyopoyta-musta-tammi-101x50x765-cm-tekninen-puu\/","title":{"rendered":"Ty\u00f6p\u00f6yt\u00e4 musta tammi 101x50x76,5 cm tekninen puu"},"content":{"rendered":"<p>T\u00e4m\u00e4 ty\u00f6p\u00f6yt\u00e4 on erinomainen valinta kotiin, toimistoon, kouluun, jne.<\/p>\n<\/p>\n<ul>\n<li>Vakaa ja kest\u00e4v\u00e4 materiaali: Tekninen puu on kest\u00e4v\u00e4 ja vakaa materiaali, jonka sile\u00e4 pinta kest\u00e4\u00e4 kosteutta, v\u00e4\u00e4ntymist\u00e4 ja halkeilua, joten se on luotettava valinta erilaisiin projekteihin. T\u00e4ss\u00e4 ty\u00f6p\u00f6yd\u00e4ss\u00e4 on tukeva ja vakaa rakenne.<\/li>\n<li>Runsaasti s\u00e4ilytystilaa: P\u00f6yt\u00e4 sis\u00e4lt\u00e4\u00e4 kaksi laatikkoa, jotka tarjoavat laajat s\u00e4ilytysvaihtoehdot kaikille t\u00e4rkeille toimistotavaroille ja auttavat pit\u00e4m\u00e4\u00e4n ty\u00f6tilasi j\u00e4rjestyksess\u00e4 ja sotkuttomana.<\/li>\n<li>Tilava p\u00f6yt\u00e4levy: Ty\u00f6p\u00f6yd\u00e4n p\u00f6yt\u00e4levy sopii erinomaisesti tietokoneen n\u00e4yt\u00f6n, n\u00e4pp\u00e4imist\u00f6n ja hiiren tai muistikirjan sijoittamiseen mukavaan kirjoittamiseen tai lukemiseen.<\/li>\n<li>Helppo puhdistaa: Toimistop\u00f6yt\u00e4 on helppo puhdistaa kostealla liinalla.<\/li>\n<\/ul>\n<ul>\n<li>V\u00e4ri: Musta tammi<\/li>\n<li>Materiaali: Tekninen puu<\/li>\n<li>Mitat: 101 x 50 x 76,5 cm (P x L x K)<\/li>\n<li>Asennus vaaditaan: Kyll\u00e4<\/li>\n<\/ul>\n","protected":false},"excerpt":{"rendered":"<ul>\n<li>V\u00e4ri: Musta tammi<\/li>\n<li>Materiaali: Tekninen puu<\/li>\n<li>Mitat: 101 x 50 x 76,5 cm (P x L x K)<\/li>\n<li>Asennus vaaditaan: Kyll\u00e4<\/li>\n<\/ul>\n","protected":false},"featured_media":100000140214,"comment_status":"closed","ping_status":"closed","template":"","meta":[],"product_brand":[],"product_cat":[84,8551],"product_tag":[],"class_list":{"0":"post-140214","1":"product","2":"type-product","3":"status-publish","4":"has-post-thumbnail","6":"product_cat-huonekalut","7":"product_cat-kirjoituspoydat","9":"first","10":"instock","11":"taxable","12":"shipping-taxable","13":"purchasable","14":"product-type-simple"},"_links":{"self":[{"href":"https:\/\/www.otiumhome.fi\/index.php\/wp-json\/wp\/v2\/product\/140214","targetHints":{"allow":["GET"]}}],"collection":[{"href":"https:\/\/www.otiumhome.fi\/index.php\/wp-json\/wp\/v2\/product"}],"about":[{"href":"https:\/\/www.otiumhome.fi\/index.php\/wp-json\/wp\/v2\/types\/product"}],"replies":[{"embeddable":true,"href":"https:\/\/www.otiumhome.fi\/index.php\/wp-json\/wp\/v2\/comments?post=140214"}],"wp:featuredmedia":[{"embeddable":true,"href":"https:\/\/www.otiumhome.fi\/index.php\/wp-json\/"}],"wp:attachment":[{"href":"https:\/\/www.otiumhome.fi\/index.php\/wp-json\/wp\/v2\/media?parent=140214"}],"wp:term":[{"taxonomy":"product_brand","embeddable":true,"href":"https:\/\/www.otiumhome.fi\/index.php\/wp-json\/wp\/v2\/product_brand?post=140214"},{"taxonomy":"product_cat","embeddable":true,"href":"https:\/\/www.otiumhome.fi\/index.php\/wp-json\/wp\/v2\/product_cat?post=140214"},{"taxonomy":"product_tag","embeddable":true,"href":"https:\/\/www.otiumhome.fi\/index.php\/wp-json\/wp\/v2\/product_tag?post=140214"}],"curies":[{"name":"wp","href":"https:\/\/api.w.org\/{rel}","templated":true}]}}