{"id":140212,"date":"2025-02-08T19:40:25","date_gmt":"2025-02-08T19:40:25","guid":{"rendered":"https:\/\/www.otiumhome.fi\/?p=140212"},"modified":"2025-09-29T23:29:51","modified_gmt":"2025-09-29T23:29:51","slug":"tyopoyta-musta-tammi-90x40x72-cm-tekopuu","status":"publish","type":"product","link":"https:\/\/www.otiumhome.fi\/index.php\/tuote\/tyopoyta-musta-tammi-90x40x72-cm-tekopuu\/","title":{"rendered":"Ty\u00f6p\u00f6yt\u00e4 musta tammi 90x40x72 cm tekopuu"},"content":{"rendered":"<p>T\u00e4m\u00e4 tyylik\u00e4s ja moderni ty\u00f6p\u00f6yt\u00e4 on tarkoitettu k\u00e4yt\u00e4nn\u00f6lliseksi lis\u00e4ksi sek\u00e4 ty\u00f6pisteeseesi ett\u00e4 ty\u00f6pisteeseesi!<\/p>\n<\/p>\n<ul>\n<li>Ensiluokkainen materiaali: Puu on poikkeuksellisen laadukasta ja sile\u00e4pintaista. Se on my\u00f6s kest\u00e4v\u00e4\u00e4, vakaata ja kest\u00e4\u00e4 kosteutta.<\/li>\n<li>Laaja k\u00e4ytt\u00f6alue: T\u00e4m\u00e4 ty\u00f6asema sopii t\u00e4ydellisesti pieneen toimistoon, asuntolaan, ahtaaseen kotiin ja kaupalliseen ty\u00f6pisteeseen. Se hallitsee t\u00e4ydellisesti k\u00e4ytett\u00e4viss\u00e4 olevaa tilaa!<\/li>\n<li>Helppo puhdistaa: Tietokonep\u00f6yt\u00e4 on helppo puhdistaa kostealla liinalla.<\/li>\n<\/ul>\n<ul>\n<li>V\u00e4ri: Musta tammi<\/li>\n<li>Materiaali: Puusep\u00e4nty\u00f6t<\/li>\n<li>Mitat: 90 x 40 x 72 cm (L x S x K)<\/li>\n<li>Kokoaminen vaaditaan: Kyll\u00e4<\/li>\n<\/ul>\n","protected":false},"excerpt":{"rendered":"<ul>\n<li>V\u00e4ri: Musta tammi<\/li>\n<li>Materiaali: Puusep\u00e4nty\u00f6t<\/li>\n<li>Mitat: 90 x 40 x 72 cm (L x S x K)<\/li>\n<li>Kokoaminen vaaditaan: Kyll\u00e4<\/li>\n<\/ul>\n","protected":false},"featured_media":100000140212,"comment_status":"closed","ping_status":"closed","template":"","meta":[],"product_brand":[],"product_cat":[84,8551],"product_tag":[],"class_list":{"0":"post-140212","1":"product","2":"type-product","3":"status-publish","4":"has-post-thumbnail","6":"product_cat-huonekalut","7":"product_cat-kirjoituspoydat","9":"first","10":"instock","11":"taxable","12":"shipping-taxable","13":"purchasable","14":"product-type-simple"},"_links":{"self":[{"href":"https:\/\/www.otiumhome.fi\/index.php\/wp-json\/wp\/v2\/product\/140212","targetHints":{"allow":["GET"]}}],"collection":[{"href":"https:\/\/www.otiumhome.fi\/index.php\/wp-json\/wp\/v2\/product"}],"about":[{"href":"https:\/\/www.otiumhome.fi\/index.php\/wp-json\/wp\/v2\/types\/product"}],"replies":[{"embeddable":true,"href":"https:\/\/www.otiumhome.fi\/index.php\/wp-json\/wp\/v2\/comments?post=140212"}],"wp:featuredmedia":[{"embeddable":true,"href":"https:\/\/www.otiumhome.fi\/index.php\/wp-json\/"}],"wp:attachment":[{"href":"https:\/\/www.otiumhome.fi\/index.php\/wp-json\/wp\/v2\/media?parent=140212"}],"wp:term":[{"taxonomy":"product_brand","embeddable":true,"href":"https:\/\/www.otiumhome.fi\/index.php\/wp-json\/wp\/v2\/product_brand?post=140212"},{"taxonomy":"product_cat","embeddable":true,"href":"https:\/\/www.otiumhome.fi\/index.php\/wp-json\/wp\/v2\/product_cat?post=140212"},{"taxonomy":"product_tag","embeddable":true,"href":"https:\/\/www.otiumhome.fi\/index.php\/wp-json\/wp\/v2\/product_tag?post=140212"}],"curies":[{"name":"wp","href":"https:\/\/api.w.org\/{rel}","templated":true}]}}