{"id":140206,"date":"2025-02-08T19:40:16","date_gmt":"2025-02-08T19:40:16","guid":{"rendered":"https:\/\/www.otiumhome.fi\/?p=140206"},"modified":"2025-06-06T15:42:22","modified_gmt":"2025-06-06T15:42:22","slug":"tietokonepoyta-valkoinen-ja-sonoma-tammi-110x60x70-cm-lastulevy","status":"publish","type":"product","link":"https:\/\/www.otiumhome.fi\/index.php\/tuote\/tietokonepoyta-valkoinen-ja-sonoma-tammi-110x60x70-cm-lastulevy\/","title":{"rendered":"Tietokonep\u00f6yt\u00e4 valkoinen ja Sonoma-tammi 110x60x70 cm lastulevy"},"content":{"rendered":"<p>Kuten kaikki parhaat mallit, yksinkertainen mutta tyylik\u00e4s tietokonep\u00f6yt\u00e4 on puhdaslinjainen, tilaa s\u00e4\u00e4st\u00e4v\u00e4 ja se ei varmasti koskaan vanhene. Se tarjoaa suuren ty\u00f6skentelyalueen, joten se on eritt\u00e4in k\u00e4yt\u00e4nn\u00f6llinen, k\u00e4tev\u00e4 ja monipuolinen huonekalu k\u00e4ytett\u00e4v\u00e4ksi kotona tai toimistossa.<\/p>\n<\/p>\n<p>Teknisest\u00e4 puusta ja jauhemaalatusta metallista valmistettu ty\u00f6p\u00f6yt\u00e4 on eritt\u00e4in vakaa, tukeva ja kest\u00e4v\u00e4. Lis\u00e4ksi metallirunko antaa ty\u00f6p\u00f6yd\u00e4lle teollista tyyli\u00e4 ja tuo sisustukseen ripauksen ainutlaatuista vieh\u00e4tysvoimaa. P\u00e4ivit\u00e4 sisustuksesi uudelle tasolle t\u00e4ll\u00e4 modernilla ty\u00f6p\u00f6yd\u00e4ll\u00e4!<\/p>\n<ul>\n<li>V\u00e4ri: Valkoinen ja tammi<\/li>\n<li>Materiaali: Tekninen puu, jauhemaalattu metalli<\/li>\n<li>Kokonaismitat: 110 x 60 x 70 cm (L x S x K)<\/li>\n<li>Asennus vaaditaan: kyll\u00e4<\/li>\n<\/ul>\n","protected":false},"excerpt":{"rendered":"<ul>\n<li>V\u00e4ri: Valkoinen ja tammi<\/li>\n<li>Materiaali: Tekninen puu, jauhemaalattu metalli<\/li>\n<li>Kokonaismitat: 110 x 60 x 70 cm (L x S x K)<\/li>\n<li>Asennus vaaditaan: kyll\u00e4<\/li>\n<\/ul>\n","protected":false},"featured_media":100000140206,"comment_status":"closed","ping_status":"closed","template":"","meta":[],"product_brand":[],"product_cat":[84,8551],"product_tag":[],"class_list":{"0":"post-140206","1":"product","2":"type-product","3":"status-publish","4":"has-post-thumbnail","6":"product_cat-huonekalut","7":"product_cat-kirjoituspoydat","9":"first","10":"instock","11":"taxable","12":"shipping-taxable","13":"purchasable","14":"product-type-simple"},"_links":{"self":[{"href":"https:\/\/www.otiumhome.fi\/index.php\/wp-json\/wp\/v2\/product\/140206","targetHints":{"allow":["GET"]}}],"collection":[{"href":"https:\/\/www.otiumhome.fi\/index.php\/wp-json\/wp\/v2\/product"}],"about":[{"href":"https:\/\/www.otiumhome.fi\/index.php\/wp-json\/wp\/v2\/types\/product"}],"replies":[{"embeddable":true,"href":"https:\/\/www.otiumhome.fi\/index.php\/wp-json\/wp\/v2\/comments?post=140206"}],"wp:featuredmedia":[{"embeddable":true,"href":"https:\/\/www.otiumhome.fi\/index.php\/wp-json\/"}],"wp:attachment":[{"href":"https:\/\/www.otiumhome.fi\/index.php\/wp-json\/wp\/v2\/media?parent=140206"}],"wp:term":[{"taxonomy":"product_brand","embeddable":true,"href":"https:\/\/www.otiumhome.fi\/index.php\/wp-json\/wp\/v2\/product_brand?post=140206"},{"taxonomy":"product_cat","embeddable":true,"href":"https:\/\/www.otiumhome.fi\/index.php\/wp-json\/wp\/v2\/product_cat?post=140206"},{"taxonomy":"product_tag","embeddable":true,"href":"https:\/\/www.otiumhome.fi\/index.php\/wp-json\/wp\/v2\/product_tag?post=140206"}],"curies":[{"name":"wp","href":"https:\/\/api.w.org\/{rel}","templated":true}]}}