{"id":140165,"date":"2025-02-08T19:14:16","date_gmt":"2025-02-08T19:14:16","guid":{"rendered":"https:\/\/www.otiumhome.fi\/?p=140165"},"modified":"2025-12-14T05:47:35","modified_gmt":"2025-12-14T05:47:35","slug":"ulkobaaripoyta-hirsityyli-90x54x105-cm-taysi-akasiapuu","status":"publish","type":"product","link":"https:\/\/www.otiumhome.fi\/index.php\/tuote\/ulkobaaripoyta-hirsityyli-90x54x105-cm-taysi-akasiapuu\/","title":{"rendered":"Ulkobaarip\u00f6yt\u00e4 hirsityyli 90x54x105 cm t\u00e4ysi akasiapuu"},"content":{"rendered":"<p>Kutsu yst\u00e4v\u00e4si tai perheesi nauttimaan kuplivaa juotavaa tai iltap\u00e4iv\u00e4teet\u00e4 t\u00e4m\u00e4n hirsipuup\u00f6yd\u00e4n ymp\u00e4rille.<\/p>\n<\/p>\n<ul>\n<li>T\u00e4ysi akasiapuinen p\u00f6yt\u00e4levy: P\u00f6yt\u00e4levy on valmistettu t\u00e4ydest\u00e4 akasiapuusta. T\u00e4ysi akasiapuu on kaunis luonnollinen materiaali. Akasiapuu on trooppinen lehtipuu, joka on tihe\u00e4\u00e4, tukevaa ja kest\u00e4v\u00e4\u00e4.<\/li>\n<li>Rautajalat: Rautajalat lis\u00e4\u00e4v\u00e4t sisustukseesi teollista tyyli\u00e4 ja takaavat samalla vakauden.<\/li>\n<li>Ajaton muotoilu: P\u00f6yt\u00e4levy on k\u00e4sitelty erottuvalla tyylill\u00e4, jotta puun syyt pysyv\u00e4t n\u00e4kyviss\u00e4. Luonnolliset halkeamat ja rungon muoto luovat tiloihisi maalaismaista charmia. P\u00f6yd\u00e4n alla oleva avoin mahdollistaa jalkojen vapaan venyttelyn.<\/li>\n<\/ul>\n<p>Hyv\u00e4 tiet\u00e4\u00e4:<\/p>\n<ul>\n<li>V\u00e4rit ja puunsyyt vaihtelevat kappaleittain, mik\u00e4 tekee jokaisesta kappaleesta ainutlaatuisen. Toimitus on sattumanvarainen, t\u00e4m\u00e4 takaa tuotteesi erityisyyden ja ainutlaatuisuuden.<\/li>\n<\/ul>\n<ul>\n<li>Materiaali: Hunajav\u00e4rj\u00e4tty t\u00e4ysi akasiapuu, rauta<\/li>\n<li>Mitat: 90 x 54 x 105 cm (P x L x K)<\/li>\n<li>P\u00f6yt\u00e4levyn paksuus: 5 cm<\/li>\n<li>Asennus vaaditaan: kyll\u00e4<\/li>\n<\/ul>\n","protected":false},"excerpt":{"rendered":"<ul>\n<li>Materiaali: Hunajav\u00e4rj\u00e4tty t\u00e4ysi akasiapuu, rauta<\/li>\n<li>Mitat: 90 x 54 x 105 cm (P x L x K)<\/li>\n<li>P\u00f6yt\u00e4levyn paksuus: 5 cm<\/li>\n<li>Asennus vaaditaan: kyll\u00e4<\/li>\n<\/ul>\n","protected":false},"featured_media":100000140165,"comment_status":"closed","ping_status":"closed","template":"","meta":[],"product_brand":[],"product_cat":[84,8543],"product_tag":[],"class_list":{"0":"post-140165","1":"product","2":"type-product","3":"status-publish","4":"has-post-thumbnail","6":"product_cat-huonekalut","7":"product_cat-keittion-ruokapoydat","9":"first","10":"instock","11":"taxable","12":"shipping-taxable","13":"purchasable","14":"product-type-simple"},"_links":{"self":[{"href":"https:\/\/www.otiumhome.fi\/index.php\/wp-json\/wp\/v2\/product\/140165","targetHints":{"allow":["GET"]}}],"collection":[{"href":"https:\/\/www.otiumhome.fi\/index.php\/wp-json\/wp\/v2\/product"}],"about":[{"href":"https:\/\/www.otiumhome.fi\/index.php\/wp-json\/wp\/v2\/types\/product"}],"replies":[{"embeddable":true,"href":"https:\/\/www.otiumhome.fi\/index.php\/wp-json\/wp\/v2\/comments?post=140165"}],"wp:featuredmedia":[{"embeddable":true,"href":"https:\/\/www.otiumhome.fi\/index.php\/wp-json\/"}],"wp:attachment":[{"href":"https:\/\/www.otiumhome.fi\/index.php\/wp-json\/wp\/v2\/media?parent=140165"}],"wp:term":[{"taxonomy":"product_brand","embeddable":true,"href":"https:\/\/www.otiumhome.fi\/index.php\/wp-json\/wp\/v2\/product_brand?post=140165"},{"taxonomy":"product_cat","embeddable":true,"href":"https:\/\/www.otiumhome.fi\/index.php\/wp-json\/wp\/v2\/product_cat?post=140165"},{"taxonomy":"product_tag","embeddable":true,"href":"https:\/\/www.otiumhome.fi\/index.php\/wp-json\/wp\/v2\/product_tag?post=140165"}],"curies":[{"name":"wp","href":"https:\/\/api.w.org\/{rel}","templated":true}]}}