{"id":140163,"date":"2025-02-08T19:14:08","date_gmt":"2025-02-08T19:14:08","guid":{"rendered":"https:\/\/www.otiumhome.fi\/?p=140163"},"modified":"2025-06-06T15:36:46","modified_gmt":"2025-06-06T15:36:46","slug":"ruokapoyta-200x90x76-cm-karkea-mangopuu","status":"publish","type":"product","link":"https:\/\/www.otiumhome.fi\/index.php\/tuote\/ruokapoyta-200x90x76-cm-karkea-mangopuu\/","title":{"rendered":"Ruokap\u00f6yt\u00e4 200x90x76 cm karkea mangopuu"},"content":{"rendered":"<p>Nauti t\u00e4ydellinen ateria joka p\u00e4iv\u00e4 perheesi tai yst\u00e4viesi kesken t\u00e4m\u00e4n puisen ruokap\u00f6yd\u00e4n \u00e4\u00e4rell\u00e4!<\/p>\n<\/p>\n<p>T\u00e4m\u00e4 keitti\u00f6n p\u00f6yt\u00e4 on valmistettu karkeasta mangopuusta, joka on hyvin painoa kantava trooppinen kovapuu. Se on my\u00f6s vakaa ja kest\u00e4v\u00e4, joten se kest\u00e4\u00e4 ajan tuomaa kulutusta. Jauhemaalatut ter\u00e4sjalat ja ter\u00e4ksinen ristipalkki tuovat oman lis\u00e4ns\u00e4 p\u00f6yd\u00e4n vahvuuteen. Puiselle p\u00f6yt\u00e4levylle voi asettaa ruoat, juomat ja koriste-esineet.<\/p>\n<\/p>\n<p>T\u00e4rke\u00e4 huomio: V\u00e4rit ja puunsyyt vaihtelevat kappaleittain, mik\u00e4 tekee jokaisesta huonekalusta ainutlaatuisen. Toimitus on sattumanvarainen.<\/p>\n<ul>\n<li>Materiaali: karkea mangopuu luonnollisella viimeistelyll\u00e4, jauhemaalattu ter\u00e4s<\/li>\n<li>Mitat: 200 x 90 x 76 cm (P x L x K)<\/li>\n<li>Asennus vaaditaan: kyll\u00e4<\/li>\n<\/ul>\n","protected":false},"excerpt":{"rendered":"<ul>\n<li>Materiaali: karkea mangopuu luonnollisella viimeistelyll\u00e4, jauhemaalattu ter\u00e4s<\/li>\n<li>Mitat: 200 x 90 x 76 cm (P x L x K)<\/li>\n<li>Asennus vaaditaan: kyll\u00e4<\/li>\n<\/ul>\n","protected":false},"featured_media":100000140163,"comment_status":"closed","ping_status":"closed","template":"","meta":[],"product_brand":[],"product_cat":[84,8543],"product_tag":[],"class_list":{"0":"post-140163","1":"product","2":"type-product","3":"status-publish","4":"has-post-thumbnail","6":"product_cat-huonekalut","7":"product_cat-keittion-ruokapoydat","9":"first","10":"outofstock","11":"taxable","12":"shipping-taxable","13":"purchasable","14":"product-type-simple"},"_links":{"self":[{"href":"https:\/\/www.otiumhome.fi\/index.php\/wp-json\/wp\/v2\/product\/140163","targetHints":{"allow":["GET"]}}],"collection":[{"href":"https:\/\/www.otiumhome.fi\/index.php\/wp-json\/wp\/v2\/product"}],"about":[{"href":"https:\/\/www.otiumhome.fi\/index.php\/wp-json\/wp\/v2\/types\/product"}],"replies":[{"embeddable":true,"href":"https:\/\/www.otiumhome.fi\/index.php\/wp-json\/wp\/v2\/comments?post=140163"}],"wp:featuredmedia":[{"embeddable":true,"href":"https:\/\/www.otiumhome.fi\/index.php\/wp-json\/"}],"wp:attachment":[{"href":"https:\/\/www.otiumhome.fi\/index.php\/wp-json\/wp\/v2\/media?parent=140163"}],"wp:term":[{"taxonomy":"product_brand","embeddable":true,"href":"https:\/\/www.otiumhome.fi\/index.php\/wp-json\/wp\/v2\/product_brand?post=140163"},{"taxonomy":"product_cat","embeddable":true,"href":"https:\/\/www.otiumhome.fi\/index.php\/wp-json\/wp\/v2\/product_cat?post=140163"},{"taxonomy":"product_tag","embeddable":true,"href":"https:\/\/www.otiumhome.fi\/index.php\/wp-json\/wp\/v2\/product_tag?post=140163"}],"curies":[{"name":"wp","href":"https:\/\/api.w.org\/{rel}","templated":true}]}}