{"id":140161,"date":"2025-02-08T19:13:05","date_gmt":"2025-02-08T19:13:05","guid":{"rendered":"https:\/\/www.otiumhome.fi\/?p=140161"},"modified":"2025-02-09T10:21:36","modified_gmt":"2025-02-09T10:21:36","slug":"ruokapoyta-240x100x75-cm-taysi-kierratetty-puu","status":"publish","type":"product","link":"https:\/\/www.otiumhome.fi\/index.php\/tuote\/ruokapoyta-240x100x75-cm-taysi-kierratetty-puu\/","title":{"rendered":"Ruokap\u00f6yt\u00e4 240x100x75 cm t\u00e4ysi kierr\u00e4tetty puu"},"content":{"rendered":"<p>Nauti t\u00e4ydellinen ateria joka p\u00e4iv\u00e4 perheesi tai yst\u00e4viesi kesken t\u00e4m\u00e4n puisen ruokap\u00f6yd\u00e4n \u00e4\u00e4rell\u00e4!   <\/p>\n<\/p>\n<p>Ruokap\u00f6yt\u00e4 on valmistettu kierr\u00e4tetyst\u00e4 t\u00e4yspuusta, joka on ker\u00e4tty vanhojen purkamiseen p\u00e4\u00e4tyneiden talojen pylv\u00e4ist\u00e4, lattioista ja tukipalkeista. Se voi siten koostua monista eri puulajeista, kuten m\u00e4nnyst\u00e4, tiikist\u00e4, py\u00f6kist\u00e4, tammesta, setripuusta, mangopuusta, akaasiapuusta jne. T\u00e4m\u00e4 tarkoittaa sit\u00e4, ett\u00e4 kierr\u00e4tyspuussa on kaikkien eri puulajien ominaisuuksia. Kierr\u00e4tetty puu on jo vanhentunutta, kulunutta ja kuivunutta, joten se ei kutistu eik\u00e4 taivu. P\u00f6yt\u00e4 on kokonaan k\u00e4sin valmistettu ja puun kauniit pintakuviot tekev\u00e4t jokaisesta huonekalusta ainutlaatuisen ja hieman toisistaan poikkeavan. Tukevalle p\u00f6yt\u00e4levylle voidaan asettaa ruokia, juomia ja koriste-esineit\u00e4.<\/p>\n<\/p>\n<p>T\u00e4rke\u00e4 huomio: V\u00e4rit ja puunsyyt vaihtelevat kappaleittain, mik\u00e4 tekee jokaisesta huonekalusta ainutlaatuisen. Toimitus on sattumanvarainen, t\u00e4m\u00e4 takaa tuotteesi ainutlaatuisuuden.<\/p>\n<ul>\n<li>Materiaali: karkeaksi viimeistelty kierr\u00e4tetty t\u00e4yspuu, jauhemaalattu ter\u00e4s<\/li>\n<li>Mitat: 240 x 100 x 75 cm (P x L x K)<\/li>\n<li>Asennus vaaditaan: kyll\u00e4<\/li>\n<\/ul>\n","protected":false},"excerpt":{"rendered":"<ul>\n<li>Materiaali: karkeaksi viimeistelty kierr\u00e4tetty t\u00e4yspuu, jauhemaalattu ter\u00e4s<\/li>\n<li>Mitat: 240 x 100 x 75 cm (P x L x K)<\/li>\n<li>Asennus vaaditaan: kyll\u00e4<\/li>\n<\/ul>\n","protected":false},"featured_media":100000140161,"comment_status":"closed","ping_status":"closed","template":"","meta":[],"product_brand":[],"product_cat":[84,8543],"product_tag":[],"class_list":{"0":"post-140161","1":"product","2":"type-product","3":"status-publish","4":"has-post-thumbnail","6":"product_cat-huonekalut","7":"product_cat-keittion-ruokapoydat","9":"first","10":"outofstock","11":"taxable","12":"shipping-taxable","13":"purchasable","14":"product-type-simple"},"_links":{"self":[{"href":"https:\/\/www.otiumhome.fi\/index.php\/wp-json\/wp\/v2\/product\/140161","targetHints":{"allow":["GET"]}}],"collection":[{"href":"https:\/\/www.otiumhome.fi\/index.php\/wp-json\/wp\/v2\/product"}],"about":[{"href":"https:\/\/www.otiumhome.fi\/index.php\/wp-json\/wp\/v2\/types\/product"}],"replies":[{"embeddable":true,"href":"https:\/\/www.otiumhome.fi\/index.php\/wp-json\/wp\/v2\/comments?post=140161"}],"wp:featuredmedia":[{"embeddable":true,"href":"https:\/\/www.otiumhome.fi\/index.php\/wp-json\/"}],"wp:attachment":[{"href":"https:\/\/www.otiumhome.fi\/index.php\/wp-json\/wp\/v2\/media?parent=140161"}],"wp:term":[{"taxonomy":"product_brand","embeddable":true,"href":"https:\/\/www.otiumhome.fi\/index.php\/wp-json\/wp\/v2\/product_brand?post=140161"},{"taxonomy":"product_cat","embeddable":true,"href":"https:\/\/www.otiumhome.fi\/index.php\/wp-json\/wp\/v2\/product_cat?post=140161"},{"taxonomy":"product_tag","embeddable":true,"href":"https:\/\/www.otiumhome.fi\/index.php\/wp-json\/wp\/v2\/product_tag?post=140161"}],"curies":[{"name":"wp","href":"https:\/\/api.w.org\/{rel}","templated":true}]}}