{"id":140145,"date":"2025-02-08T19:11:44","date_gmt":"2025-02-08T19:11:44","guid":{"rendered":"https:\/\/www.otiumhome.fi\/?p=140145"},"modified":"2025-12-14T04:43:28","modified_gmt":"2025-12-14T04:43:28","slug":"baarituolit-2-kpl-kierratetty-tayspuu","status":"publish","type":"product","link":"https:\/\/www.otiumhome.fi\/index.php\/tuote\/baarituolit-2-kpl-kierratetty-tayspuu\/","title":{"rendered":"Baarituolit 2 kpl kierr\u00e4tetty t\u00e4yspuu"},"content":{"rendered":"<p>N\u00e4iden puisten baarituolien \u00e4\u00e4rell\u00e4 voit siemailla viini\u00e4, haukata v\u00e4lipalaa tai rentoutua perheesi ja yst\u00e4viesi kesken!<\/p>\n<\/p>\n<p>N\u00e4m\u00e4 baarijakkarat on valmistettu kierr\u00e4tetyst\u00e4 t\u00e4yspuusta, joka on ker\u00e4tty vanhojen purkamiseen p\u00e4\u00e4tyneiden talojen pylv\u00e4ist\u00e4, lattioista ja tukipalkeista. Se voi siten koostua monista eri puulajeista, kuten m\u00e4nnyst\u00e4, tiikist\u00e4, py\u00f6kist\u00e4, tammesta, setripuusta, mangopuusta, akaasiapuusta, jne. T\u00e4m\u00e4 tarkoittaa sit\u00e4, ett\u00e4 kierr\u00e4tyspuussa on kaikkien eri puulajien ominaisuuksia. Kierr\u00e4tetty puu on jo vanhentunutta, kulunutta ja kuivunutta, joten se ei kutistu eik\u00e4 taivu. Tuolit ovat t\u00e4ysin k\u00e4sintehtyj\u00e4 ja puun kauniit pintakuviot tekev\u00e4t jokaisesta huonekalusta ainutlaatuisen ja hieman toisistaan poikkeavan. Jauhemaalattu ter\u00e4srunko tekee tuoleista eritt\u00e4in vakaat. Pubijakkaroissa on sis\u00e4\u00e4nrakennettu jalkatuki mukavampaa istumista varten.<\/p>\n<\/p>\n<p>T\u00e4rke\u00e4 huomio: V\u00e4rit ja pintakuviot saattavat vaihdella kappaleesta toiseen, mik\u00e4 tekee jokaisesta kappaleesta ainutlaatuisen ja hieman erilaisen kuin muut. Toimitus on satunnainen.<\/p>\n<ul>\n<li>Materiaali: kierr\u00e4tetty t\u00e4yspuu eri v\u00e4rej\u00e4 sis\u00e4lt\u00e4v\u00e4ll\u00e4 viimeistelyll\u00e4, jauhemaalattu ter\u00e4s<\/li>\n<li>Mitat: 44 x 44 x 84 cm (P x L x K)<\/li>\n<li>Istuimen korkeus maasta: 76 cm<\/li>\n<li>Asennus vaaditaan: kyll\u00e4<\/li>\n<li><strong>Toimitus sis\u00e4lt\u00e4\u00e4:<\/strong><\/li>\n<li>2 x baarituoli<\/li>\n<\/ul>\n","protected":false},"excerpt":{"rendered":"<ul>\n<li>Materiaali: kierr\u00e4tetty t\u00e4yspuu eri v\u00e4rej\u00e4 sis\u00e4lt\u00e4v\u00e4ll\u00e4 viimeistelyll\u00e4, jauhemaalattu ter\u00e4s<\/li>\n<li>Mitat: 44 x 44 x 84 cm (P x L x K)<\/li>\n<li>Istuimen korkeus maasta: 76 cm<\/li>\n<li>Asennus vaaditaan: kyll\u00e4<\/li>\n<li><strong>Toimitus sis\u00e4lt\u00e4\u00e4:<\/strong><\/li>\n<li>2 x baarituoli<\/li>\n<\/ul>\n","protected":false},"featured_media":100000140145,"comment_status":"closed","ping_status":"closed","template":"","meta":[],"product_brand":[],"product_cat":[8536,84],"product_tag":[],"class_list":{"0":"post-140145","1":"product","2":"type-product","3":"status-publish","4":"has-post-thumbnail","6":"product_cat-baarijakkarat","7":"product_cat-huonekalut","9":"first","10":"instock","11":"taxable","12":"shipping-taxable","13":"purchasable","14":"product-type-simple"},"_links":{"self":[{"href":"https:\/\/www.otiumhome.fi\/index.php\/wp-json\/wp\/v2\/product\/140145","targetHints":{"allow":["GET"]}}],"collection":[{"href":"https:\/\/www.otiumhome.fi\/index.php\/wp-json\/wp\/v2\/product"}],"about":[{"href":"https:\/\/www.otiumhome.fi\/index.php\/wp-json\/wp\/v2\/types\/product"}],"replies":[{"embeddable":true,"href":"https:\/\/www.otiumhome.fi\/index.php\/wp-json\/wp\/v2\/comments?post=140145"}],"wp:featuredmedia":[{"embeddable":true,"href":"https:\/\/www.otiumhome.fi\/index.php\/wp-json\/"}],"wp:attachment":[{"href":"https:\/\/www.otiumhome.fi\/index.php\/wp-json\/wp\/v2\/media?parent=140145"}],"wp:term":[{"taxonomy":"product_brand","embeddable":true,"href":"https:\/\/www.otiumhome.fi\/index.php\/wp-json\/wp\/v2\/product_brand?post=140145"},{"taxonomy":"product_cat","embeddable":true,"href":"https:\/\/www.otiumhome.fi\/index.php\/wp-json\/wp\/v2\/product_cat?post=140145"},{"taxonomy":"product_tag","embeddable":true,"href":"https:\/\/www.otiumhome.fi\/index.php\/wp-json\/wp\/v2\/product_tag?post=140145"}],"curies":[{"name":"wp","href":"https:\/\/api.w.org\/{rel}","templated":true}]}}