{"id":139664,"date":"2025-01-25T03:11:42","date_gmt":"2025-01-25T03:11:42","guid":{"rendered":"https:\/\/www.otiumhome.fi\/?p=139664"},"modified":"2025-06-06T16:20:28","modified_gmt":"2025-06-06T16:20:28","slug":"konsolipoytien-neulajalat-4-kpl-musta-72-cm-taysteras","status":"publish","type":"product","link":"https:\/\/www.otiumhome.fi\/index.php\/tuote\/konsolipoytien-neulajalat-4-kpl-musta-72-cm-taysteras\/","title":{"rendered":"konsolip\u00f6ytien neulajalat, 4 kpl, musta, 72 cm, t\u00e4yster\u00e4s"},"content":{"rendered":"<p>N\u00e4m\u00e4 konsolip\u00f6ytien neulajalat yhdist\u00e4v\u00e4t muodon ja toimivuuden. Se on ihanteellinen valinta sohvap\u00f6yt\u00e4si personointiin.<\/p>\n<\/p>\n<ul>\n<li>Kest\u00e4v\u00e4 materiaali: T\u00e4m\u00e4 neulajalka on valmistettu jauhemaalatusta ter\u00e4ksest\u00e4, joten se on tukeva ja pitk\u00e4ik\u00e4inen tukemaan raskasta p\u00f6yt\u00e4levy\u00e4.<\/li>\n<li>K\u00e4yt\u00e4nn\u00f6llinen muotoilu: T\u00e4ss\u00e4 neulajalassa on s\u00e4\u00e4dett\u00e4v\u00e4t tasauspy\u00f6r\u00e4t, jotka varmistavat vakauden my\u00f6s ep\u00e4tasaisilla lattioilla ja minimoivat lattian naarmut. Lis\u00e4ksi kiinnikkeess\u00e4 on esiporatut rei\u00e4t ja toimitukseen sis\u00e4ltyv\u00e4t ruuvit jalan kiinnitt\u00e4miseksi p\u00f6yt\u00e4levyyn (eiv\u00e4t sis\u00e4lly toimitukseen), mik\u00e4 yksinkertaistaa kokoamisprosessia.<\/li>\n<li>Moderni estetiikka: Neulajalka tarjoaa tyylikk\u00e4\u00e4n ja modernin ilmeen. Sen puhtaat linjat ja geometrinen muotoilu parantavat huonekalun yleisilmett\u00e4.<\/li>\n<\/ul>\n<p>Hyv\u00e4 tiet\u00e4\u00e4:<\/p>\n<ul>\n<li>Toimitus sis\u00e4lt\u00e4\u00e4 vain p\u00f6yd\u00e4n jalat, p\u00f6yt\u00e4levy ei sis\u00e4lly toimitukseen.<\/li>\n<\/ul>\n<ul>\n<li>V\u00e4ri: Musta<\/li>\n<li>Materiaali: Massiivijauhemaalattu ter\u00e4s<\/li>\n<li>Kokonaiskorkeus: 72 cm<\/li>\n<li>Putken halkaisija: 12 mm<\/li>\n<li>Kiinnikkeen mitat: 12 x 12 x 0,4 cm (P x L x S)<\/li>\n<li>Jalkojen tasauss\u00e4\u00e4timill\u00e4<\/li>\n<li>Suositeltu k\u00e4ytt\u00f6: konsolip\u00f6yt\u00e4, ruokap\u00f6yt\u00e4, ty\u00f6p\u00f6yt\u00e4<\/li>\n<li><strong>Toimitus sis\u00e4lt\u00e4\u00e4:<\/strong><\/li>\n<li>4 x p\u00f6yd\u00e4njalka (hiusneulalla)<\/li>\n<li>Ruuvit (M5x18mm) jalkojen kiinnitt\u00e4miseksi p\u00f6yt\u00e4levyyn<\/li>\n<\/ul>\n","protected":false},"excerpt":{"rendered":"<ul>\n<li>V\u00e4ri: Musta<\/li>\n<li>Materiaali: Massiivijauhemaalattu ter\u00e4s<\/li>\n<li>Kokonaiskorkeus: 72 cm<\/li>\n<li>Putken halkaisija: 12 mm<\/li>\n<li>Kiinnikkeen mitat: 12 x 12 x 0,4 cm (P x L x S)<\/li>\n<li>Jalkojen tasauss\u00e4\u00e4timill\u00e4<\/li>\n<li>Suositeltu k\u00e4ytt\u00f6: konsolip\u00f6yt\u00e4, ruokap\u00f6yt\u00e4, ty\u00f6p\u00f6yt\u00e4<\/li>\n<li><strong>Toimitus sis\u00e4lt\u00e4\u00e4:<\/strong><\/li>\n<li>4 x p\u00f6yd\u00e4njalka (hiusneulalla)<\/li>\n<li>Ruuvit (M5x18mm) jalkojen kiinnitt\u00e4miseksi p\u00f6yt\u00e4levyyn<\/li>\n<\/ul>\n","protected":false},"featured_media":100000139664,"comment_status":"closed","ping_status":"closed","template":"","meta":[],"product_brand":[],"product_cat":[84,8577],"product_tag":[],"class_list":{"0":"post-139664","1":"product","2":"type-product","3":"status-publish","4":"has-post-thumbnail","6":"product_cat-huonekalut","7":"product_cat-poydanjalat","9":"first","10":"instock","11":"taxable","12":"shipping-taxable","13":"purchasable","14":"product-type-simple"},"_links":{"self":[{"href":"https:\/\/www.otiumhome.fi\/index.php\/wp-json\/wp\/v2\/product\/139664","targetHints":{"allow":["GET"]}}],"collection":[{"href":"https:\/\/www.otiumhome.fi\/index.php\/wp-json\/wp\/v2\/product"}],"about":[{"href":"https:\/\/www.otiumhome.fi\/index.php\/wp-json\/wp\/v2\/types\/product"}],"replies":[{"embeddable":true,"href":"https:\/\/www.otiumhome.fi\/index.php\/wp-json\/wp\/v2\/comments?post=139664"}],"wp:featuredmedia":[{"embeddable":true,"href":"https:\/\/www.otiumhome.fi\/index.php\/wp-json\/"}],"wp:attachment":[{"href":"https:\/\/www.otiumhome.fi\/index.php\/wp-json\/wp\/v2\/media?parent=139664"}],"wp:term":[{"taxonomy":"product_brand","embeddable":true,"href":"https:\/\/www.otiumhome.fi\/index.php\/wp-json\/wp\/v2\/product_brand?post=139664"},{"taxonomy":"product_cat","embeddable":true,"href":"https:\/\/www.otiumhome.fi\/index.php\/wp-json\/wp\/v2\/product_cat?post=139664"},{"taxonomy":"product_tag","embeddable":true,"href":"https:\/\/www.otiumhome.fi\/index.php\/wp-json\/wp\/v2\/product_tag?post=139664"}],"curies":[{"name":"wp","href":"https:\/\/api.w.org\/{rel}","templated":true}]}}