{"id":139576,"date":"2025-01-24T18:55:42","date_gmt":"2025-01-24T18:55:42","guid":{"rendered":"https:\/\/www.otiumhome.fi\/?p=139576"},"modified":"2025-06-06T15:40:48","modified_gmt":"2025-06-06T15:40:48","slug":"kirjahylly-sonoma-oak-60x24x85-cm-engineered-wood","status":"publish","type":"product","link":"https:\/\/www.otiumhome.fi\/index.php\/tuote\/kirjahylly-sonoma-oak-60x24x85-cm-engineered-wood\/","title":{"rendered":"Kirjahylly Sonoma Oak 60x24x85 cm Engineered Wood"},"content":{"rendered":"<p>T\u00e4m\u00e4 kirjahylly tarjoaa t\u00e4ydellisen ratkaisun kirjojen j\u00e4rjest\u00e4miseen ja toimii samalla tyylikk\u00e4\u00e4n\u00e4 ja toimivana lis\u00e4n\u00e4 kotisi sisustukseen.<\/p>\n<\/p>\n<ul>\n<li>Vakaa ja kest\u00e4v\u00e4 materiaali: Tekninen puu on kest\u00e4v\u00e4 ja vakaa materiaali, jonka sile\u00e4 pinta kest\u00e4\u00e4 kosteutta, v\u00e4\u00e4ntymist\u00e4 ja halkeilua, joten se on luotettava valinta erilaisiin projekteihin.<\/li>\n<li>Runsaasti s\u00e4ilytystilaa: T\u00e4ss\u00e4 s\u00e4ilytyskaapissa on yksi hylly ja kaksi ovellista lokeroa, jotka tarjoavat runsaasti tilaa kirjojen, lehtien ja asiakirjojen kokoelmasi pit\u00e4miseen hyv\u00e4ss\u00e4 kunnossa.<\/li>\n<li>K\u00e4yt\u00e4nn\u00f6llinen ovi: S\u00e4ilytyskaapin ovi tarjoaa suljetun s\u00e4ilytystilan, jotta voit pit\u00e4\u00e4 tavarasi j\u00e4rjestyksess\u00e4, suojattuna ja poissa n\u00e4kyvist\u00e4.<\/li>\n<li>Erilaisia k\u00e4ytt\u00f6tarkoituksia: T\u00e4m\u00e4 kirjahylly sopii ihanteellisesti kirjakokoelmallesi. Sit\u00e4 voidaan k\u00e4ytt\u00e4\u00e4 my\u00f6s ker\u00e4ysesineiden, valokuvien, palkintojen, ruukkukasvien ja vastaavien esittelyyn.<\/li>\n<li>Helppo huoltaa: Sile\u00e4n pinnan ansiosta kaappi on helppo puhdistaa kostealla liinalla ja se tarvitsee vain v\u00e4h\u00e4ist\u00e4 huoltoa.<\/li>\n<\/ul>\n<p>Varoitus:<\/p>\n<ul>\n<li>Kaatumisen est\u00e4miseksi t\u00e4t\u00e4 tuotetta on k\u00e4ytett\u00e4v\u00e4 mukana toimitetun sein\u00e4kiinnityslaitteen kanssa.<\/li>\n<\/ul>\n<ul>\n<li>V\u00e4ri: Sonoma-tammi<\/li>\n<li>Materiaali: Tekninen puu<\/li>\n<li>Kokonaismitat: 60 x 24 x 85 cm (L x S x K)<\/li>\n<li>Hyllyn mitat: 57 x 24 x 33,5 cm (L x S x K)<\/li>\n<li>Osaston mitat (kukin): 28 x 24 x 47 cm (L x S x K)<\/li>\n<li>Asennus vaaditaan: Kyll\u00e4<\/li>\n<\/ul>\n","protected":false},"excerpt":{"rendered":"<ul>\n<li>V\u00e4ri: Sonoma-tammi<\/li>\n<li>Materiaali: Tekninen puu<\/li>\n<li>Kokonaismitat: 60 x 24 x 85 cm (L x S x K)<\/li>\n<li>Hyllyn mitat: 57 x 24 x 33,5 cm (L x S x K)<\/li>\n<li>Osaston mitat (kukin): 28 x 24 x 47 cm (L x S x K)<\/li>\n<li>Asennus vaaditaan: Kyll\u00e4<\/li>\n<\/ul>\n","protected":false},"featured_media":100000139576,"comment_status":"closed","ping_status":"closed","template":"","meta":[],"product_brand":[],"product_cat":[84,8547],"product_tag":[],"class_list":{"0":"post-139576","1":"product","2":"type-product","3":"status-publish","4":"has-post-thumbnail","6":"product_cat-huonekalut","7":"product_cat-kirjahyllyt","9":"first","10":"instock","11":"taxable","12":"shipping-taxable","13":"purchasable","14":"product-type-simple"},"_links":{"self":[{"href":"https:\/\/www.otiumhome.fi\/index.php\/wp-json\/wp\/v2\/product\/139576","targetHints":{"allow":["GET"]}}],"collection":[{"href":"https:\/\/www.otiumhome.fi\/index.php\/wp-json\/wp\/v2\/product"}],"about":[{"href":"https:\/\/www.otiumhome.fi\/index.php\/wp-json\/wp\/v2\/types\/product"}],"replies":[{"embeddable":true,"href":"https:\/\/www.otiumhome.fi\/index.php\/wp-json\/wp\/v2\/comments?post=139576"}],"wp:featuredmedia":[{"embeddable":true,"href":"https:\/\/www.otiumhome.fi\/index.php\/wp-json\/"}],"wp:attachment":[{"href":"https:\/\/www.otiumhome.fi\/index.php\/wp-json\/wp\/v2\/media?parent=139576"}],"wp:term":[{"taxonomy":"product_brand","embeddable":true,"href":"https:\/\/www.otiumhome.fi\/index.php\/wp-json\/wp\/v2\/product_brand?post=139576"},{"taxonomy":"product_cat","embeddable":true,"href":"https:\/\/www.otiumhome.fi\/index.php\/wp-json\/wp\/v2\/product_cat?post=139576"},{"taxonomy":"product_tag","embeddable":true,"href":"https:\/\/www.otiumhome.fi\/index.php\/wp-json\/wp\/v2\/product_tag?post=139576"}],"curies":[{"name":"wp","href":"https:\/\/api.w.org\/{rel}","templated":true}]}}