{"id":139368,"date":"2025-01-22T18:25:23","date_gmt":"2025-01-22T18:25:23","guid":{"rendered":"https:\/\/www.otiumhome.fi\/?p=139368"},"modified":"2025-06-06T17:45:42","modified_gmt":"2025-06-06T17:45:42","slug":"sangynrunko-ilman-patjaa-sonoma-tammi-200x200-cm","status":"publish","type":"product","link":"https:\/\/www.otiumhome.fi\/index.php\/tuote\/sangynrunko-ilman-patjaa-sonoma-tammi-200x200-cm\/","title":{"rendered":"S\u00e4ngynrunko ilman patjaa Sonoma-tammi 200&#215;200 cm"},"content":{"rendered":"<p>Saat paremmat rauhalliset y\u00f6unet t\u00e4m\u00e4n s\u00e4ngynrungon ansiosta! Se on tervetullut lis\u00e4 mihin tahansa makuuhuoneeseen.<\/p>\n<\/p>\n<ul>\n<li>Vakaa ja pitk\u00e4ik\u00e4inen runko: Ter\u00e4s on luja, vakaa ja kest\u00e4v\u00e4 materiaali, joka tekee siit\u00e4 ihanteellisen valinnan monenlaisiin tarkoituksiin aina huonekalujen valmistuksesta rakentamiseen.<\/li>\n<li>S\u00e4lepohja optimaaliseen tukeen: S\u00e4ngyn runko on varustettu s\u00e4lepohjalla, joka tukee patjaasi ja on hengitt\u00e4v\u00e4.<\/li>\n<li>Vakaat ja kest\u00e4v\u00e4t jalat: T\u00e4ss\u00e4 s\u00e4ngyss\u00e4 on tukevat jalat, jotka takaavat vakauden, turvallisuuden ja lujuuden.<\/li>\n<li>Toimivat s\u00e4ngynp\u00e4\u00e4dyt: S\u00e4ngynrungon s\u00e4ngynp\u00e4\u00e4ty ja jalkop\u00e4\u00e4ty pit\u00e4v\u00e4t patjan paikoillaan. Lis\u00e4ksi s\u00e4ngynp\u00e4\u00e4ty tarjoaa sinulle erinomaisen selk\u00e4tuen s\u00e4ngyll\u00e4 istuen lukiessasi tai televisiota katsellessasi.<\/li>\n<li>Ylim\u00e4\u00e4r\u00e4inen s\u00e4ilytystila: K\u00e4tevyyden takaamiseksi s\u00e4ngyn alapuolella on my\u00f6s ylim\u00e4\u00e4r\u00e4ist\u00e4 tilaa, joka pit\u00e4\u00e4 s\u00e4ilytyslaatikot poissa n\u00e4kyvist\u00e4.<\/li>\n<\/ul>\n<p>Hyv\u00e4 tiet\u00e4\u00e4:<\/p>\n<ul>\n<li>Patja ei sis\u00e4lly t\u00e4h\u00e4n s\u00e4nkyyn. Tarjoamme monipuolisen valikoiman patjoja, jotka l\u00f6yd\u00e4t tarkistamalla myym\u00e4l\u00e4mme valikoiman.<\/li>\n<\/ul>\n<ul>\n<li>V\u00e4ri: Sonoma-tammi<\/li>\n<li>Materiaali: ter\u00e4s, lastulevy<\/li>\n<li>Kokonaismitat: 207 x 207 x 91,5 cm (P x L x K)<\/li>\n<li>Sopiva patjan koko: 200 x 200 cm (L x P) (patja ei mukana)<\/li>\n<li>Asennus vaaditaan: Kyll\u00e4<\/li>\n<\/ul>\n","protected":false},"excerpt":{"rendered":"<ul>\n<li>V\u00e4ri: Sonoma-tammi<\/li>\n<li>Materiaali: ter\u00e4s, lastulevy<\/li>\n<li>Kokonaismitat: 207 x 207 x 91,5 cm (P x L x K)<\/li>\n<li>Sopiva patjan koko: 200 x 200 cm (L x P) (patja ei mukana)<\/li>\n<li>Asennus vaaditaan: Kyll\u00e4<\/li>\n<\/ul>\n","protected":false},"featured_media":100000139368,"comment_status":"closed","ping_status":"closed","template":"","meta":[],"product_brand":[],"product_cat":[84,8638],"product_tag":[],"class_list":{"0":"post-139368","1":"product","2":"type-product","3":"status-publish","4":"has-post-thumbnail","6":"product_cat-huonekalut","7":"product_cat-sangyt-sangynrungot","9":"first","10":"instock","11":"taxable","12":"shipping-taxable","13":"purchasable","14":"product-type-simple"},"_links":{"self":[{"href":"https:\/\/www.otiumhome.fi\/index.php\/wp-json\/wp\/v2\/product\/139368","targetHints":{"allow":["GET"]}}],"collection":[{"href":"https:\/\/www.otiumhome.fi\/index.php\/wp-json\/wp\/v2\/product"}],"about":[{"href":"https:\/\/www.otiumhome.fi\/index.php\/wp-json\/wp\/v2\/types\/product"}],"replies":[{"embeddable":true,"href":"https:\/\/www.otiumhome.fi\/index.php\/wp-json\/wp\/v2\/comments?post=139368"}],"wp:featuredmedia":[{"embeddable":true,"href":"https:\/\/www.otiumhome.fi\/index.php\/wp-json\/"}],"wp:attachment":[{"href":"https:\/\/www.otiumhome.fi\/index.php\/wp-json\/wp\/v2\/media?parent=139368"}],"wp:term":[{"taxonomy":"product_brand","embeddable":true,"href":"https:\/\/www.otiumhome.fi\/index.php\/wp-json\/wp\/v2\/product_brand?post=139368"},{"taxonomy":"product_cat","embeddable":true,"href":"https:\/\/www.otiumhome.fi\/index.php\/wp-json\/wp\/v2\/product_cat?post=139368"},{"taxonomy":"product_tag","embeddable":true,"href":"https:\/\/www.otiumhome.fi\/index.php\/wp-json\/wp\/v2\/product_tag?post=139368"}],"curies":[{"name":"wp","href":"https:\/\/api.w.org\/{rel}","templated":true}]}}