{"id":139265,"date":"2025-01-21T06:16:33","date_gmt":"2025-01-21T06:16:33","guid":{"rendered":"https:\/\/www.otiumhome.fi\/?p=139265"},"modified":"2025-06-06T16:35:15","modified_gmt":"2025-06-06T16:35:15","slug":"sailytysarkku-massiivipuu-vintagetyyli-120x30x40-cm","status":"publish","type":"product","link":"https:\/\/www.otiumhome.fi\/index.php\/tuote\/sailytysarkku-massiivipuu-vintagetyyli-120x30x40-cm\/","title":{"rendered":"S\u00e4ilytysarkku massiivipuu vintagetyyli 120x30x40 cm"},"content":{"rendered":"<p>Vintagetyylinen puusta valmistettu s\u00e4ilytysarkkumme on k\u00e4yt\u00e4nn\u00f6llinen sek\u00e4 koristeellinen lis\u00e4 kotiisi!<\/p>\n<\/p>\n<p>S\u00e4ilytysarkku on valmistettu antiikkisenv\u00e4risest\u00e4 t\u00e4yspuusta ja koristeltu keinonahkaremmeill\u00e4 ja metallisilla yksityiskohdilla, jotka korostavat arkun vintagetyylist\u00e4 vieh\u00e4tysvoimaa. Puinen arkku tarjoaa runsaasti s\u00e4ilytystilaa vaatteille, kirjoille, lehdille ja mille tahansa muille tavaroille, jotka haluat s\u00e4ilytt\u00e4\u00e4 k\u00e4den ulottuvilla, mutta samalla poissa silmist\u00e4. Vintagetyylisten salvan ja kahvojen ansiosta arkku on helppo sulkea ja siirt\u00e4\u00e4. Tuote toimitetaan t\u00e4ysin koottuna.<\/p>\n<ul>\n<li>V\u00e4ri: Musta<\/li>\n<li>Materiaali: t\u00e4yspuu<\/li>\n<li>Mitat: 120 x 30 x 40 cm (L x S x K)<\/li>\n<li>Koristeelliset keinonahkaremmit ja metalliset yksityiskohdat<\/li>\n<li>Vintagetyylinen<\/li>\n<li>Valmiiksi koottu<\/li>\n<\/ul>\n","protected":false},"excerpt":{"rendered":"<ul>\n<li>V\u00e4ri: Musta<\/li>\n<li>Materiaali: t\u00e4yspuu<\/li>\n<li>Mitat: 120 x 30 x 40 cm (L x S x K)<\/li>\n<li>Koristeelliset keinonahkaremmit ja metalliset yksityiskohdat<\/li>\n<li>Vintagetyylinen<\/li>\n<li>Valmiiksi koottu<\/li>\n<\/ul>\n","protected":false},"featured_media":100000139265,"comment_status":"closed","ping_status":"closed","template":"","meta":[],"product_brand":[],"product_cat":[84,8635],"product_tag":[],"class_list":{"0":"post-139265","1":"product","2":"type-product","3":"status-publish","4":"has-post-thumbnail","6":"product_cat-huonekalut","7":"product_cat-sailytys-lukkokaapit","9":"first","10":"instock","11":"taxable","12":"shipping-taxable","13":"purchasable","14":"product-type-simple"},"_links":{"self":[{"href":"https:\/\/www.otiumhome.fi\/index.php\/wp-json\/wp\/v2\/product\/139265","targetHints":{"allow":["GET"]}}],"collection":[{"href":"https:\/\/www.otiumhome.fi\/index.php\/wp-json\/wp\/v2\/product"}],"about":[{"href":"https:\/\/www.otiumhome.fi\/index.php\/wp-json\/wp\/v2\/types\/product"}],"replies":[{"embeddable":true,"href":"https:\/\/www.otiumhome.fi\/index.php\/wp-json\/wp\/v2\/comments?post=139265"}],"wp:featuredmedia":[{"embeddable":true,"href":"https:\/\/www.otiumhome.fi\/index.php\/wp-json\/"}],"wp:attachment":[{"href":"https:\/\/www.otiumhome.fi\/index.php\/wp-json\/wp\/v2\/media?parent=139265"}],"wp:term":[{"taxonomy":"product_brand","embeddable":true,"href":"https:\/\/www.otiumhome.fi\/index.php\/wp-json\/wp\/v2\/product_brand?post=139265"},{"taxonomy":"product_cat","embeddable":true,"href":"https:\/\/www.otiumhome.fi\/index.php\/wp-json\/wp\/v2\/product_cat?post=139265"},{"taxonomy":"product_tag","embeddable":true,"href":"https:\/\/www.otiumhome.fi\/index.php\/wp-json\/wp\/v2\/product_tag?post=139265"}],"curies":[{"name":"wp","href":"https:\/\/api.w.org\/{rel}","templated":true}]}}