{"id":139263,"date":"2025-01-21T06:06:48","date_gmt":"2025-01-21T06:06:48","guid":{"rendered":"https:\/\/www.otiumhome.fi\/?p=139263"},"modified":"2025-06-06T16:32:39","modified_gmt":"2025-06-06T16:32:39","slug":"vaateteline-80x40x190-cm-massiivipuuta-mango","status":"publish","type":"product","link":"https:\/\/www.otiumhome.fi\/index.php\/tuote\/vaateteline-80x40x190-cm-massiivipuuta-mango\/","title":{"rendered":"Vaateteline 80x40x190 cm Massiivipuuta mango"},"content":{"rendered":"<p>Puinen vaateteline tarjoaa luonnollisen ratkaisun tilasi j\u00e4rjest\u00e4miseen yhdist\u00e4m\u00e4ll\u00e4 k\u00e4yt\u00e4nn\u00f6llisen muotoilun tukevaan toimivuuteen.<\/p>\n<\/p>\n<ul>\n<li>Tukeva ja vakaa materiaali: T\u00e4ysi mangopuu on vankka trooppinen lehtipuu, joka on eritt\u00e4in suosittu huonekalujen valmistuksessa sen poikkeuksellisen kest\u00e4vyyden ja lujuuden vuoksi. Sen kauniit puunsyyt tekev\u00e4t jokaisesta tuotteesta ainutlaatuisen ja seuraavasta eroavan.<\/li>\n<li>Runsaasti s\u00e4ilytystilaa: Naulakkeessa on ripustustanko vaatteiden j\u00e4rjest\u00e4mist\u00e4 varten, mik\u00e4 varmistaa, ett\u00e4 kaikki on helposti ulottuvilla. Hylly on ihanteellinen laatikoiden ja kenkien s\u00e4ilytykseen.<\/li>\n<li>Tilaa s\u00e4\u00e4st\u00e4v\u00e4: T\u00e4m\u00e4 vaateripustin voidaan kiinnitt\u00e4\u00e4 sein\u00e4\u00e4n lis\u00e4\u00e4m\u00e4\u00e4n s\u00e4ilytystilaa. N\u00e4in voit maksimoida lattiatilan ja pit\u00e4\u00e4 alueen puhtaana.<\/li>\n<li>Laajat sovellukset: T\u00e4ydellinen erilaisiin tiloihin, t\u00e4t\u00e4 vaateripustintelinett\u00e4 voidaan k\u00e4ytt\u00e4\u00e4 k\u00e4yt\u00e4v\u00e4ll\u00e4, eteisess\u00e4 tai makuuhuoneessa naulakkona tai olohuoneessa esittelyhyllyn\u00e4. Se toimii hyvin my\u00f6s kylpyhuoneissa, pesuhuoneissa ja keitti\u00f6iss\u00e4 lis\u00e4s\u00e4ilytyksen ja j\u00e4rjestelyn vuoksi.<\/li>\n<\/ul>\n<p>Hyv\u00e4 tiet\u00e4\u00e4:<\/p>\n<ul>\n<li>Jokainen kappale on ainutlaatuisen eroavilla v\u00e4reill\u00e4 ja puunsyill\u00e4. Toimitus on sattumanvarainen, t\u00e4m\u00e4 takaa tuotteesi erityisyyden ja ainutlaatuisuuden.<\/li>\n<\/ul>\n<p>Varoitus:<\/p>\n<ul>\n<li>Kaatumisen est\u00e4miseksi t\u00e4t\u00e4 tuotetta on k\u00e4ytett\u00e4v\u00e4 mukana toimitetun sein\u00e4kiinnityslaitteen kanssa.<\/li>\n<\/ul>\n<ul>\n<li>Materiaali: karkea mangopuu luonnollisella viimeistelyll\u00e4<\/li>\n<li>Mitat: 80 x 40 x 190 cm (L x S x K)<\/li>\n<li>Asennus vaaditaan: Kyll\u00e4<\/li>\n<\/ul>\n","protected":false},"excerpt":{"rendered":"<ul>\n<li>Materiaali: karkea mangopuu luonnollisella viimeistelyll\u00e4<\/li>\n<li>Mitat: 80 x 40 x 190 cm (L x S x K)<\/li>\n<li>Asennus vaaditaan: Kyll\u00e4<\/li>\n<\/ul>\n","protected":false},"featured_media":100000139263,"comment_status":"closed","ping_status":"closed","template":"","meta":[],"product_brand":[],"product_cat":[84,8634],"product_tag":[],"class_list":{"0":"post-139263","1":"product","2":"type-product","3":"status-publish","4":"has-post-thumbnail","6":"product_cat-huonekalut","7":"product_cat-seinahyllyt","9":"first","10":"instock","11":"taxable","12":"shipping-taxable","13":"purchasable","14":"product-type-simple"},"_links":{"self":[{"href":"https:\/\/www.otiumhome.fi\/index.php\/wp-json\/wp\/v2\/product\/139263","targetHints":{"allow":["GET"]}}],"collection":[{"href":"https:\/\/www.otiumhome.fi\/index.php\/wp-json\/wp\/v2\/product"}],"about":[{"href":"https:\/\/www.otiumhome.fi\/index.php\/wp-json\/wp\/v2\/types\/product"}],"replies":[{"embeddable":true,"href":"https:\/\/www.otiumhome.fi\/index.php\/wp-json\/wp\/v2\/comments?post=139263"}],"wp:featuredmedia":[{"embeddable":true,"href":"https:\/\/www.otiumhome.fi\/index.php\/wp-json\/"}],"wp:attachment":[{"href":"https:\/\/www.otiumhome.fi\/index.php\/wp-json\/wp\/v2\/media?parent=139263"}],"wp:term":[{"taxonomy":"product_brand","embeddable":true,"href":"https:\/\/www.otiumhome.fi\/index.php\/wp-json\/wp\/v2\/product_brand?post=139263"},{"taxonomy":"product_cat","embeddable":true,"href":"https:\/\/www.otiumhome.fi\/index.php\/wp-json\/wp\/v2\/product_cat?post=139263"},{"taxonomy":"product_tag","embeddable":true,"href":"https:\/\/www.otiumhome.fi\/index.php\/wp-json\/wp\/v2\/product_tag?post=139263"}],"curies":[{"name":"wp","href":"https:\/\/api.w.org\/{rel}","templated":true}]}}