{"id":139134,"date":"2025-01-20T14:49:51","date_gmt":"2025-01-20T14:49:51","guid":{"rendered":"https:\/\/www.otiumhome.fi\/?p=139134"},"modified":"2025-06-06T16:07:01","modified_gmt":"2025-06-06T16:07:01","slug":"yopoytakaappi-40x30x80-cm-massiivipuu-kierratetty","status":"publish","type":"product","link":"https:\/\/www.otiumhome.fi\/index.php\/tuote\/yopoytakaappi-40x30x80-cm-massiivipuu-kierratetty\/","title":{"rendered":"Y\u00f6p\u00f6yt\u00e4kaappi 40x30x80 cm Massiivipuu kierr\u00e4tetty"},"content":{"rendered":"<p>P\u00e4ivit\u00e4 makuuhuoneesi t\u00e4ll\u00e4 sein\u00e4\u00e4n asennettavalla y\u00f6p\u00f6yd\u00e4ll\u00e4! Se t\u00e4ydent\u00e4\u00e4 helposti kaikki kodin huonekalutyylit!<\/p>\n<\/p>\n<ul>\n<li>Tukeva ja vakaa materiaali: T\u00e4ysi mangopuu on vankka trooppinen lehtipuu, joka on eritt\u00e4in suosittu huonekalujen valmistuksessa sen poikkeuksellisen kest\u00e4vyyden ja lujuuden vuoksi. Sen kauniit puunsyyt tekev\u00e4t jokaisesta tuotteesta ainutlaatuisen ja seuraavasta eroavan.<\/li>\n<li>Vakaa ja pitk\u00e4ik\u00e4inen runko: Rauta on luja, vakaa ja kest\u00e4v\u00e4 materiaali, joka tekee siit\u00e4 ihanteellisen valinnan monenlaisiin tarkoituksiin aina huonekalujen valmistuksesta rakentamiseen.<\/li>\n<li>Runsaasti s\u00e4ilytystilaa: Vuoteen vieress\u00e4 oleva y\u00f6p\u00f6yt\u00e4 tarjoaa runsaasti s\u00e4ilytystilaa aikakauslehdille, kirjoille, laseille ja muille nukkumaanmenoa varten v\u00e4ltt\u00e4m\u00e4tt\u00f6mille tavaroille pit\u00e4en ne j\u00e4rjestyksess\u00e4 ja k\u00e4den ulottuvilla.<\/li>\n<li>Sein\u00e4lle kiinnitett\u00e4v\u00e4 malli: Kelluva y\u00f6p\u00f6yt\u00e4 voidaan kiinnitt\u00e4\u00e4 sein\u00e4lle lis\u00e4s\u00e4ilytystilan luomiseksi. T\u00e4ll\u00e4 tavoin voit maksimoida lattiatilasi ja pit\u00e4\u00e4 alueen siistin\u00e4.<\/li>\n<li>Helppo huoltaa: Sile\u00e4n pinnan ansiosta y\u00f6p\u00f6yt\u00e4 on helppo puhdistaa kostealla liinalla ja vaatii v\u00e4hemm\u00e4n huoltoa.<\/li>\n<\/ul>\n<p>Hyv\u00e4 tiet\u00e4\u00e4:<\/p>\n<ul>\n<li>Sein\u00e4\u00e4n kiinnitett\u00e4v\u00e4t ruuvit ja tulpat eiv\u00e4t sis\u00e4lly toimitukseen. Suosittelemme etsim\u00e4\u00e4n ja k\u00e4ytt\u00e4m\u00e4\u00e4n sein\u00e4\u00e4si sopivia ruuveja ja tulppia. Jos olet ep\u00e4varma, kysy ammattilaisen neuvoa. Lue ja noudata ohjeiden jokaista vaihetta.<\/li>\n<li>Jokainen kappale on ainutlaatuisen eroavilla v\u00e4reill\u00e4 ja puunsyill\u00e4. Toimitus on sattumanvarainen, t\u00e4m\u00e4 takaa tuotteesi erityisyyden ja ainutlaatuisuuden.<\/li>\n<\/ul>\n<ul>\n<li>Materiaali: kierr\u00e4tetty puu, rauta<\/li>\n<li>Mitat: 40 x 30 x 80 cm (L x S x K)<\/li>\n<li>2 avohylly\u00e4<\/li>\n<li>Asennus vaaditaan: Kyll\u00e4<\/li>\n<\/ul>\n","protected":false},"excerpt":{"rendered":"<ul>\n<li>Materiaali: kierr\u00e4tetty puu, rauta<\/li>\n<li>Mitat: 40 x 30 x 80 cm (L x S x K)<\/li>\n<li>2 avohylly\u00e4<\/li>\n<li>Asennus vaaditaan: Kyll\u00e4<\/li>\n<\/ul>\n","protected":false},"featured_media":100000139134,"comment_status":"closed","ping_status":"closed","template":"","meta":[],"product_brand":[],"product_cat":[84,8567],"product_tag":[],"class_list":{"0":"post-139134","1":"product","2":"type-product","3":"status-publish","4":"has-post-thumbnail","6":"product_cat-huonekalut","7":"product_cat-medialaitekaapit-telineet","9":"first","10":"instock","11":"taxable","12":"shipping-taxable","13":"purchasable","14":"product-type-simple"},"_links":{"self":[{"href":"https:\/\/www.otiumhome.fi\/index.php\/wp-json\/wp\/v2\/product\/139134","targetHints":{"allow":["GET"]}}],"collection":[{"href":"https:\/\/www.otiumhome.fi\/index.php\/wp-json\/wp\/v2\/product"}],"about":[{"href":"https:\/\/www.otiumhome.fi\/index.php\/wp-json\/wp\/v2\/types\/product"}],"replies":[{"embeddable":true,"href":"https:\/\/www.otiumhome.fi\/index.php\/wp-json\/wp\/v2\/comments?post=139134"}],"wp:featuredmedia":[{"embeddable":true,"href":"https:\/\/www.otiumhome.fi\/index.php\/wp-json\/"}],"wp:attachment":[{"href":"https:\/\/www.otiumhome.fi\/index.php\/wp-json\/wp\/v2\/media?parent=139134"}],"wp:term":[{"taxonomy":"product_brand","embeddable":true,"href":"https:\/\/www.otiumhome.fi\/index.php\/wp-json\/wp\/v2\/product_brand?post=139134"},{"taxonomy":"product_cat","embeddable":true,"href":"https:\/\/www.otiumhome.fi\/index.php\/wp-json\/wp\/v2\/product_cat?post=139134"},{"taxonomy":"product_tag","embeddable":true,"href":"https:\/\/www.otiumhome.fi\/index.php\/wp-json\/wp\/v2\/product_tag?post=139134"}],"curies":[{"name":"wp","href":"https:\/\/api.w.org\/{rel}","templated":true}]}}