{"id":139119,"date":"2025-01-20T07:26:48","date_gmt":"2025-01-20T07:26:48","guid":{"rendered":"https:\/\/www.otiumhome.fi\/?p=139119"},"modified":"2025-06-06T15:42:09","modified_gmt":"2025-06-06T15:42:09","slug":"kirjoituspoyta-kasityolainen-tammi-140x50x77-cm-lastulevy","status":"publish","type":"product","link":"https:\/\/www.otiumhome.fi\/index.php\/tuote\/kirjoituspoyta-kasityolainen-tammi-140x50x77-cm-lastulevy\/","title":{"rendered":"Kirjoitusp\u00f6yt\u00e4 k\u00e4sity\u00f6l\u00e4inen tammi 140x50x77 cm lastulevy"},"content":{"rendered":"<p>T\u00e4m\u00e4 laatikoilla varustettu kirjoitusp\u00f6yt\u00e4 on tarkoitettu k\u00e4yt\u00e4nn\u00f6lliseksi ja koristeelliseksi lis\u00e4ksi asuintiloihisi!<\/p>\n<\/p>\n<ul>\n<li>K\u00e4yt\u00e4nn\u00f6llinen materiaali: Tekninen puu on poikkeuksellisen laadukasta ja sile\u00e4pintaista. Se on my\u00f6s luja, vakaa ja kosteudelle vastustuskykyinen. Teknisest\u00e4 puusta valmistettu ty\u00f6p\u00f6yt\u00e4 on helppo puhdistaa.<\/li>\n<li>Runsaasti s\u00e4ilytystilaa: T\u00e4m\u00e4 toimistop\u00f6yt\u00e4, jossa on 6 laatikkoa, tarjoaa runsaasti s\u00e4ilytystilaa kansioiden, asiakirjojen, muistutusten ja PC-laitteiden pit\u00e4miseksi hyvin j\u00e4rjestyksess\u00e4 ja k\u00e4den ulottuvilla.<\/li>\n<li>Tilava p\u00f6yt\u00e4levy: T\u00e4m\u00e4n ty\u00f6p\u00f6yd\u00e4n suurelle ty\u00f6tasolle voit sijoittaa tietokoneesi, kirjoitustarvikkeet ja muut v\u00e4ltt\u00e4m\u00e4tt\u00f6m\u00e4t esineet.<\/li>\n<li>Ajaton ilme: Minimalistisen muotoilun ansiosta toimistop\u00f6yt\u00e4 sulautuu helposti sisustukseen.<\/li>\n<\/ul>\n<ul>\n<li>V\u00e4ri: artisaanitammi<\/li>\n<li>Materiaali: Tekninen puu<\/li>\n<li>Mitat: 140 x 50 x 77 cm (L x S x K)<\/li>\n<li>Asennus vaaditaan: Kyll\u00e4<\/li>\n<\/ul>\n","protected":false},"excerpt":{"rendered":"<ul>\n<li>V\u00e4ri: artisaanitammi<\/li>\n<li>Materiaali: Tekninen puu<\/li>\n<li>Mitat: 140 x 50 x 77 cm (L x S x K)<\/li>\n<li>Asennus vaaditaan: Kyll\u00e4<\/li>\n<\/ul>\n","protected":false},"featured_media":100000139119,"comment_status":"closed","ping_status":"closed","template":"","meta":[],"product_brand":[],"product_cat":[84,8551],"product_tag":[],"class_list":{"0":"post-139119","1":"product","2":"type-product","3":"status-publish","4":"has-post-thumbnail","6":"product_cat-huonekalut","7":"product_cat-kirjoituspoydat","9":"first","10":"instock","11":"taxable","12":"shipping-taxable","13":"purchasable","14":"product-type-simple"},"_links":{"self":[{"href":"https:\/\/www.otiumhome.fi\/index.php\/wp-json\/wp\/v2\/product\/139119","targetHints":{"allow":["GET"]}}],"collection":[{"href":"https:\/\/www.otiumhome.fi\/index.php\/wp-json\/wp\/v2\/product"}],"about":[{"href":"https:\/\/www.otiumhome.fi\/index.php\/wp-json\/wp\/v2\/types\/product"}],"replies":[{"embeddable":true,"href":"https:\/\/www.otiumhome.fi\/index.php\/wp-json\/wp\/v2\/comments?post=139119"}],"wp:featuredmedia":[{"embeddable":true,"href":"https:\/\/www.otiumhome.fi\/index.php\/wp-json\/"}],"wp:attachment":[{"href":"https:\/\/www.otiumhome.fi\/index.php\/wp-json\/wp\/v2\/media?parent=139119"}],"wp:term":[{"taxonomy":"product_brand","embeddable":true,"href":"https:\/\/www.otiumhome.fi\/index.php\/wp-json\/wp\/v2\/product_brand?post=139119"},{"taxonomy":"product_cat","embeddable":true,"href":"https:\/\/www.otiumhome.fi\/index.php\/wp-json\/wp\/v2\/product_cat?post=139119"},{"taxonomy":"product_tag","embeddable":true,"href":"https:\/\/www.otiumhome.fi\/index.php\/wp-json\/wp\/v2\/product_tag?post=139119"}],"curies":[{"name":"wp","href":"https:\/\/api.w.org\/{rel}","templated":true}]}}