{"id":139082,"date":"2025-01-20T00:45:38","date_gmt":"2025-01-20T00:45:38","guid":{"rendered":"https:\/\/www.otiumhome.fi\/?p=139082"},"modified":"2025-06-06T15:34:28","modified_gmt":"2025-06-06T15:34:28","slug":"eteisen-penkki-sandnes-45x40x50-cm-taysi-manty","status":"publish","type":"product","link":"https:\/\/www.otiumhome.fi\/index.php\/tuote\/eteisen-penkki-sandnes-45x40x50-cm-taysi-manty\/","title":{"rendered":"Eteisen penkki SANDNES 45x40x50 cm t\u00e4ysi m\u00e4nty"},"content":{"rendered":"<p>Luo l\u00e4mmin ja kutsuva ymp\u00e4rist\u00f6 aivan ovesi viereen t\u00e4ll\u00e4 eteisen puisella penkill\u00e4!<\/p>\n<\/p>\n<ul>\n<li>Vankka ja vakaa materiaali: T\u00e4ysi m\u00e4nty tunnetaan lujuudestaan ja kest\u00e4vyydest\u00e4\u00e4n. Sen suorat puunsyyt ja erottuvat oksanpaikat lis\u00e4\u00e4v\u00e4t sen rustiikkista charmia.<\/li>\n<li>Akaasiapuun ilme: Akaasiapuulla viimeistelty massiivim\u00e4ntypuusta valmistettu k\u00e4yt\u00e4v\u00e4n istuin esittelee materiaalin luonnollista kauneutta ja lis\u00e4\u00e4 tilaan maalaismainen vieh\u00e4tysvoima ja eloisa vieh\u00e4tys. T\u00e4m\u00e4 yhdistelm\u00e4 ei vain paranna sen estetiikkaa, vaan my\u00f6s varmistaa kest\u00e4vyyden ja pitk\u00e4ik\u00e4isyyden, joten se on t\u00e4ydellinen lis\u00e4 sek\u00e4 tyyliin ett\u00e4 toimivuuteen.<\/li>\n<li>Runsaasti s\u00e4ilytystilaa: T\u00e4m\u00e4 aulapenkki tarjoaa runsaasti tilaa vaatteiden, kirjojen, kenkien tai henkil\u00f6kohtaisten tavaroiden s\u00e4ilytt\u00e4miseen. N\u00e4in ollen se sopii t\u00e4ydellisesti pit\u00e4m\u00e4\u00e4n k\u00e4yt\u00e4v\u00e4si, sis\u00e4\u00e4nk\u00e4yntisi tai muut oleskelutilat siistin\u00e4 ja sotkuttomana.<\/li>\n<li>Monik\u00e4ytt\u00f6inen eteisen penkki: T\u00e4m\u00e4 monipuolinen penkki toimii my\u00f6s kenkien ja asusteiden s\u00e4ilytyskaapina, mutta tarjoaa my\u00f6s mukavan istumapaikan, kun k\u00e4yt\u00e4t kenki\u00e4 jalkaan tai riisuessasi.<\/li>\n<li>UV-lakka: UV-lakka on erityinen lakkatyyppi, joka viimeistell\u00e4\u00e4n ultraviolettikuivauskoneella. Se luo eloisamman, ylellisemm\u00e4n ja tuntuvamman viimeistelyn verrattuna perinteisiin lakkoihin.<\/li>\n<\/ul>\n<p>Varoitus:<\/p>\n<ul>\n<li>Kaatumisen est\u00e4miseksi t\u00e4t\u00e4 tuotetta on k\u00e4ytett\u00e4v\u00e4 mukana toimitetun sein\u00e4kiinnityslaitteen kanssa.<\/li>\n<\/ul>\n<ul>\n<li>Materiaali Massiivim\u00e4ntypuu, suunniteltu puu<\/li>\n<li>Mitat: 45 x 40 x 50 cm (L x S x K)<\/li>\n<li>Sis\u00e4lt\u00e4\u00e4 1 lokeron<\/li>\n<li>Max. kantavuus: 110 kg<\/li>\n<li>Alueen nimi: SANDNES<\/li>\n<li>Asennus vaaditaan: Kyll\u00e4<\/li>\n<\/ul>\n","protected":false},"excerpt":{"rendered":"<ul>\n<li>Materiaali Massiivim\u00e4ntypuu, suunniteltu puu<\/li>\n<li>Mitat: 45 x 40 x 50 cm (L x S x K)<\/li>\n<li>Sis\u00e4lt\u00e4\u00e4 1 lokeron<\/li>\n<li>Max. kantavuus: 110 kg<\/li>\n<li>Alueen nimi: SANDNES<\/li>\n<li>Asennus vaaditaan: Kyll\u00e4<\/li>\n<\/ul>\n","protected":false},"featured_media":100000139082,"comment_status":"closed","ping_status":"closed","template":"","meta":[],"product_brand":[],"product_cat":[8538,84],"product_tag":[],"class_list":{"0":"post-139082","1":"product","2":"type-product","3":"status-publish","4":"has-post-thumbnail","6":"product_cat-eteis-sailytyspenkit","7":"product_cat-huonekalut","9":"first","10":"instock","11":"taxable","12":"shipping-taxable","13":"purchasable","14":"product-type-simple"},"_links":{"self":[{"href":"https:\/\/www.otiumhome.fi\/index.php\/wp-json\/wp\/v2\/product\/139082","targetHints":{"allow":["GET"]}}],"collection":[{"href":"https:\/\/www.otiumhome.fi\/index.php\/wp-json\/wp\/v2\/product"}],"about":[{"href":"https:\/\/www.otiumhome.fi\/index.php\/wp-json\/wp\/v2\/types\/product"}],"replies":[{"embeddable":true,"href":"https:\/\/www.otiumhome.fi\/index.php\/wp-json\/wp\/v2\/comments?post=139082"}],"wp:featuredmedia":[{"embeddable":true,"href":"https:\/\/www.otiumhome.fi\/index.php\/wp-json\/"}],"wp:attachment":[{"href":"https:\/\/www.otiumhome.fi\/index.php\/wp-json\/wp\/v2\/media?parent=139082"}],"wp:term":[{"taxonomy":"product_brand","embeddable":true,"href":"https:\/\/www.otiumhome.fi\/index.php\/wp-json\/wp\/v2\/product_brand?post=139082"},{"taxonomy":"product_cat","embeddable":true,"href":"https:\/\/www.otiumhome.fi\/index.php\/wp-json\/wp\/v2\/product_cat?post=139082"},{"taxonomy":"product_tag","embeddable":true,"href":"https:\/\/www.otiumhome.fi\/index.php\/wp-json\/wp\/v2\/product_tag?post=139082"}],"curies":[{"name":"wp","href":"https:\/\/api.w.org\/{rel}","templated":true}]}}