{"id":138362,"date":"2025-01-16T13:11:43","date_gmt":"2025-01-16T13:11:43","guid":{"rendered":"https:\/\/www.otiumhome.fi\/?p=138362"},"modified":"2025-06-06T16:32:55","modified_gmt":"2025-06-06T16:32:55","slug":"wall-cube-hyllyt-4-kpl-harmaa-sonoma-30x15x30-cm","status":"publish","type":"product","link":"https:\/\/www.otiumhome.fi\/index.php\/tuote\/wall-cube-hyllyt-4-kpl-harmaa-sonoma-30x15x30-cm\/","title":{"rendered":"Wall Cube Hyllyt 4 kpl Harmaa Sonoma 30x15x30 cm"},"content":{"rendered":"<p>Maksimoi sis\u00e4tilasi ja tee sein\u00e4st\u00e4si tyyli\u00e4 n\u00e4ill\u00e4 sein\u00e4kuutiohyllyill\u00e4!<\/p>\n<\/p>\n<ul>\n<li>Vakaa ja kest\u00e4v\u00e4 materiaali: Tekninen puu on kest\u00e4v\u00e4 ja vakaa materiaali, jonka sile\u00e4 pinta kest\u00e4\u00e4 kosteutta, v\u00e4\u00e4ntymist\u00e4 ja halkeilua, joten se on luotettava valinta erilaisiin projekteihin.<\/li>\n<li>Monik\u00e4ytt\u00f6inen sein\u00e4hylly: Sein\u00e4lle kiinnitett\u00e4v\u00e4 hylly on tarkoitettu sek\u00e4 kodin sisustamiseen ett\u00e4 s\u00e4ilytykseen. Sen avulla voit asettaa esille kokoelmat, kirjat, kehystetyt valokuvat tai CD-levyt eri huoneisiin, kuten olohuoneeseen, toimistoon tai ty\u00f6huoneeseen.<\/li>\n<li>Runsaasti s\u00e4ilytystilaa: T\u00e4m\u00e4 kelluva hylly tarjoaa k\u00e4tev\u00e4n s\u00e4ilytystilan p\u00e4ivitt\u00e4isten tavaroiden pit\u00e4miseen hyvin j\u00e4rjestyksess\u00e4 ja helposti ulottuvillasi.<\/li>\n<li>Tilaa s\u00e4\u00e4st\u00e4v\u00e4: T\u00e4m\u00e4 hylly voidaan asentaa sein\u00e4lle lis\u00e4\u00e4m\u00e4\u00e4n s\u00e4ilytystilaa. N\u00e4in voit maksimoida lattiatilan ja pit\u00e4\u00e4 alueen puhtaana.<\/li>\n<li>Helppo huoltaa: Sein\u00e4hylly on helppo puhdistaa kostealla liinalla ja tarvitsee vain v\u00e4h\u00e4ist\u00e4 huoltoa.<\/li>\n<\/ul>\n<p>Hyv\u00e4 tiet\u00e4\u00e4:<\/p>\n<ul>\n<li>Sein\u00e4\u00e4n kiinnitett\u00e4v\u00e4t ruuvit ja tulpat eiv\u00e4t sis\u00e4lly toimitukseen. Suosittelemme etsim\u00e4\u00e4n ja k\u00e4ytt\u00e4m\u00e4\u00e4n sein\u00e4\u00e4si sopivia ruuveja ja tulppia. Jos olet ep\u00e4varma, kysy ammattilaisen neuvoa. Lue ja noudata ohjeiden jokaista vaihetta.<\/li>\n<\/ul>\n<ul>\n<li>V\u00e4ri: Harmaa Sonoma<\/li>\n<li>Materiaali: Tekninen puu<\/li>\n<li>Mitat: 30 x 15 x 30 cm (L x S x K)<\/li>\n<li>Asennus vaaditaan: Kyll\u00e4<\/li>\n<li><strong>Toimitus sis\u00e4lt\u00e4\u00e4:<\/strong><\/li>\n<li>4 x Sein\u00e4kuutiohylly<\/li>\n<\/ul>\n","protected":false},"excerpt":{"rendered":"<ul>\n<li>V\u00e4ri: Harmaa Sonoma<\/li>\n<li>Materiaali: Tekninen puu<\/li>\n<li>Mitat: 30 x 15 x 30 cm (L x S x K)<\/li>\n<li>Asennus vaaditaan: Kyll\u00e4<\/li>\n<li><strong>Toimitus sis\u00e4lt\u00e4\u00e4:<\/strong><\/li>\n<li>4 x Sein\u00e4kuutiohylly<\/li>\n<\/ul>\n","protected":false},"featured_media":100000138362,"comment_status":"closed","ping_status":"closed","template":"","meta":[],"product_brand":[],"product_cat":[84,8634],"product_tag":[],"class_list":{"0":"post-138362","1":"product","2":"type-product","3":"status-publish","4":"has-post-thumbnail","6":"product_cat-huonekalut","7":"product_cat-seinahyllyt","9":"first","10":"instock","11":"taxable","12":"shipping-taxable","13":"purchasable","14":"product-type-simple"},"_links":{"self":[{"href":"https:\/\/www.otiumhome.fi\/index.php\/wp-json\/wp\/v2\/product\/138362","targetHints":{"allow":["GET"]}}],"collection":[{"href":"https:\/\/www.otiumhome.fi\/index.php\/wp-json\/wp\/v2\/product"}],"about":[{"href":"https:\/\/www.otiumhome.fi\/index.php\/wp-json\/wp\/v2\/types\/product"}],"replies":[{"embeddable":true,"href":"https:\/\/www.otiumhome.fi\/index.php\/wp-json\/wp\/v2\/comments?post=138362"}],"wp:featuredmedia":[{"embeddable":true,"href":"https:\/\/www.otiumhome.fi\/index.php\/wp-json\/"}],"wp:attachment":[{"href":"https:\/\/www.otiumhome.fi\/index.php\/wp-json\/wp\/v2\/media?parent=138362"}],"wp:term":[{"taxonomy":"product_brand","embeddable":true,"href":"https:\/\/www.otiumhome.fi\/index.php\/wp-json\/wp\/v2\/product_brand?post=138362"},{"taxonomy":"product_cat","embeddable":true,"href":"https:\/\/www.otiumhome.fi\/index.php\/wp-json\/wp\/v2\/product_cat?post=138362"},{"taxonomy":"product_tag","embeddable":true,"href":"https:\/\/www.otiumhome.fi\/index.php\/wp-json\/wp\/v2\/product_tag?post=138362"}],"curies":[{"name":"wp","href":"https:\/\/api.w.org\/{rel}","templated":true}]}}