{"id":138351,"date":"2025-01-16T13:11:40","date_gmt":"2025-01-16T13:11:40","guid":{"rendered":"https:\/\/www.otiumhome.fi\/?p=138351"},"modified":"2025-06-06T16:29:32","modified_gmt":"2025-06-06T16:29:32","slug":"2-osainen-keittiokaappisarja-harmaa-sonoma-tekninen-puu","status":"publish","type":"product","link":"https:\/\/www.otiumhome.fi\/index.php\/tuote\/2-osainen-keittiokaappisarja-harmaa-sonoma-tekninen-puu\/","title":{"rendered":"2-osainen keitti\u00f6kaappisarja Harmaa Sonoma tekninen puu"},"content":{"rendered":"<p>T\u00e4m\u00e4 keitti\u00f6kaappisarja on ihanteellinen valinta keitti\u00f6tarvikkeiden pit\u00e4miseen j\u00e4rjestyksess\u00e4 ja k\u00e4den ulottuvilla.<\/p>\n<\/p>\n<ul>\n<li>Vakaa ja kest\u00e4v\u00e4 materiaali: Tekninen puu on kest\u00e4v\u00e4 ja vakaa materiaali, jonka sile\u00e4 pinta kest\u00e4\u00e4 kosteutta, v\u00e4\u00e4ntymist\u00e4 ja halkeilua, joten se on luotettava valinta erilaisiin projekteihin.<\/li>\n<li>Runsaasti s\u00e4ilytystilaa: Keitti\u00f6n kaappisarjassa on kaapit ja hyllyt, jotka tarjoavat runsaasti s\u00e4ilytystilaa kulhojen, lautasten, kattiloiden ja muiden keitti\u00f6laitteiden s\u00e4ilytt\u00e4miseen.<\/li>\n<li>K\u00e4yt\u00e4nn\u00f6llinen muotoilu: T\u00e4m\u00e4 keitti\u00f6kaappisarja on varustettu ovilla ja hyllyill\u00e4, joiden avulla voit paremmin s\u00e4ilytt\u00e4\u00e4 keitti\u00f6tarvikkeita ja varmistaa niiden puhtauden.<\/li>\n<li>Kaksi asennustapaa: Keitti\u00f6kaapin ovet voidaan asentaa joko vasemmalle tai oikealle mieltymystesi mukaan.<\/li>\n<li>Laajat sovellukset: Keitti\u00f6kaappiyksikk\u00f6\u00e4 voidaan k\u00e4ytt\u00e4\u00e4 laajasti ravintoloissa, hotelleissa, ty\u00f6paikoilla ja kodeissa.<\/li>\n<\/ul>\n<p>Varoitus:<\/p>\n<ul>\n<li>Kaatumisen est\u00e4miseksi t\u00e4t\u00e4 tuotetta on k\u00e4ytett\u00e4v\u00e4 mukana toimitetun sein\u00e4kiinnityslaitteen kanssa.<\/li>\n<\/ul>\n<p>Hyv\u00e4 tiet\u00e4\u00e4:<\/p>\n<ul>\n<li>Sein\u00e4\u00e4n kiinnitett\u00e4v\u00e4t ruuvit ja tulpat eiv\u00e4t sis\u00e4lly toimitukseen. Suosittelemme etsim\u00e4\u00e4n ja k\u00e4ytt\u00e4m\u00e4\u00e4n sein\u00e4\u00e4si sopivia ruuveja ja tulppia. Jos olet ep\u00e4varma, kysy ammattilaisen neuvoa. Lue ja noudata ohjeiden jokaista vaihetta.<\/li>\n<\/ul>\n<ul>\n<li>V\u00e4ri: Harmaa Sonoma<\/li>\n<li>Materiaali: Tekninen puu<\/li>\n<li>Kokonaismitat: 95 x 41,5 x 131,5 cm (L x S x K)<\/li>\n<li><strong>Keitti\u00f6n kaappi:<\/strong><\/li>\n<li>Mitat: 38 x 41,5 x 131,5 cm (L x S x K)<\/li>\n<li>Hyllyjen mitat: 35 x 38 x 30\/28\/29 cm (L x S x K)<\/li>\n<li><strong>Keitti\u00f6n kaappi avohyllyill\u00e4:<\/strong><\/li>\n<li>Mitat: 57 x 41,5 x 131,5 cm (L x S x K)<\/li>\n<li>Alakaapin mitat: 54 x 38 x 60 cm (L x S x K)<\/li>\n<li>Hyllyjen mitat: 54 x 38 x 22\/36,5 cm (L x S x K)<\/li>\n<li>Suurin kapasiteetti (jokainen kaappi): 60 kg<\/li>\n<li>Asennus vaaditaan: Kyll\u00e4<\/li>\n<li><strong>Toimitus sis\u00e4lt\u00e4\u00e4:<\/strong><\/li>\n<li>1 x keitti\u00f6n kaappi<\/li>\n<li>1 x keitti\u00f6n kaappi avohyllyill\u00e4<\/li>\n<\/ul>\n","protected":false},"excerpt":{"rendered":"<ul>\n<li>V\u00e4ri: Harmaa Sonoma<\/li>\n<li>Materiaali: Tekninen puu<\/li>\n<li>Kokonaismitat: 95 x 41,5 x 131,5 cm (L x S x K)<\/li>\n<li><strong>Keitti\u00f6n kaappi:<\/strong><\/li>\n<li>Mitat: 38 x 41,5 x 131,5 cm (L x S x K)<\/li>\n<li>Hyllyjen mitat: 35 x 38 x 30\/28\/29 cm (L x S x K)<\/li>\n<li><strong>Keitti\u00f6n kaappi avohyllyill\u00e4:<\/strong><\/li>\n<li>Mitat: 57 x 41,5 x 131,5 cm (L x S x K)<\/li>\n<li>Alakaapin mitat: 54 x 38 x 60 cm (L x S x K)<\/li>\n<li>Hyllyjen mitat: 54 x 38 x 22\/36,5 cm (L x S x K)<\/li>\n<li>Suurin kapasiteetti (jokainen kaappi): 60 kg<\/li>\n<li>Asennus vaaditaan: Kyll\u00e4<\/li>\n<li><strong>Toimitus sis\u00e4lt\u00e4\u00e4:<\/strong><\/li>\n<li>1 x keitti\u00f6n kaappi<\/li>\n<li>1 x keitti\u00f6n kaappi avohyllyill\u00e4<\/li>\n<\/ul>\n","protected":false},"featured_media":100000138351,"comment_status":"closed","ping_status":"closed","template":"","meta":[],"product_brand":[],"product_cat":[84,8634],"product_tag":[],"class_list":{"0":"post-138351","1":"product","2":"type-product","3":"status-publish","4":"has-post-thumbnail","6":"product_cat-huonekalut","7":"product_cat-seinahyllyt","9":"first","10":"instock","11":"taxable","12":"shipping-taxable","13":"purchasable","14":"product-type-simple"},"_links":{"self":[{"href":"https:\/\/www.otiumhome.fi\/index.php\/wp-json\/wp\/v2\/product\/138351","targetHints":{"allow":["GET"]}}],"collection":[{"href":"https:\/\/www.otiumhome.fi\/index.php\/wp-json\/wp\/v2\/product"}],"about":[{"href":"https:\/\/www.otiumhome.fi\/index.php\/wp-json\/wp\/v2\/types\/product"}],"replies":[{"embeddable":true,"href":"https:\/\/www.otiumhome.fi\/index.php\/wp-json\/wp\/v2\/comments?post=138351"}],"wp:featuredmedia":[{"embeddable":true,"href":"https:\/\/www.otiumhome.fi\/index.php\/wp-json\/"}],"wp:attachment":[{"href":"https:\/\/www.otiumhome.fi\/index.php\/wp-json\/wp\/v2\/media?parent=138351"}],"wp:term":[{"taxonomy":"product_brand","embeddable":true,"href":"https:\/\/www.otiumhome.fi\/index.php\/wp-json\/wp\/v2\/product_brand?post=138351"},{"taxonomy":"product_cat","embeddable":true,"href":"https:\/\/www.otiumhome.fi\/index.php\/wp-json\/wp\/v2\/product_cat?post=138351"},{"taxonomy":"product_tag","embeddable":true,"href":"https:\/\/www.otiumhome.fi\/index.php\/wp-json\/wp\/v2\/product_tag?post=138351"}],"curies":[{"name":"wp","href":"https:\/\/api.w.org\/{rel}","templated":true}]}}