{"id":138216,"date":"2025-01-16T02:41:43","date_gmt":"2025-01-16T02:41:43","guid":{"rendered":"https:\/\/www.otiumhome.fi\/?p=138216"},"modified":"2025-12-14T05:47:47","modified_gmt":"2025-12-14T05:47:47","slug":"7-osainen-ruokailuryhma-panama-harmaa-taysi-manty","status":"publish","type":"product","link":"https:\/\/www.otiumhome.fi\/index.php\/tuote\/7-osainen-ruokailuryhma-panama-harmaa-taysi-manty\/","title":{"rendered":"7-osainen Ruokailuryhm\u00e4 Panama harmaa t\u00e4ysi m\u00e4nty"},"content":{"rendered":"<p>Luo l\u00e4mmin ja kutsuva paikka aloittaa p\u00e4iv\u00e4 tai nauttia upea ateria t\u00e4m\u00e4n puisen ruokailusarjan kanssa!<\/p>\n<\/p>\n<ul>\n<li>Vankka ja vakaa materiaali: T\u00e4ysi m\u00e4nty tunnetaan lujuudestaan ja kest\u00e4vyydest\u00e4\u00e4n. Sen suorat puunsyyt ja erottuvat oksanpaikat lis\u00e4\u00e4v\u00e4t sen rustiikkista charmia.<\/li>\n<li>Tukeva p\u00f6yt\u00e4levy: T\u00e4ss\u00e4 ruokap\u00f6yd\u00e4ss\u00e4 on vankka p\u00f6yt\u00e4levy, joten se sopii ihanteellisesti aterioiden, v\u00e4lipalojen, juomien tarjoiluun ja suosikkikoristeiden esittelyyn.<\/li>\n<li>Helppo hoitaa: Sile\u00e4n pinnan ansiosta ruokailuryhm\u00e4 on helppo puhdistaa kostealla liinalla ja se tarvitsee vain hieman hoitoa.<\/li>\n<li>Laajat sovellukset: Ruokap\u00f6yt\u00e4setiss\u00e4 on minimalistinen muotoilu, joka sopii kaikkiin kodin ymp\u00e4rist\u00f6ihin. Sit\u00e4 voidaan k\u00e4ytt\u00e4\u00e4 keitti\u00f6ss\u00e4, ruokasalissa jne.<\/li>\n<\/ul>\n<ul>\n<li>V\u00e4ri: Harmaa<\/li>\n<li>Materiaali: T\u00e4ysi hunajavahattu m\u00e4nty<\/li>\n<li>P\u00f6yd\u00e4n mitat: 180 x 90 x 75 cm (P x L x K)<\/li>\n<li>Tuolin mitat: 40 x 46 x 90 cm (P x L x K)<\/li>\n<li>Maksimikantavuus (per istuin): 110 kg<\/li>\n<li>Malliston nimi: Panama<\/li>\n<li>Asennus vaaditaan: Kyll\u00e4<\/li>\n<li><strong>Toimitus sis\u00e4lt\u00e4\u00e4:<\/strong><\/li>\n<li>1 x ruokap\u00f6yt\u00e4<\/li>\n<li>6 x tuoli<\/li>\n<\/ul>\n","protected":false},"excerpt":{"rendered":"<ul>\n<li>V\u00e4ri: Harmaa<\/li>\n<li>Materiaali: T\u00e4ysi hunajavahattu m\u00e4nty<\/li>\n<li>P\u00f6yd\u00e4n mitat: 180 x 90 x 75 cm (P x L x K)<\/li>\n<li>Tuolin mitat: 40 x 46 x 90 cm (P x L x K)<\/li>\n<li>Maksimikantavuus (per istuin): 110 kg<\/li>\n<li>Malliston nimi: Panama<\/li>\n<li>Asennus vaaditaan: Kyll\u00e4<\/li>\n<li><strong>Toimitus sis\u00e4lt\u00e4\u00e4:<\/strong><\/li>\n<li>1 x ruokap\u00f6yt\u00e4<\/li>\n<li>6 x tuoli<\/li>\n<\/ul>\n","protected":false},"featured_media":100000138216,"comment_status":"closed","ping_status":"closed","template":"","meta":[],"product_brand":[],"product_cat":[84,8545],"product_tag":[],"class_list":{"0":"post-138216","1":"product","2":"type-product","3":"status-publish","4":"has-post-thumbnail","6":"product_cat-huonekalut","7":"product_cat-keittion-ruokasalin-kalusteet","9":"first","10":"instock","11":"taxable","12":"shipping-taxable","13":"purchasable","14":"product-type-simple"},"_links":{"self":[{"href":"https:\/\/www.otiumhome.fi\/index.php\/wp-json\/wp\/v2\/product\/138216","targetHints":{"allow":["GET"]}}],"collection":[{"href":"https:\/\/www.otiumhome.fi\/index.php\/wp-json\/wp\/v2\/product"}],"about":[{"href":"https:\/\/www.otiumhome.fi\/index.php\/wp-json\/wp\/v2\/types\/product"}],"replies":[{"embeddable":true,"href":"https:\/\/www.otiumhome.fi\/index.php\/wp-json\/wp\/v2\/comments?post=138216"}],"wp:featuredmedia":[{"embeddable":true,"href":"https:\/\/www.otiumhome.fi\/index.php\/wp-json\/"}],"wp:attachment":[{"href":"https:\/\/www.otiumhome.fi\/index.php\/wp-json\/wp\/v2\/media?parent=138216"}],"wp:term":[{"taxonomy":"product_brand","embeddable":true,"href":"https:\/\/www.otiumhome.fi\/index.php\/wp-json\/wp\/v2\/product_brand?post=138216"},{"taxonomy":"product_cat","embeddable":true,"href":"https:\/\/www.otiumhome.fi\/index.php\/wp-json\/wp\/v2\/product_cat?post=138216"},{"taxonomy":"product_tag","embeddable":true,"href":"https:\/\/www.otiumhome.fi\/index.php\/wp-json\/wp\/v2\/product_tag?post=138216"}],"curies":[{"name":"wp","href":"https:\/\/api.w.org\/{rel}","templated":true}]}}