{"id":138167,"date":"2025-01-16T02:27:48","date_gmt":"2025-01-16T02:27:48","guid":{"rendered":"https:\/\/www.otiumhome.fi\/?p=138167"},"modified":"2025-06-16T16:19:38","modified_gmt":"2025-06-16T16:19:38","slug":"ruokapoyta-savutammi-180x90x76-cm-tekninen-puu","status":"publish","type":"product","link":"https:\/\/www.otiumhome.fi\/index.php\/tuote\/ruokapoyta-savutammi-180x90x76-cm-tekninen-puu\/","title":{"rendered":"Ruokap\u00f6yt\u00e4 savutammi 180x90x76 cm tekninen puu"},"content":{"rendered":"<p>Tuo minimalistista tyyli\u00e4 ja eleganttia vieh\u00e4tysvoimaa keitti\u00f6\u00f6si tai ruokailuhuoneeseesi t\u00e4ll\u00e4 ruokap\u00f6yd\u00e4ll\u00e4!<\/p>\n<\/p>\n<ul>\n<li>Kest\u00e4v\u00e4 materiaali: Tekninen puu on poikkeuksellisen laadukasta ja sile\u00e4pintaista. Se on luja, vakaa ja kosteudelle vastustuskykyinen.<\/li>\n<li>Tukeva p\u00f6yt\u00e4levy: Tukeva p\u00f6yt\u00e4levy sopii erinomaisesti v\u00e4lipalojen, juomien, maljakoiden, hedelm\u00e4korien ja muiden koriste-esineiden sijoittamiseen.<\/li>\n<li>Laaja k\u00e4ytt\u00f6: T\u00e4m\u00e4 ruokasalin p\u00f6yt\u00e4 voi t\u00e4ytt\u00e4\u00e4 erilaiset tarpeesi, sill\u00e4 sit\u00e4 voidaan k\u00e4ytt\u00e4\u00e4 my\u00f6s tiski-, ravintola- tai bistrop\u00f6yt\u00e4n\u00e4.<\/li>\n<li>Helppo puhdistaa: T\u00e4m\u00e4 keitti\u00f6n p\u00f6yt\u00e4 on helppo puhdistaa kostealla liinalla.<\/li>\n<\/ul>\n<ul>\n<li>V\u00e4ri: savutammi<\/li>\n<li>Materiaali: Tekninen puu<\/li>\n<li>Kokonaismitat: 180 x 90 x 76 cm (P x L x K)<\/li>\n<li>Asennus vaaditaan: Kyll\u00e4<\/li>\n<\/ul>\n","protected":false},"excerpt":{"rendered":"<ul>\n<li>V\u00e4ri: savutammi<\/li>\n<li>Materiaali: Tekninen puu<\/li>\n<li>Kokonaismitat: 180 x 90 x 76 cm (P x L x K)<\/li>\n<li>Asennus vaaditaan: Kyll\u00e4<\/li>\n<\/ul>\n","protected":false},"featured_media":100000138167,"comment_status":"closed","ping_status":"closed","template":"","meta":[],"product_brand":[],"product_cat":[84,8543],"product_tag":[],"class_list":{"0":"post-138167","1":"product","2":"type-product","3":"status-publish","4":"has-post-thumbnail","6":"product_cat-huonekalut","7":"product_cat-keittion-ruokapoydat","9":"first","10":"outofstock","11":"taxable","12":"shipping-taxable","13":"purchasable","14":"product-type-simple"},"_links":{"self":[{"href":"https:\/\/www.otiumhome.fi\/index.php\/wp-json\/wp\/v2\/product\/138167","targetHints":{"allow":["GET"]}}],"collection":[{"href":"https:\/\/www.otiumhome.fi\/index.php\/wp-json\/wp\/v2\/product"}],"about":[{"href":"https:\/\/www.otiumhome.fi\/index.php\/wp-json\/wp\/v2\/types\/product"}],"replies":[{"embeddable":true,"href":"https:\/\/www.otiumhome.fi\/index.php\/wp-json\/wp\/v2\/comments?post=138167"}],"wp:featuredmedia":[{"embeddable":true,"href":"https:\/\/www.otiumhome.fi\/index.php\/wp-json\/"}],"wp:attachment":[{"href":"https:\/\/www.otiumhome.fi\/index.php\/wp-json\/wp\/v2\/media?parent=138167"}],"wp:term":[{"taxonomy":"product_brand","embeddable":true,"href":"https:\/\/www.otiumhome.fi\/index.php\/wp-json\/wp\/v2\/product_brand?post=138167"},{"taxonomy":"product_cat","embeddable":true,"href":"https:\/\/www.otiumhome.fi\/index.php\/wp-json\/wp\/v2\/product_cat?post=138167"},{"taxonomy":"product_tag","embeddable":true,"href":"https:\/\/www.otiumhome.fi\/index.php\/wp-json\/wp\/v2\/product_tag?post=138167"}],"curies":[{"name":"wp","href":"https:\/\/api.w.org\/{rel}","templated":true}]}}