{"id":138160,"date":"2025-01-16T00:33:29","date_gmt":"2025-01-16T00:33:29","guid":{"rendered":"https:\/\/www.otiumhome.fi\/?p=138160"},"modified":"2025-06-06T15:36:04","modified_gmt":"2025-06-06T15:36:04","slug":"vaatekaappi-valkoinen-80x52x180-cm-tekninen-puu","status":"publish","type":"product","link":"https:\/\/www.otiumhome.fi\/index.php\/tuote\/vaatekaappi-valkoinen-80x52x180-cm-tekninen-puu\/","title":{"rendered":"Vaatekaappi valkoinen 80x52x180 cm tekninen puu"},"content":{"rendered":"<p>Kompaktissa vaatekaapissa vaatteet ja p\u00e4ivitt\u00e4iset asusteet pysyv\u00e4t k\u00e4den ulottuvilla. Se tarjoaa t\u00e4ydellisen s\u00e4ilytysratkaisun ja tuo tyylikkyytt\u00e4 kotiin.<\/p>\n<\/p>\n<p>Vaatekaappi on valmistettu laadukkaasta teknisest\u00e4 puusta, joten se on vankka, kest\u00e4v\u00e4 ja pitk\u00e4ik\u00e4inen. Siin\u00e4 on 2 laatikkoa ja suuri lokero ripustintangolla, joten vaatekaappi tarjoaa runsaasti tilaa niin pitkille vaatteille kuin viikatuille vaatteille ja asusteille, kuten puseroille, farkuille, hatuille, k\u00e4silaukuille jne.<\/p>\n<\/p>\n<p>Tuote on helppo puhdistaa. Vaatekaappi on helppo koota.<\/p>\n<ul>\n<li>V\u00e4ri: valkoinen<\/li>\n<li>Materiaali: tekninen puu<\/li>\n<li>Mitat: 80 x 52 x 180 cm (L x S x K)<\/li>\n<li>2 ovellista kaappia ja 2 vetolaatikkoa<\/li>\n<li>Tilava lokero ja ripustintanko<\/li>\n<li><strong>Huomio: <\/strong>Sein\u00e4\u00e4n kiinnitett\u00e4v\u00e4t ruuvit ja tulpat eiv\u00e4t sis\u00e4lly toimitukseen. Etsi ja k\u00e4yt\u00e4 sein\u00e4\u00e4si sopivia ruuveja ja tulppia. Jos olet ep\u00e4varma, kysy ammattilaisen neuvoa. Lue ja seuraa asennusohjeiden jokaista vaihetta huolella.<\/li>\n<\/ul>\n","protected":false},"excerpt":{"rendered":"<ul>\n<li>V\u00e4ri: valkoinen<\/li>\n<li>Materiaali: tekninen puu<\/li>\n<li>Mitat: 80 x 52 x 180 cm (L x S x K)<\/li>\n<li>2 ovellista kaappia ja 2 vetolaatikkoa<\/li>\n<li>Tilava lokero ja ripustintanko<\/li>\n<li><strong>Huomio: <\/strong>Sein\u00e4\u00e4n kiinnitett\u00e4v\u00e4t ruuvit ja tulpat eiv\u00e4t sis\u00e4lly toimitukseen. Etsi ja k\u00e4yt\u00e4 sein\u00e4\u00e4si sopivia ruuveja ja tulppia. Jos olet ep\u00e4varma, kysy ammattilaisen neuvoa. Lue ja seuraa asennusohjeiden jokaista vaihetta huolella.<\/li>\n<\/ul>\n","protected":false},"featured_media":100000138160,"comment_status":"closed","ping_status":"closed","template":"","meta":[],"product_brand":[],"product_cat":[84,8539],"product_tag":[],"class_list":{"0":"post-138160","1":"product","2":"type-product","3":"status-publish","4":"has-post-thumbnail","6":"product_cat-huonekalut","7":"product_cat-kaapit-vaatekaapit","9":"first","10":"instock","11":"taxable","12":"shipping-taxable","13":"purchasable","14":"product-type-simple"},"_links":{"self":[{"href":"https:\/\/www.otiumhome.fi\/index.php\/wp-json\/wp\/v2\/product\/138160","targetHints":{"allow":["GET"]}}],"collection":[{"href":"https:\/\/www.otiumhome.fi\/index.php\/wp-json\/wp\/v2\/product"}],"about":[{"href":"https:\/\/www.otiumhome.fi\/index.php\/wp-json\/wp\/v2\/types\/product"}],"replies":[{"embeddable":true,"href":"https:\/\/www.otiumhome.fi\/index.php\/wp-json\/wp\/v2\/comments?post=138160"}],"wp:featuredmedia":[{"embeddable":true,"href":"https:\/\/www.otiumhome.fi\/index.php\/wp-json\/"}],"wp:attachment":[{"href":"https:\/\/www.otiumhome.fi\/index.php\/wp-json\/wp\/v2\/media?parent=138160"}],"wp:term":[{"taxonomy":"product_brand","embeddable":true,"href":"https:\/\/www.otiumhome.fi\/index.php\/wp-json\/wp\/v2\/product_brand?post=138160"},{"taxonomy":"product_cat","embeddable":true,"href":"https:\/\/www.otiumhome.fi\/index.php\/wp-json\/wp\/v2\/product_cat?post=138160"},{"taxonomy":"product_tag","embeddable":true,"href":"https:\/\/www.otiumhome.fi\/index.php\/wp-json\/wp\/v2\/product_tag?post=138160"}],"curies":[{"name":"wp","href":"https:\/\/api.w.org\/{rel}","templated":true}]}}