{"id":138150,"date":"2025-01-16T00:07:37","date_gmt":"2025-01-16T00:07:37","guid":{"rendered":"https:\/\/www.otiumhome.fi\/?p=138150"},"modified":"2025-06-06T15:34:22","modified_gmt":"2025-06-06T15:34:22","slug":"kenkapenkki-savustettu-tammi-tekninen-puu-ja-metalli","status":"publish","type":"product","link":"https:\/\/www.otiumhome.fi\/index.php\/tuote\/kenkapenkki-savustettu-tammi-tekninen-puu-ja-metalli\/","title":{"rendered":"kenk\u00e4penkki savustettu tammi tekninen puu ja metalli"},"content":{"rendered":"<p>Luo l\u00e4mmin ja kutsuva ymp\u00e4rist\u00f6 aivan ovesi viereen t\u00e4ll\u00e4 kenk\u00e4penkill\u00e4!<\/p>\n<\/p>\n<ul>\n<li>Vakaa ja kest\u00e4v\u00e4 materiaali: Tekninen puu on kest\u00e4v\u00e4 ja vakaa materiaali, jonka sile\u00e4 pinta kest\u00e4\u00e4 kosteutta, v\u00e4\u00e4ntymist\u00e4 ja halkeilua, joten se on luotettava valinta erilaisiin projekteihin.<\/li>\n<li>Vakaa ja pitk\u00e4ik\u00e4inen runko: Metallimateriaali on vahvaa, vakaata ja kest\u00e4v\u00e4\u00e4, joten se on ihanteellinen valinta monenlaisiin sovelluksiin huonekalujen valmistuksesta rakentamiseen.<\/li>\n<li>Runsaasti s\u00e4ilytystilaa: Kenk\u00e4kaappi tarjoaa runsaasti tilaa kenkien s\u00e4ilytykseen. T\u00e4m\u00e4n k\u00e4tev\u00e4n keng\u00e4nj\u00e4rjest\u00e4j\u00e4n avulla et en\u00e4\u00e4 \u00e4rsyt\u00e4 lattiaasi sotkevat keng\u00e4t.<\/li>\n<li>Helppo huoltaa: T\u00e4m\u00e4 salin penkki on helppo puhdistaa kostealla liinalla ja vaatii v\u00e4hemm\u00e4n huoltoa.<\/li>\n<\/ul>\n<p>Varoitus:<\/p>\n<ul>\n<li>Kaatumisen est\u00e4miseksi t\u00e4t\u00e4 tuotetta on k\u00e4ytett\u00e4v\u00e4 mukana toimitetun sein\u00e4kiinnityslaitteen kanssa.<\/li>\n<\/ul>\n<ul>\n<li>V\u00e4ri: savutammi<\/li>\n<li>Materiaali: Tekninen puu, metalli<\/li>\n<li>Kokonaismitat: 84 x 40 x 53,5 cm (L x S x K)<\/li>\n<li>Kokonaiskantavuus: 70 kg<\/li>\n<li>Asennus vaaditaan: Kyll\u00e4<\/li>\n<\/ul>\n","protected":false},"excerpt":{"rendered":"<ul>\n<li>V\u00e4ri: savutammi<\/li>\n<li>Materiaali: Tekninen puu, metalli<\/li>\n<li>Kokonaismitat: 84 x 40 x 53,5 cm (L x S x K)<\/li>\n<li>Kokonaiskantavuus: 70 kg<\/li>\n<li>Asennus vaaditaan: Kyll\u00e4<\/li>\n<\/ul>\n","protected":false},"featured_media":100000138150,"comment_status":"closed","ping_status":"closed","template":"","meta":[],"product_brand":[],"product_cat":[8538,84],"product_tag":[],"class_list":{"0":"post-138150","1":"product","2":"type-product","3":"status-publish","4":"has-post-thumbnail","6":"product_cat-eteis-sailytyspenkit","7":"product_cat-huonekalut","9":"first","10":"instock","11":"taxable","12":"shipping-taxable","13":"purchasable","14":"product-type-simple"},"_links":{"self":[{"href":"https:\/\/www.otiumhome.fi\/index.php\/wp-json\/wp\/v2\/product\/138150","targetHints":{"allow":["GET"]}}],"collection":[{"href":"https:\/\/www.otiumhome.fi\/index.php\/wp-json\/wp\/v2\/product"}],"about":[{"href":"https:\/\/www.otiumhome.fi\/index.php\/wp-json\/wp\/v2\/types\/product"}],"replies":[{"embeddable":true,"href":"https:\/\/www.otiumhome.fi\/index.php\/wp-json\/wp\/v2\/comments?post=138150"}],"wp:featuredmedia":[{"embeddable":true,"href":"https:\/\/www.otiumhome.fi\/index.php\/wp-json\/"}],"wp:attachment":[{"href":"https:\/\/www.otiumhome.fi\/index.php\/wp-json\/wp\/v2\/media?parent=138150"}],"wp:term":[{"taxonomy":"product_brand","embeddable":true,"href":"https:\/\/www.otiumhome.fi\/index.php\/wp-json\/wp\/v2\/product_brand?post=138150"},{"taxonomy":"product_cat","embeddable":true,"href":"https:\/\/www.otiumhome.fi\/index.php\/wp-json\/wp\/v2\/product_cat?post=138150"},{"taxonomy":"product_tag","embeddable":true,"href":"https:\/\/www.otiumhome.fi\/index.php\/wp-json\/wp\/v2\/product_tag?post=138150"}],"curies":[{"name":"wp","href":"https:\/\/api.w.org\/{rel}","templated":true}]}}