{"id":138142,"date":"2025-01-15T23:35:47","date_gmt":"2025-01-15T23:35:47","guid":{"rendered":"https:\/\/www.otiumhome.fi\/?p=138142"},"modified":"2025-06-06T15:31:45","modified_gmt":"2025-06-06T15:31:45","slug":"sivupoyta-40x30x40-cm-karkea-mangopuu","status":"publish","type":"product","link":"https:\/\/www.otiumhome.fi\/index.php\/tuote\/sivupoyta-40x30x40-cm-karkea-mangopuu\/","title":{"rendered":"Sivup\u00f6yt\u00e4 40x30x40 cm karkea mangopuu"},"content":{"rendered":"<p>T\u00e4m\u00e4 teollista tyyli\u00e4 edustava puinen sivup\u00f6yt\u00e4 on erinomainen lis\u00e4 elintilaasi.<\/p>\n<\/p>\n<p>Sohvap\u00f6yt\u00e4 on valmistettu karkeasta mangopuusta, trooppisesta lehtipuusta, jolla on kyky\u00e4 kantaa painoa ja kest\u00e4\u00e4 ajan patinaa. P\u00f6yt\u00e4 on siten vakaa ja kest\u00e4v\u00e4. K\u00e4sity\u00f6taito ja kauniit puukuviot tekev\u00e4t jokaisesta huonekalusta ainutlaatuisen ja hieman erilaisen kuin muut. Tukevaa p\u00f6yt\u00e4levy\u00e4 voidaan k\u00e4ytt\u00e4\u00e4 koriste-esineiden esille laittoon. Alahylly tarjoaa runsaasti s\u00e4ilytystilaa. T\u00e4t\u00e4 koristep\u00f6yt\u00e4\u00e4 voidaan k\u00e4ytt\u00e4\u00e4 my\u00f6s y\u00f6p\u00f6yt\u00e4n\u00e4.<\/p>\n<\/p>\n<p>T\u00e4rke\u00e4 huomio: V\u00e4rit ja puunsyyt vaihtelevat kappaleittain, mik\u00e4 tekee jokaisesta huonekalusta ainutlaatuisen. Toimitus on sattumanvarainen.<\/p>\n<ul>\n<li>Materiaali: karkea mangopuu luonnollisella viimeistelyll\u00e4, rauta mustalla jauhemaalilla<\/li>\n<li>Mitat: 40 x 30 x 40 cm (L x S x K)<\/li>\n<li>Asennus vaaditaan: kyll\u00e4<\/li>\n<\/ul>\n","protected":false},"excerpt":{"rendered":"<ul>\n<li>Materiaali: karkea mangopuu luonnollisella viimeistelyll\u00e4, rauta mustalla jauhemaalilla<\/li>\n<li>Mitat: 40 x 30 x 40 cm (L x S x K)<\/li>\n<li>Asennus vaaditaan: kyll\u00e4<\/li>\n<\/ul>\n","protected":false},"featured_media":100000138142,"comment_status":"closed","ping_status":"closed","template":"","meta":[],"product_brand":[],"product_cat":[8534,84,8533],"product_tag":[],"class_list":{"0":"post-138142","1":"product","2":"type-product","3":"status-publish","4":"has-post-thumbnail","6":"product_cat-apupoydat","7":"product_cat-huonekalut","8":"product_cat-sivupoydat","10":"first","11":"instock","12":"taxable","13":"shipping-taxable","14":"purchasable","15":"product-type-simple"},"_links":{"self":[{"href":"https:\/\/www.otiumhome.fi\/index.php\/wp-json\/wp\/v2\/product\/138142","targetHints":{"allow":["GET"]}}],"collection":[{"href":"https:\/\/www.otiumhome.fi\/index.php\/wp-json\/wp\/v2\/product"}],"about":[{"href":"https:\/\/www.otiumhome.fi\/index.php\/wp-json\/wp\/v2\/types\/product"}],"replies":[{"embeddable":true,"href":"https:\/\/www.otiumhome.fi\/index.php\/wp-json\/wp\/v2\/comments?post=138142"}],"wp:featuredmedia":[{"embeddable":true,"href":"https:\/\/www.otiumhome.fi\/index.php\/wp-json\/"}],"wp:attachment":[{"href":"https:\/\/www.otiumhome.fi\/index.php\/wp-json\/wp\/v2\/media?parent=138142"}],"wp:term":[{"taxonomy":"product_brand","embeddable":true,"href":"https:\/\/www.otiumhome.fi\/index.php\/wp-json\/wp\/v2\/product_brand?post=138142"},{"taxonomy":"product_cat","embeddable":true,"href":"https:\/\/www.otiumhome.fi\/index.php\/wp-json\/wp\/v2\/product_cat?post=138142"},{"taxonomy":"product_tag","embeddable":true,"href":"https:\/\/www.otiumhome.fi\/index.php\/wp-json\/wp\/v2\/product_tag?post=138142"}],"curies":[{"name":"wp","href":"https:\/\/api.w.org\/{rel}","templated":true}]}}