{"id":138022,"date":"2025-01-15T09:08:58","date_gmt":"2025-01-15T09:08:58","guid":{"rendered":"https:\/\/www.otiumhome.fi\/?p=138022"},"modified":"2025-06-06T16:35:28","modified_gmt":"2025-06-06T16:35:28","slug":"toimistokaappi-kukkalaatikolla-antrasiitti-90x40x125-cm-teras","status":"publish","type":"product","link":"https:\/\/www.otiumhome.fi\/index.php\/tuote\/toimistokaappi-kukkalaatikolla-antrasiitti-90x40x125-cm-teras\/","title":{"rendered":"Toimistokaappi kukkalaatikolla antrasiitti 90x40x125 cm ter\u00e4s"},"content":{"rendered":"<p>T\u00e4m\u00e4 kukkalaatikon sis\u00e4lt\u00e4v\u00e4 toimistokaappi on t\u00e4ydellinen valinta erilaisten tavaroiden s\u00e4ilytt\u00e4misen ja kukkien tai kasvien kasvatukseen.<\/p>\n<\/p>\n<p>Kukkalaatikon sis\u00e4lt\u00e4v\u00e4 kaappi on valmistettu ter\u00e4ksest\u00e4 ja karkaistusta lasista, joten se on tukeva, vakaa ja helppo puhdistaa. Siin\u00e4 on kaksi s\u00e4\u00e4dett\u00e4v\u00e4\u00e4 hylly\u00e4, kaksi vetolaatikkoa ja lukko, joten siin\u00e4 on reilusti tilaa DVD-levyille, multimedialaitteille, kirjoille ja pikkutavaroille niiden j\u00e4rjestyksess\u00e4 ja k\u00e4den ulottuvilla pit\u00e4miseen. Kukkalaatikkoon mahtuu huomattava m\u00e4\u00e4r\u00e4 viherkasveja ja kukkia, jotka sopivat t\u00e4ydellisesti erilaisiin tiloihin.<\/p>\n<\/p>\n<p>Sen moderni muotoilu tekee upean koristeellisen lis\u00e4n mihin tahansa huoneeseen tai toimistotilaan.<\/p>\n<ul>\n<li>V\u00e4ri: antrasiitti<\/li>\n<li>Materiaali: ter\u00e4s<\/li>\n<li>Kokonaismitat: 90 x 40 x 125 cm (L x S x K)<\/li>\n<li><strong>Toimistokaappi:<\/strong><\/li>\n<li>Mitat: 90 x 40 x 102 cm (L x S x K)<\/li>\n<li>2 s\u00e4\u00e4dett\u00e4v\u00e4\u00e4 hylly\u00e4<\/li>\n<li>Lukoilla<\/li>\n<li>2 vetolaatikkoa ja 3-osaiset kuulalaakerikiskot<\/li>\n<li>Kantavuus per hylly: 30 kg<\/li>\n<li>Kantavuus laatikkoa kohden: 25 kg<\/li>\n<li>Kokonaiskantavuus: 90 kg<\/li>\n<li><strong>Kukkalaatikko:<\/strong><\/li>\n<li>Mitat: 90 x 40 x 23 cm (L x S x K)<\/li>\n<li>Rei\u00e4n halkaisija: 18 cm<\/li>\n<li>Kokonaiskantavuus: 20 kg<\/li>\n<li>Asennus vaaditaan: kyll\u00e4<\/li>\n<li><strong>VAROITUS:<\/strong> Kaatumisen est\u00e4miseksi t\u00e4t\u00e4 tuotetta on k\u00e4ytett\u00e4v\u00e4 mukana toimitetun sein\u00e4kiinnityslaitteen kanssa<\/li>\n<li><strong>Toimitus sis\u00e4lt\u00e4\u00e4:<\/strong><\/li>\n<li>1 x kukkalaatikko<\/li>\n<li>1 x toimistokaappi<\/li>\n<\/ul>\n","protected":false},"excerpt":{"rendered":"<ul>\n<li>V\u00e4ri: antrasiitti<\/li>\n<li>Materiaali: ter\u00e4s<\/li>\n<li>Kokonaismitat: 90 x 40 x 125 cm (L x S x K)<\/li>\n<li><strong>Toimistokaappi:<\/strong><\/li>\n<li>Mitat: 90 x 40 x 102 cm (L x S x K)<\/li>\n<li>2 s\u00e4\u00e4dett\u00e4v\u00e4\u00e4 hylly\u00e4<\/li>\n<li>Lukoilla<\/li>\n<li>2 vetolaatikkoa ja 3-osaiset kuulalaakerikiskot<\/li>\n<li>Kantavuus per hylly: 30 kg<\/li>\n<li>Kantavuus laatikkoa kohden: 25 kg<\/li>\n<li>Kokonaiskantavuus: 90 kg<\/li>\n<li><strong>Kukkalaatikko:<\/strong><\/li>\n<li>Mitat: 90 x 40 x 23 cm (L x S x K)<\/li>\n<li>Rei\u00e4n halkaisija: 18 cm<\/li>\n<li>Kokonaiskantavuus: 20 kg<\/li>\n<li>Asennus vaaditaan: kyll\u00e4<\/li>\n<li><strong>VAROITUS:<\/strong> Kaatumisen est\u00e4miseksi t\u00e4t\u00e4 tuotetta on k\u00e4ytett\u00e4v\u00e4 mukana toimitetun sein\u00e4kiinnityslaitteen kanssa<\/li>\n<li><strong>Toimitus sis\u00e4lt\u00e4\u00e4:<\/strong><\/li>\n<li>1 x kukkalaatikko<\/li>\n<li>1 x toimistokaappi<\/li>\n<\/ul>\n","protected":false},"featured_media":100000138022,"comment_status":"closed","ping_status":"closed","template":"","meta":[],"product_brand":[],"product_cat":[84,8635],"product_tag":[],"class_list":{"0":"post-138022","1":"product","2":"type-product","3":"status-publish","4":"has-post-thumbnail","6":"product_cat-huonekalut","7":"product_cat-sailytys-lukkokaapit","9":"first","10":"instock","11":"taxable","12":"shipping-taxable","13":"purchasable","14":"product-type-simple"},"_links":{"self":[{"href":"https:\/\/www.otiumhome.fi\/index.php\/wp-json\/wp\/v2\/product\/138022","targetHints":{"allow":["GET"]}}],"collection":[{"href":"https:\/\/www.otiumhome.fi\/index.php\/wp-json\/wp\/v2\/product"}],"about":[{"href":"https:\/\/www.otiumhome.fi\/index.php\/wp-json\/wp\/v2\/types\/product"}],"replies":[{"embeddable":true,"href":"https:\/\/www.otiumhome.fi\/index.php\/wp-json\/wp\/v2\/comments?post=138022"}],"wp:featuredmedia":[{"embeddable":true,"href":"https:\/\/www.otiumhome.fi\/index.php\/wp-json\/"}],"wp:attachment":[{"href":"https:\/\/www.otiumhome.fi\/index.php\/wp-json\/wp\/v2\/media?parent=138022"}],"wp:term":[{"taxonomy":"product_brand","embeddable":true,"href":"https:\/\/www.otiumhome.fi\/index.php\/wp-json\/wp\/v2\/product_brand?post=138022"},{"taxonomy":"product_cat","embeddable":true,"href":"https:\/\/www.otiumhome.fi\/index.php\/wp-json\/wp\/v2\/product_cat?post=138022"},{"taxonomy":"product_tag","embeddable":true,"href":"https:\/\/www.otiumhome.fi\/index.php\/wp-json\/wp\/v2\/product_tag?post=138022"}],"curies":[{"name":"wp","href":"https:\/\/api.w.org\/{rel}","templated":true}]}}