{"id":138021,"date":"2025-01-15T09:01:14","date_gmt":"2025-01-15T09:01:14","guid":{"rendered":"https:\/\/www.otiumhome.fi\/?p=138021"},"modified":"2025-06-06T16:35:22","modified_gmt":"2025-06-06T16:35:22","slug":"liukuovikaappi-musta-90x40x90-cm-teras","status":"publish","type":"product","link":"https:\/\/www.otiumhome.fi\/index.php\/tuote\/liukuovikaappi-musta-90x40x90-cm-teras\/","title":{"rendered":"Liukuovikaappi musta 90x40x90 cm ter\u00e4s"},"content":{"rendered":"<p>T\u00e4m\u00e4 liukuovikaappi pit\u00e4\u00e4 kotisi siistin\u00e4 ja hyv\u00e4ss\u00e4 j\u00e4rjestyksess\u00e4!<\/p>\n<\/p>\n<p>T\u00e4m\u00e4 varastokaappi on valmistettu ter\u00e4ksest\u00e4, joten se on tukeva ja vakaa. Kaapissa on kaksi s\u00e4\u00e4dett\u00e4v\u00e4\u00e4 hylly\u00e4 ja lukko, joten siin\u00e4 on reilusti tilaa DVD-levyille, multimedialaitteille, kirjoille ja pikkutavaroille niiden j\u00e4rjestyksess\u00e4 ja k\u00e4den ulottuvilla pit\u00e4miseen. Se on helppo puhdistaa kostealla liinalla.<\/p>\n<\/p>\n<p>Liukuovikaapit sopivat huoneisiin, joissa on rajallisesti tilaa tai pieniin k\u00e4yt\u00e4viin, joissa normaaliovisten kaappien k\u00e4ytt\u00f6 ei ole mahdollista.<\/p>\n<ul>\n<li>V\u00e4ri: Musta<\/li>\n<li>Materiaali: ter\u00e4s<\/li>\n<li>Mitat: 90 x 40 x 90 cm (L x S x K)<\/li>\n<li>Liukuovilla<\/li>\n<li>2 s\u00e4\u00e4dett\u00e4v\u00e4\u00e4 hylly\u00e4<\/li>\n<li>Lukko<\/li>\n<li>Kantavuus per hylly: 30 kg<\/li>\n<li>Kokonaiskantavuus: 90 kg<\/li>\n<li>Asennus vaaditaan: kyll\u00e4<\/li>\n<li><strong>VAROITUS:<\/strong> Kaatumisen est\u00e4miseksi t\u00e4t\u00e4 tuotetta on k\u00e4ytett\u00e4v\u00e4 mukana toimitetun sein\u00e4kiinnityslaitteen kanssa<\/li>\n<\/ul>\n","protected":false},"excerpt":{"rendered":"<ul>\n<li>V\u00e4ri: Musta<\/li>\n<li>Materiaali: ter\u00e4s<\/li>\n<li>Mitat: 90 x 40 x 90 cm (L x S x K)<\/li>\n<li>Liukuovilla<\/li>\n<li>2 s\u00e4\u00e4dett\u00e4v\u00e4\u00e4 hylly\u00e4<\/li>\n<li>Lukko<\/li>\n<li>Kantavuus per hylly: 30 kg<\/li>\n<li>Kokonaiskantavuus: 90 kg<\/li>\n<li>Asennus vaaditaan: kyll\u00e4<\/li>\n<li><strong>VAROITUS:<\/strong> Kaatumisen est\u00e4miseksi t\u00e4t\u00e4 tuotetta on k\u00e4ytett\u00e4v\u00e4 mukana toimitetun sein\u00e4kiinnityslaitteen kanssa<\/li>\n<\/ul>\n","protected":false},"featured_media":100000138021,"comment_status":"closed","ping_status":"closed","template":"","meta":[],"product_brand":[],"product_cat":[84,8635],"product_tag":[],"class_list":{"0":"post-138021","1":"product","2":"type-product","3":"status-publish","4":"has-post-thumbnail","6":"product_cat-huonekalut","7":"product_cat-sailytys-lukkokaapit","9":"first","10":"instock","11":"taxable","12":"shipping-taxable","13":"purchasable","14":"product-type-simple"},"_links":{"self":[{"href":"https:\/\/www.otiumhome.fi\/index.php\/wp-json\/wp\/v2\/product\/138021","targetHints":{"allow":["GET"]}}],"collection":[{"href":"https:\/\/www.otiumhome.fi\/index.php\/wp-json\/wp\/v2\/product"}],"about":[{"href":"https:\/\/www.otiumhome.fi\/index.php\/wp-json\/wp\/v2\/types\/product"}],"replies":[{"embeddable":true,"href":"https:\/\/www.otiumhome.fi\/index.php\/wp-json\/wp\/v2\/comments?post=138021"}],"wp:featuredmedia":[{"embeddable":true,"href":"https:\/\/www.otiumhome.fi\/index.php\/wp-json\/"}],"wp:attachment":[{"href":"https:\/\/www.otiumhome.fi\/index.php\/wp-json\/wp\/v2\/media?parent=138021"}],"wp:term":[{"taxonomy":"product_brand","embeddable":true,"href":"https:\/\/www.otiumhome.fi\/index.php\/wp-json\/wp\/v2\/product_brand?post=138021"},{"taxonomy":"product_cat","embeddable":true,"href":"https:\/\/www.otiumhome.fi\/index.php\/wp-json\/wp\/v2\/product_cat?post=138021"},{"taxonomy":"product_tag","embeddable":true,"href":"https:\/\/www.otiumhome.fi\/index.php\/wp-json\/wp\/v2\/product_tag?post=138021"}],"curies":[{"name":"wp","href":"https:\/\/api.w.org\/{rel}","templated":true}]}}