{"id":138020,"date":"2025-01-15T08:58:31","date_gmt":"2025-01-15T08:58:31","guid":{"rendered":"https:\/\/www.otiumhome.fi\/?p=138020"},"modified":"2025-06-06T16:35:20","modified_gmt":"2025-06-06T16:35:20","slug":"toimistokaappi-antrasiitti-90x40x102-cm-teras","status":"publish","type":"product","link":"https:\/\/www.otiumhome.fi\/index.php\/tuote\/toimistokaappi-antrasiitti-90x40x102-cm-teras\/","title":{"rendered":"Toimistokaappi antrasiitti 90x40x102 cm ter\u00e4s"},"content":{"rendered":"<p>T\u00e4m\u00e4 tyypillisen arkistokaapin n\u00e4k\u00f6inen toimistokaappi on loistava valinta asiakirjojen s\u00e4ilytt\u00e4miseen.<\/p>\n<\/p>\n<p>T\u00e4m\u00e4 toimistokaappi on valmistettu ter\u00e4ksest\u00e4, joka tekee siit\u00e4 sek\u00e4 kest\u00e4v\u00e4n ett\u00e4 helposti puhdistettavan. Kahdella s\u00e4\u00e4dett\u00e4v\u00e4ll\u00e4 hyllyll\u00e4, t\u00e4m\u00e4n arkistokaapin ansiosta voit lajitella kansiosi siististi eri kategorioihin ja pit\u00e4\u00e4 ne turvassa. Vetolaatikot 3-osaisilla kuulalaakeroiduilla kiskoilla varmistavat sujuvan avautumisen ja sulkeutumisen my\u00f6s suuremmassa kuormituksessa. T\u00e4m\u00e4 kaappi sopii mink\u00e4 tahansa toimiston sisustukseen ikonisen muotoilunsa ansiosta.<\/p>\n<ul>\n<li>V\u00e4ri: antrasiitti<\/li>\n<li>Materiaali: ter\u00e4s<\/li>\n<li>Mitat: 90 x 40 x 102 cm (L x S x K)<\/li>\n<li>2 s\u00e4\u00e4dett\u00e4v\u00e4\u00e4 hylly\u00e4<\/li>\n<li>Lukoilla<\/li>\n<li>2 vetolaatikkoa ja 3-osaiset kuulalaakerikiskot<\/li>\n<li>Kantavuus per hylly: 30 kg<\/li>\n<li>Kantavuus laatikkoa kohden: 25 kg<\/li>\n<li>Kokonaiskantavuus: 90 kg<\/li>\n<li>Asennus vaaditaan: kyll\u00e4<\/li>\n<li><strong>VAROITUS:<\/strong> kaatumisen est\u00e4miseksi on t\u00e4t\u00e4 tuotetta k\u00e4ytett\u00e4v\u00e4 mukana toimitetun sein\u00e4kiinnityslaitteen kanssa.<\/li>\n<\/ul>\n","protected":false},"excerpt":{"rendered":"<ul>\n<li>V\u00e4ri: antrasiitti<\/li>\n<li>Materiaali: ter\u00e4s<\/li>\n<li>Mitat: 90 x 40 x 102 cm (L x S x K)<\/li>\n<li>2 s\u00e4\u00e4dett\u00e4v\u00e4\u00e4 hylly\u00e4<\/li>\n<li>Lukoilla<\/li>\n<li>2 vetolaatikkoa ja 3-osaiset kuulalaakerikiskot<\/li>\n<li>Kantavuus per hylly: 30 kg<\/li>\n<li>Kantavuus laatikkoa kohden: 25 kg<\/li>\n<li>Kokonaiskantavuus: 90 kg<\/li>\n<li>Asennus vaaditaan: kyll\u00e4<\/li>\n<li><strong>VAROITUS:<\/strong> kaatumisen est\u00e4miseksi on t\u00e4t\u00e4 tuotetta k\u00e4ytett\u00e4v\u00e4 mukana toimitetun sein\u00e4kiinnityslaitteen kanssa.<\/li>\n<\/ul>\n","protected":false},"featured_media":100000138020,"comment_status":"closed","ping_status":"closed","template":"","meta":[],"product_brand":[],"product_cat":[84,8635],"product_tag":[],"class_list":{"0":"post-138020","1":"product","2":"type-product","3":"status-publish","4":"has-post-thumbnail","6":"product_cat-huonekalut","7":"product_cat-sailytys-lukkokaapit","9":"first","10":"instock","11":"taxable","12":"shipping-taxable","13":"purchasable","14":"product-type-simple"},"_links":{"self":[{"href":"https:\/\/www.otiumhome.fi\/index.php\/wp-json\/wp\/v2\/product\/138020","targetHints":{"allow":["GET"]}}],"collection":[{"href":"https:\/\/www.otiumhome.fi\/index.php\/wp-json\/wp\/v2\/product"}],"about":[{"href":"https:\/\/www.otiumhome.fi\/index.php\/wp-json\/wp\/v2\/types\/product"}],"replies":[{"embeddable":true,"href":"https:\/\/www.otiumhome.fi\/index.php\/wp-json\/wp\/v2\/comments?post=138020"}],"wp:featuredmedia":[{"embeddable":true,"href":"https:\/\/www.otiumhome.fi\/index.php\/wp-json\/"}],"wp:attachment":[{"href":"https:\/\/www.otiumhome.fi\/index.php\/wp-json\/wp\/v2\/media?parent=138020"}],"wp:term":[{"taxonomy":"product_brand","embeddable":true,"href":"https:\/\/www.otiumhome.fi\/index.php\/wp-json\/wp\/v2\/product_brand?post=138020"},{"taxonomy":"product_cat","embeddable":true,"href":"https:\/\/www.otiumhome.fi\/index.php\/wp-json\/wp\/v2\/product_cat?post=138020"},{"taxonomy":"product_tag","embeddable":true,"href":"https:\/\/www.otiumhome.fi\/index.php\/wp-json\/wp\/v2\/product_tag?post=138020"}],"curies":[{"name":"wp","href":"https:\/\/api.w.org\/{rel}","templated":true}]}}